{"id":309,"date":"2020-03-24T11:27:23","date_gmt":"2020-03-24T10:27:23","guid":{"rendered":"https:\/\/www.michelleschmollgruber.com\/?page_id=309"},"modified":"2025-09-22T14:34:19","modified_gmt":"2025-09-22T12:34:19","slug":"kontakt","status":"publish","type":"page","link":"https:\/\/www.michelleschmollgruber.com\/michelleschmollgruber\/kontakt\/","title":{"rendered":"Kontakt"},"content":{"rendered":"\n<div class=\"wp-block-media-text is-stacked-on-mobile is-vertically-aligned-top\" style=\"grid-template-columns:37% auto\"><figure class=\"wp-block-media-text__media\"><img loading=\"lazy\" decoding=\"async\" width=\"709\" height=\"945\" src=\"https:\/\/www.michelleschmollgruber.com\/michelleschmollgruber\/wp-content\/uploads\/2021\/07\/small_DSCF9055.jpg\" alt=\"\" class=\"wp-image-912 size-full\" srcset=\"https:\/\/www.michelleschmollgruber.com\/michelleschmollgruber\/wp-content\/uploads\/2021\/07\/small_DSCF9055.jpg 709w, https:\/\/www.michelleschmollgruber.com\/michelleschmollgruber\/wp-content\/uploads\/2021\/07\/small_DSCF9055-225x300.jpg 225w\" sizes=\"auto, (max-width: 709px) 100vw, 709px\" \/><\/figure><div class=\"wp-block-media-text__content\">\n<p>Die Fotografie und Michelle Schmollgruber haben einander schon fr\u00fch gefunden. Auch die Zuwendung zum Textilen lie\u00df nicht lange auf sich warten. So begann die seit nunmehr f\u00fcnf Jahrzehnten gewachsene \u00dcberschneidung zwischen fotografischem und textilen Arbeiten \u2013 und die Entwicklung einer Praxis, die vor allem eines braucht: Zeit.&nbsp;&nbsp;<\/p>\n\n\n\n<p>Die Zeit, die f\u00fcr die Belichtung des Sensors oder Films ben\u00f6tigt wird, ist f\u00fcr Michelle zu kurz, die Fotografie ein zu schnelles Medium. Erst in Zeitlupe werden manche Dinge sichtbar. Erst in der \u00dcbersetzung der Fotografie durch unz\u00e4hlige kn\u00fcpfende, stickende, webende filigrane Gesten \u2013 durch Hand-Arbeit \u2013 wird das Bild ganz. In einer Gesellschaft, die durch Beschleunigung versucht, an Stabilit\u00e4t zu gewinnen, ist die Entscheidung, den l\u00e4ngsten Weg zwischen zwei Punkten und dar\u00fcber hinaus zu gehen, ein mindestens widerspenstiger Akt.<\/p>\n\n\n\n<p>Sich als berufst\u00e4tige Frau, die sich mit der gesellschaftlichen Erwartungshaltung an M\u00fctter konfrontiert sah, Raum und Zeit f\u00fcr das Kn\u00fcpfen von Bildern zu schaffen \u2013 auch wenn es eine nach wie vor weiblich konnotierte T\u00e4tigkeit ist \u2013 ebenso.<\/p>\n\n\n\n<p>Angelehnt an eine Fotografie belichtet Michelle die Kn\u00fcpfleinwand mit ihren H\u00e4nden. W\u00e4hrend die Anzahl der Pixel in der \u00dcbersetzung von der Fotografie zum langsam entstehenden Wandteppich zwar abnimmt, wird durch die Volumin\u00f6sit\u00e4t der Wolle ein dreidimensionaler Raum aufgespannt, in dessen Tiefe man sich verlieren kann.<\/p>\n\n\n\n<p>\u201eWir ber\u00fchren Dinge, um uns der Realit\u00e4t zu vergewissern,\u201c schreibt Anni Albers, eine gro\u00dfe Textilk\u00fcnstlerin, der als Frau in den 1920er Jahren der Zugang zu m\u00e4nnlich dominierten Disziplinen erschwert und der Webstuhl nahegelegt wurde und daraufhin die Webkunst revolutionierte.<\/p>\n\n\n\n<p>Die Fotografie ist in Michelle Schmollgrubers Arbeiten weder Ausgangs- noch Endpunkt, aber immer ein Knotenpunkt, an dem die F\u00e4den zusammen- und wieder auseinanderlaufen. In ihren Arbeiten gibt es kein Entweder-Oder, spannend wird erst der verbindende weite Raum dazwischen. Digital und analog gehen dabei ineinander \u00fcber \u2013 In seltenen F\u00e4llen bleibt die Fotografie als zweidimensionaler Portrait-Abzug stehen, verkn\u00fcpft mit Fragen an die fotografierte Person, die in die Tiefe f\u00fchren.<\/p>\n\n\n\n<p><strong>Michelle Schmollgruber<\/strong><br>Weiherburggasse 13 . 6020 innsbruck +43 664 882 642 78<br><a aria-label=\"kontakt@michelleschmollgruber.com (\u00f6ffnet in neuem Tab)\" href=\"mailto:kontakt@michelleschmollgruber.com\" target=\"_blank\" rel=\"noreferrer noopener\">kontakt@michelleschmollgruber.com<\/a><br><\/p>\n\n\n\n<p><a href=\"https:\/\/www.michelleschmollgruber.com\">www.michelleschmollgruber.com<\/a><br><a href=\"http:\/\/malzeit.michelleschmollgruber.com\/\">www.malzeit.michelleschmollgruber.com<\/a><\/p>\n<\/div><\/div>\n\n\n\n<p><\/p>\n","protected":false},"excerpt":{"rendered":"<p>Die Fotografie und Michelle Schmollgruber haben einander schon fr\u00fch gefunden. Auch die Zuwendung zum Textilen lie\u00df nicht lange auf sich warten. So begann die seit nunmehr f\u00fcnf Jahrzehnten gewachsene \u00dcberschneidung zwischen fotografischem und textilen Arbeiten \u2013 und die Entwicklung einer Praxis, die vor allem eines braucht: Zeit.&nbsp;&nbsp; Die Zeit, die f\u00fcr die Belichtung des Sensors [&hellip;]<\/p>\n","protected":false},"author":1,"featured_media":0,"parent":0,"menu_order":0,"comment_status":"closed","ping_status":"closed","template":"","meta":{"footnotes":""},"class_list":["post-309","page","type-page","status-publish","hentry","wpbf-post"],"yoast_head":"<!-- This site is optimized with the Yoast SEO plugin v26.0 - https:\/\/yoast.com\/wordpress\/plugins\/seo\/ -->\n<title>Kontakt - michelle schmollgruber<\/title>\n<meta name=\"description\" content=\"fotografin, cut outerin, paste upperin, streetartistin, mixed medianerin\" \/>\n<meta name=\"robots\" content=\"index, follow, max-snippet:-1, max-image-preview:large, max-video-preview:-1\" \/>\n<link rel=\"canonical\" href=\"https:\/\/www.michelleschmollgruber.com\/michelleschmollgruber\/kontakt\/\" \/>\n<meta property=\"og:locale\" content=\"de_DE\" \/>\n<meta property=\"og:type\" content=\"article\" \/>\n<meta property=\"og:title\" content=\"Kontakt - michelle schmollgruber\" \/>\n<meta property=\"og:description\" content=\"fotografin, cut outerin, paste upperin, streetartistin, mixed medianerin\" \/>\n<meta property=\"og:url\" content=\"https:\/\/www.michelleschmollgruber.com\/michelleschmollgruber\/kontakt\/\" \/>\n<meta property=\"og:site_name\" content=\"michelle schmollgruber\" \/>\n<meta property=\"article:publisher\" content=\"https:\/\/www.facebook.com\/michelle.schmollgruber.92\/\" \/>\n<meta property=\"article:modified_time\" content=\"2025-09-22T12:34:19+00:00\" \/>\n<meta property=\"og:image\" content=\"https:\/\/www.michelleschmollgruber.com\/michelleschmollgruber\/wp-content\/uploads\/2021\/07\/small_DSCF9055.jpg\" \/>\n\t<meta property=\"og:image:width\" content=\"709\" \/>\n\t<meta property=\"og:image:height\" content=\"945\" \/>\n\t<meta property=\"og:image:type\" content=\"image\/jpeg\" \/>\n<meta name=\"twitter:card\" content=\"summary_large_image\" \/>\n<meta name=\"twitter:label1\" content=\"Gesch\u00e4tzte Lesezeit\" \/>\n\t<meta name=\"twitter:data1\" content=\"3\u00a0Minuten\" \/>\n<script type=\"application\/ld+json\" class=\"yoast-schema-graph\">{\"@context\":\"https:\/\/schema.org\",\"@graph\":[{\"@type\":\"WebPage\",\"@id\":\"https:\/\/www.michelleschmollgruber.com\/michelleschmollgruber\/kontakt\/\",\"url\":\"https:\/\/www.michelleschmollgruber.com\/michelleschmollgruber\/kontakt\/\",\"name\":\"Kontakt - michelle schmollgruber\",\"isPartOf\":{\"@id\":\"https:\/\/www.michelleschmollgruber.com\/michelleschmollgruber\/#website\"},\"primaryImageOfPage\":{\"@id\":\"https:\/\/www.michelleschmollgruber.com\/michelleschmollgruber\/kontakt\/#primaryimage\"},\"image\":{\"@id\":\"https:\/\/www.michelleschmollgruber.com\/michelleschmollgruber\/kontakt\/#primaryimage\"},\"thumbnailUrl\":\"https:\/\/www.michelleschmollgruber.com\/michelleschmollgruber\/wp-content\/uploads\/2021\/07\/small_DSCF9055.jpg\",\"datePublished\":\"2020-03-24T10:27:23+00:00\",\"dateModified\":\"2025-09-22T12:34:19+00:00\",\"description\":\"fotografin, cut outerin, paste upperin, streetartistin, mixed medianerin\",\"breadcrumb\":{\"@id\":\"https:\/\/www.michelleschmollgruber.com\/michelleschmollgruber\/kontakt\/#breadcrumb\"},\"inLanguage\":\"de\",\"potentialAction\":[{\"@type\":\"ReadAction\",\"target\":[\"https:\/\/www.michelleschmollgruber.com\/michelleschmollgruber\/kontakt\/\"]}]},{\"@type\":\"ImageObject\",\"inLanguage\":\"de\",\"@id\":\"https:\/\/www.michelleschmollgruber.com\/michelleschmollgruber\/kontakt\/#primaryimage\",\"url\":\"https:\/\/www.michelleschmollgruber.com\/michelleschmollgruber\/wp-content\/uploads\/2021\/07\/small_DSCF9055.jpg\",\"contentUrl\":\"https:\/\/www.michelleschmollgruber.com\/michelleschmollgruber\/wp-content\/uploads\/2021\/07\/small_DSCF9055.jpg\",\"width\":709,\"height\":945},{\"@type\":\"BreadcrumbList\",\"@id\":\"https:\/\/www.michelleschmollgruber.com\/michelleschmollgruber\/kontakt\/#breadcrumb\",\"itemListElement\":[{\"@type\":\"ListItem\",\"position\":1,\"name\":\"Startseite\",\"item\":\"https:\/\/www.michelleschmollgruber.com\/michelleschmollgruber\/\"},{\"@type\":\"ListItem\",\"position\":2,\"name\":\"Kontakt\"}]},{\"@type\":\"WebSite\",\"@id\":\"https:\/\/www.michelleschmollgruber.com\/michelleschmollgruber\/#website\",\"url\":\"https:\/\/www.michelleschmollgruber.com\/michelleschmollgruber\/\",\"name\":\"michelle schmollgruber\",\"description\":\"Photographie\",\"publisher\":{\"@id\":\"https:\/\/www.michelleschmollgruber.com\/michelleschmollgruber\/#\/schema\/person\/1d0eff88f6c3b279c86e2099592597f5\"},\"potentialAction\":[{\"@type\":\"SearchAction\",\"target\":{\"@type\":\"EntryPoint\",\"urlTemplate\":\"https:\/\/www.michelleschmollgruber.com\/michelleschmollgruber\/?s={search_term_string}\"},\"query-input\":{\"@type\":\"PropertyValueSpecification\",\"valueRequired\":true,\"valueName\":\"search_term_string\"}}],\"inLanguage\":\"de\"},{\"@type\":[\"Person\",\"Organization\"],\"@id\":\"https:\/\/www.michelleschmollgruber.com\/michelleschmollgruber\/#\/schema\/person\/1d0eff88f6c3b279c86e2099592597f5\",\"name\":\"michelle schmollgruber\",\"logo\":{\"@id\":\"https:\/\/www.michelleschmollgruber.com\/michelleschmollgruber\/#\/schema\/person\/image\/\"},\"description\":\"Ich lebe und arbeite in Innsbruck. Setze mich seit fr\u00fchester Jugend mit Fotografie auseinander - gepr\u00e4gt von kritischer Auseinandersetzung mit privater und \u00f6ffentlicher Sph\u00e4re - Die Dekonstruktion von K\u00f6rpern oder anderen Strukturen dient der Erneuerung. Ich ver\u00e4ndere so Identit\u00e4t und Geschichte. ich zerlege - in Einzelteile, seziere - liebevoll, schlie\u00dfe aus dem Umfeld aus, nehme aus dem Zusammenhang - ich suche die Gemeinsamkeit - verbaue Teile zu neuen Durchl\u00e4ssigkeiten. Ich nehme und lasse zur\u00fcck, was mir unbrauchbar ist. Geboren 1967 in \u00d6sterreich.\",\"sameAs\":[\"http:\/\/www.michelleschmollgruber.com\",\"https:\/\/www.facebook.com\/michelle.schmollgruber.92\/\",\"https:\/\/www.instagram.com\/michelleschmollgruber\/\"]}]}<\/script>\n<!-- \/ Yoast SEO plugin. -->","yoast_head_json":{"title":"Kontakt - michelle schmollgruber","description":"fotografin, cut outerin, paste upperin, streetartistin, mixed medianerin","robots":{"index":"index","follow":"follow","max-snippet":"max-snippet:-1","max-image-preview":"max-image-preview:large","max-video-preview":"max-video-preview:-1"},"canonical":"https:\/\/www.michelleschmollgruber.com\/michelleschmollgruber\/kontakt\/","og_locale":"de_DE","og_type":"article","og_title":"Kontakt - michelle schmollgruber","og_description":"fotografin, cut outerin, paste upperin, streetartistin, mixed medianerin","og_url":"https:\/\/www.michelleschmollgruber.com\/michelleschmollgruber\/kontakt\/","og_site_name":"michelle schmollgruber","article_publisher":"https:\/\/www.facebook.com\/michelle.schmollgruber.92\/","article_modified_time":"2025-09-22T12:34:19+00:00","og_image":[{"width":709,"height":945,"url":"https:\/\/www.michelleschmollgruber.com\/michelleschmollgruber\/wp-content\/uploads\/2021\/07\/small_DSCF9055.jpg","type":"image\/jpeg"}],"twitter_card":"summary_large_image","twitter_misc":{"Gesch\u00e4tzte Lesezeit":"3\u00a0Minuten"},"schema":{"@context":"https:\/\/schema.org","@graph":[{"@type":"WebPage","@id":"https:\/\/www.michelleschmollgruber.com\/michelleschmollgruber\/kontakt\/","url":"https:\/\/www.michelleschmollgruber.com\/michelleschmollgruber\/kontakt\/","name":"Kontakt - michelle schmollgruber","isPartOf":{"@id":"https:\/\/www.michelleschmollgruber.com\/michelleschmollgruber\/#website"},"primaryImageOfPage":{"@id":"https:\/\/www.michelleschmollgruber.com\/michelleschmollgruber\/kontakt\/#primaryimage"},"image":{"@id":"https:\/\/www.michelleschmollgruber.com\/michelleschmollgruber\/kontakt\/#primaryimage"},"thumbnailUrl":"https:\/\/www.michelleschmollgruber.com\/michelleschmollgruber\/wp-content\/uploads\/2021\/07\/small_DSCF9055.jpg","datePublished":"2020-03-24T10:27:23+00:00","dateModified":"2025-09-22T12:34:19+00:00","description":"fotografin, cut outerin, paste upperin, streetartistin, mixed medianerin","breadcrumb":{"@id":"https:\/\/www.michelleschmollgruber.com\/michelleschmollgruber\/kontakt\/#breadcrumb"},"inLanguage":"de","potentialAction":[{"@type":"ReadAction","target":["https:\/\/www.michelleschmollgruber.com\/michelleschmollgruber\/kontakt\/"]}]},{"@type":"ImageObject","inLanguage":"de","@id":"https:\/\/www.michelleschmollgruber.com\/michelleschmollgruber\/kontakt\/#primaryimage","url":"https:\/\/www.michelleschmollgruber.com\/michelleschmollgruber\/wp-content\/uploads\/2021\/07\/small_DSCF9055.jpg","contentUrl":"https:\/\/www.michelleschmollgruber.com\/michelleschmollgruber\/wp-content\/uploads\/2021\/07\/small_DSCF9055.jpg","width":709,"height":945},{"@type":"BreadcrumbList","@id":"https:\/\/www.michelleschmollgruber.com\/michelleschmollgruber\/kontakt\/#breadcrumb","itemListElement":[{"@type":"ListItem","position":1,"name":"Startseite","item":"https:\/\/www.michelleschmollgruber.com\/michelleschmollgruber\/"},{"@type":"ListItem","position":2,"name":"Kontakt"}]},{"@type":"WebSite","@id":"https:\/\/www.michelleschmollgruber.com\/michelleschmollgruber\/#website","url":"https:\/\/www.michelleschmollgruber.com\/michelleschmollgruber\/","name":"michelle schmollgruber","description":"Photographie","publisher":{"@id":"https:\/\/www.michelleschmollgruber.com\/michelleschmollgruber\/#\/schema\/person\/1d0eff88f6c3b279c86e2099592597f5"},"potentialAction":[{"@type":"SearchAction","target":{"@type":"EntryPoint","urlTemplate":"https:\/\/www.michelleschmollgruber.com\/michelleschmollgruber\/?s={search_term_string}"},"query-input":{"@type":"PropertyValueSpecification","valueRequired":true,"valueName":"search_term_string"}}],"inLanguage":"de"},{"@type":["Person","Organization"],"@id":"https:\/\/www.michelleschmollgruber.com\/michelleschmollgruber\/#\/schema\/person\/1d0eff88f6c3b279c86e2099592597f5","name":"michelle schmollgruber","logo":{"@id":"https:\/\/www.michelleschmollgruber.com\/michelleschmollgruber\/#\/schema\/person\/image\/"},"description":"Ich lebe und arbeite in Innsbruck. Setze mich seit fr\u00fchester Jugend mit Fotografie auseinander - gepr\u00e4gt von kritischer Auseinandersetzung mit privater und \u00f6ffentlicher Sph\u00e4re - Die Dekonstruktion von K\u00f6rpern oder anderen Strukturen dient der Erneuerung. Ich ver\u00e4ndere so Identit\u00e4t und Geschichte. ich zerlege - in Einzelteile, seziere - liebevoll, schlie\u00dfe aus dem Umfeld aus, nehme aus dem Zusammenhang - ich suche die Gemeinsamkeit - verbaue Teile zu neuen Durchl\u00e4ssigkeiten. Ich nehme und lasse zur\u00fcck, was mir unbrauchbar ist. Geboren 1967 in \u00d6sterreich.","sameAs":["http:\/\/www.michelleschmollgruber.com","https:\/\/www.facebook.com\/michelle.schmollgruber.92\/","https:\/\/www.instagram.com\/michelleschmollgruber\/"]}]}},"_links":{"self":[{"href":"https:\/\/www.michelleschmollgruber.com\/michelleschmollgruber\/wp-json\/wp\/v2\/pages\/309","targetHints":{"allow":["GET"]}}],"collection":[{"href":"https:\/\/www.michelleschmollgruber.com\/michelleschmollgruber\/wp-json\/wp\/v2\/pages"}],"about":[{"href":"https:\/\/www.michelleschmollgruber.com\/michelleschmollgruber\/wp-json\/wp\/v2\/types\/page"}],"author":[{"embeddable":true,"href":"https:\/\/www.michelleschmollgruber.com\/michelleschmollgruber\/wp-json\/wp\/v2\/users\/1"}],"replies":[{"embeddable":true,"href":"https:\/\/www.michelleschmollgruber.com\/michelleschmollgruber\/wp-json\/wp\/v2\/comments?post=309"}],"version-history":[{"count":23,"href":"https:\/\/www.michelleschmollgruber.com\/michelleschmollgruber\/wp-json\/wp\/v2\/pages\/309\/revisions"}],"predecessor-version":[{"id":1446,"href":"https:\/\/www.michelleschmollgruber.com\/michelleschmollgruber\/wp-json\/wp\/v2\/pages\/309\/revisions\/1446"}],"wp:attachment":[{"href":"https:\/\/www.michelleschmollgruber.com\/michelleschmollgruber\/wp-json\/wp\/v2\/media?parent=309"}],"curies":[{"name":"wp","href":"https:\/\/api.w.org\/{rel}","templated":true}]}}