{"id":1774,"date":"2025-09-26T13:53:15","date_gmt":"2025-09-26T11:53:15","guid":{"rendered":"https:\/\/www.michelleschmollgruber.com\/michelleschmollgruber\/?page_id=1774"},"modified":"2025-09-26T14:28:02","modified_gmt":"2025-09-26T12:28:02","slug":"komplizenschaft-in-der-tiefe-der-zeit-gelb","status":"publish","type":"page","link":"https:\/\/www.michelleschmollgruber.com\/michelleschmollgruber\/komplizenschaft-in-der-tiefe-der-zeit-gelb\/","title":{"rendered":"Komplizen*schaft &#8211; In der Tiefe der Zeit &#8211; Gelb"},"content":{"rendered":"\n<figure class=\"wp-block-gallery has-nested-images columns-default is-cropped wp-block-gallery-1 is-layout-flex wp-block-gallery-is-layout-flex\">\n<figure class=\"wp-block-image size-large\"><img loading=\"lazy\" decoding=\"async\" width=\"1300\" height=\"597\" data-id=\"1535\" src=\"https:\/\/www.michelleschmollgruber.com\/michelleschmollgruber\/wp-content\/uploads\/2025\/06\/IndertiefederzeitGelb-1300x597.jpg\" alt=\"\" class=\"wp-image-1535\" srcset=\"https:\/\/www.michelleschmollgruber.com\/michelleschmollgruber\/wp-content\/uploads\/2025\/06\/IndertiefederzeitGelb-1300x597.jpg 1300w, https:\/\/www.michelleschmollgruber.com\/michelleschmollgruber\/wp-content\/uploads\/2025\/06\/IndertiefederzeitGelb-300x138.jpg 300w, https:\/\/www.michelleschmollgruber.com\/michelleschmollgruber\/wp-content\/uploads\/2025\/06\/IndertiefederzeitGelb-768x353.jpg 768w, https:\/\/www.michelleschmollgruber.com\/michelleschmollgruber\/wp-content\/uploads\/2025\/06\/IndertiefederzeitGelb-1536x705.jpg 1536w, https:\/\/www.michelleschmollgruber.com\/michelleschmollgruber\/wp-content\/uploads\/2025\/06\/IndertiefederzeitGelb-2048x940.jpg 2048w\" sizes=\"auto, (max-width: 1300px) 100vw, 1300px\" \/><\/figure>\n<\/figure>\n\n\n\n<p>In der Tiefe der Zeit &#8211; Gelb<br>Der fotografisch festgehaltene Ausschnitt eines Leintuchs zeigt eine Druckstelle, die zugleich eine hinterlassene Leerstelle ist \u2026<br><br><a href=\"https:\/\/www.komplizenschaft.at\" target=\"_blank\" rel=\"noreferrer noopener\">KOMPLIZEN<\/a><a href=\"https:\/\/www.komplizenschaft.at\">*SCHAFT<\/a> hei\u00dft Mitt\u00e4terschaft: Man hat eine Idee, schmiedet einen Plan und setzt diesen gemeinsam um. \u00bb <em>Gesa Ziemer<\/em><br>Toni-Knapp-Haus, Schwaz 18.06.2025 \u2013 19.07.2025<br><br>Gerg\u00f6 Bankuti, Stef Belleu, Ina Hsu, Group Mat\u00df, Ursula Groser, Susanne Liner, Milena Meller, Bangruber Schell\u00f6, Nora Sch\u00f6pfer, Michelle Schmollgruber, Albin Schutting, Elisabeth Schutting, Juri Veit<\/p>\n\n\n\n<p>Der Titel der Arbeit fungiert als Gedicht, das einen zeitgen\u00f6ssischen Kommentar zu Arbeit und Zeit liefert. In einer neoliberalen \u00c4ra, in der sich alles beschleunigt, um die Produktivit\u00e4t zu optimieren, ist die R\u00fcckkehr zu traditionellen, sehr langsamen Produktionsmethoden f\u00fcr Schmollgruber eine Form des Kampfes um die Wiederaneignung der Zeit.<\/p>\n\n\n\n<p>Michelle Schmollgruber schafft aus Wolle, Zwirn oder auch Haar gekn\u00fcpfte textile Bilder\/Objekte, die sich mit Institutionskritik, dem Platz von K\u00fcnstler*innen im Kunstkanon, aber auch mit der Frage der Zeit auseinandersetzen. Die Serie von abstrakten Textilbildern tr\u00e4gt den Titel &#8222;In der Tiefe der Zeit liegen die Antworten auf die Fragen, die in der Tiefe liegen&#8220; (2021-2024), was f\u00fcr die Lekt\u00fcre des Werks eine performative Funktion hat. \u2026 \u00a9 Kn\u00fcpfwerk aus Wolle, Garn und Haar 45x45cm, Foto 13x18cm<\/p>\n\n\n\n<p><\/p>\n\n\n\n<p><\/p>\n\n\n\n<p><\/p>\n\n\n\n<p><\/p>\n\n\n\n<p><\/p>\n\n\n\n<p><\/p>\n\n\n\n<p><\/p>\n","protected":false},"excerpt":{"rendered":"<p>In der Tiefe der Zeit &#8211; GelbDer fotografisch festgehaltene Ausschnitt eines Leintuchs zeigt eine Druckstelle, die zugleich eine hinterlassene Leerstelle ist \u2026 KOMPLIZEN*SCHAFT hei\u00dft Mitt\u00e4terschaft: Man hat eine Idee, schmiedet einen Plan und setzt diesen gemeinsam um. \u00bb Gesa ZiemerToni-Knapp-Haus, Schwaz 18.06.2025 \u2013 19.07.2025 Gerg\u00f6 Bankuti, Stef Belleu, Ina Hsu, Group Mat\u00df, Ursula Groser, Susanne [&hellip;]<\/p>\n","protected":false},"author":1,"featured_media":0,"parent":0,"menu_order":0,"comment_status":"closed","ping_status":"closed","template":"","meta":{"footnotes":""},"class_list":["post-1774","page","type-page","status-publish","hentry","wpbf-post"],"yoast_head":"<!-- This site is optimized with the Yoast SEO plugin v26.0 - https:\/\/yoast.com\/wordpress\/plugins\/seo\/ -->\n<title>Komplizen*schaft - In der Tiefe der Zeit - Gelb - michelle schmollgruber<\/title>\n<meta name=\"description\" content=\"Ich und die Anderen ... Gemeinsamkeiten, Biografiearbeit\" \/>\n<meta name=\"robots\" content=\"index, follow, max-snippet:-1, max-image-preview:large, max-video-preview:-1\" \/>\n<link rel=\"canonical\" href=\"https:\/\/www.michelleschmollgruber.com\/michelleschmollgruber\/komplizenschaft-in-der-tiefe-der-zeit-gelb\/\" \/>\n<meta property=\"og:locale\" content=\"de_DE\" \/>\n<meta property=\"og:type\" content=\"article\" \/>\n<meta property=\"og:title\" content=\"Komplizen*schaft - In der Tiefe der Zeit - Gelb - michelle schmollgruber\" \/>\n<meta property=\"og:description\" content=\"Ich und die Anderen ... Gemeinsamkeiten, Biografiearbeit\" \/>\n<meta property=\"og:url\" content=\"https:\/\/www.michelleschmollgruber.com\/michelleschmollgruber\/komplizenschaft-in-der-tiefe-der-zeit-gelb\/\" \/>\n<meta property=\"og:site_name\" content=\"michelle schmollgruber\" \/>\n<meta property=\"article:publisher\" content=\"https:\/\/www.facebook.com\/michelle.schmollgruber.92\/\" \/>\n<meta property=\"article:modified_time\" content=\"2025-09-26T12:28:02+00:00\" \/>\n<meta property=\"og:image\" content=\"https:\/\/www.michelleschmollgruber.com\/michelleschmollgruber\/wp-content\/uploads\/2025\/06\/IndertiefederzeitGelb.jpg\" \/>\n\t<meta property=\"og:image:width\" content=\"2200\" \/>\n\t<meta property=\"og:image:height\" content=\"1010\" \/>\n\t<meta property=\"og:image:type\" content=\"image\/jpeg\" \/>\n<meta name=\"twitter:card\" content=\"summary_large_image\" \/>\n<meta name=\"twitter:label1\" content=\"Gesch\u00e4tzte Lesezeit\" \/>\n\t<meta name=\"twitter:data1\" content=\"2\u00a0Minuten\" \/>\n<script type=\"application\/ld+json\" class=\"yoast-schema-graph\">{\"@context\":\"https:\/\/schema.org\",\"@graph\":[{\"@type\":\"WebPage\",\"@id\":\"https:\/\/www.michelleschmollgruber.com\/michelleschmollgruber\/komplizenschaft-in-der-tiefe-der-zeit-gelb\/\",\"url\":\"https:\/\/www.michelleschmollgruber.com\/michelleschmollgruber\/komplizenschaft-in-der-tiefe-der-zeit-gelb\/\",\"name\":\"Komplizen*schaft - In der Tiefe der Zeit - Gelb - michelle schmollgruber\",\"isPartOf\":{\"@id\":\"https:\/\/www.michelleschmollgruber.com\/michelleschmollgruber\/#website\"},\"primaryImageOfPage\":{\"@id\":\"https:\/\/www.michelleschmollgruber.com\/michelleschmollgruber\/komplizenschaft-in-der-tiefe-der-zeit-gelb\/#primaryimage\"},\"image\":{\"@id\":\"https:\/\/www.michelleschmollgruber.com\/michelleschmollgruber\/komplizenschaft-in-der-tiefe-der-zeit-gelb\/#primaryimage\"},\"thumbnailUrl\":\"https:\/\/www.michelleschmollgruber.com\/michelleschmollgruber\/wp-content\/uploads\/2025\/06\/IndertiefederzeitGelb-1300x597.jpg\",\"datePublished\":\"2025-09-26T11:53:15+00:00\",\"dateModified\":\"2025-09-26T12:28:02+00:00\",\"description\":\"Ich und die Anderen ... Gemeinsamkeiten, Biografiearbeit\",\"breadcrumb\":{\"@id\":\"https:\/\/www.michelleschmollgruber.com\/michelleschmollgruber\/komplizenschaft-in-der-tiefe-der-zeit-gelb\/#breadcrumb\"},\"inLanguage\":\"de\",\"potentialAction\":[{\"@type\":\"ReadAction\",\"target\":[\"https:\/\/www.michelleschmollgruber.com\/michelleschmollgruber\/komplizenschaft-in-der-tiefe-der-zeit-gelb\/\"]}]},{\"@type\":\"ImageObject\",\"inLanguage\":\"de\",\"@id\":\"https:\/\/www.michelleschmollgruber.com\/michelleschmollgruber\/komplizenschaft-in-der-tiefe-der-zeit-gelb\/#primaryimage\",\"url\":\"https:\/\/www.michelleschmollgruber.com\/michelleschmollgruber\/wp-content\/uploads\/2025\/06\/IndertiefederzeitGelb.jpg\",\"contentUrl\":\"https:\/\/www.michelleschmollgruber.com\/michelleschmollgruber\/wp-content\/uploads\/2025\/06\/IndertiefederzeitGelb.jpg\",\"width\":2200,\"height\":1010,\"caption\":\"In der Tiefe der Zeit - Gelb\"},{\"@type\":\"BreadcrumbList\",\"@id\":\"https:\/\/www.michelleschmollgruber.com\/michelleschmollgruber\/komplizenschaft-in-der-tiefe-der-zeit-gelb\/#breadcrumb\",\"itemListElement\":[{\"@type\":\"ListItem\",\"position\":1,\"name\":\"Startseite\",\"item\":\"https:\/\/www.michelleschmollgruber.com\/michelleschmollgruber\/\"},{\"@type\":\"ListItem\",\"position\":2,\"name\":\"Komplizen*schaft &#8211; In der Tiefe der Zeit &#8211; Gelb\"}]},{\"@type\":\"WebSite\",\"@id\":\"https:\/\/www.michelleschmollgruber.com\/michelleschmollgruber\/#website\",\"url\":\"https:\/\/www.michelleschmollgruber.com\/michelleschmollgruber\/\",\"name\":\"michelle schmollgruber\",\"description\":\"Photographie\",\"publisher\":{\"@id\":\"https:\/\/www.michelleschmollgruber.com\/michelleschmollgruber\/#\/schema\/person\/1d0eff88f6c3b279c86e2099592597f5\"},\"potentialAction\":[{\"@type\":\"SearchAction\",\"target\":{\"@type\":\"EntryPoint\",\"urlTemplate\":\"https:\/\/www.michelleschmollgruber.com\/michelleschmollgruber\/?s={search_term_string}\"},\"query-input\":{\"@type\":\"PropertyValueSpecification\",\"valueRequired\":true,\"valueName\":\"search_term_string\"}}],\"inLanguage\":\"de\"},{\"@type\":[\"Person\",\"Organization\"],\"@id\":\"https:\/\/www.michelleschmollgruber.com\/michelleschmollgruber\/#\/schema\/person\/1d0eff88f6c3b279c86e2099592597f5\",\"name\":\"michelle schmollgruber\",\"logo\":{\"@id\":\"https:\/\/www.michelleschmollgruber.com\/michelleschmollgruber\/#\/schema\/person\/image\/\"},\"description\":\"Ich lebe und arbeite in Innsbruck. Setze mich seit fr\u00fchester Jugend mit Fotografie auseinander - gepr\u00e4gt von kritischer Auseinandersetzung mit privater und \u00f6ffentlicher Sph\u00e4re - Die Dekonstruktion von K\u00f6rpern oder anderen Strukturen dient der Erneuerung. Ich ver\u00e4ndere so Identit\u00e4t und Geschichte. ich zerlege - in Einzelteile, seziere - liebevoll, schlie\u00dfe aus dem Umfeld aus, nehme aus dem Zusammenhang - ich suche die Gemeinsamkeit - verbaue Teile zu neuen Durchl\u00e4ssigkeiten. Ich nehme und lasse zur\u00fcck, was mir unbrauchbar ist. Geboren 1967 in \u00d6sterreich.\",\"sameAs\":[\"http:\/\/www.michelleschmollgruber.com\",\"https:\/\/www.facebook.com\/michelle.schmollgruber.92\/\",\"https:\/\/www.instagram.com\/michelleschmollgruber\/\"]}]}<\/script>\n<!-- \/ Yoast SEO plugin. -->","yoast_head_json":{"title":"Komplizen*schaft - In der Tiefe der Zeit - Gelb - michelle schmollgruber","description":"Ich und die Anderen ... Gemeinsamkeiten, Biografiearbeit","robots":{"index":"index","follow":"follow","max-snippet":"max-snippet:-1","max-image-preview":"max-image-preview:large","max-video-preview":"max-video-preview:-1"},"canonical":"https:\/\/www.michelleschmollgruber.com\/michelleschmollgruber\/komplizenschaft-in-der-tiefe-der-zeit-gelb\/","og_locale":"de_DE","og_type":"article","og_title":"Komplizen*schaft - In der Tiefe der Zeit - Gelb - michelle schmollgruber","og_description":"Ich und die Anderen ... Gemeinsamkeiten, Biografiearbeit","og_url":"https:\/\/www.michelleschmollgruber.com\/michelleschmollgruber\/komplizenschaft-in-der-tiefe-der-zeit-gelb\/","og_site_name":"michelle schmollgruber","article_publisher":"https:\/\/www.facebook.com\/michelle.schmollgruber.92\/","article_modified_time":"2025-09-26T12:28:02+00:00","og_image":[{"width":2200,"height":1010,"url":"https:\/\/www.michelleschmollgruber.com\/michelleschmollgruber\/wp-content\/uploads\/2025\/06\/IndertiefederzeitGelb.jpg","type":"image\/jpeg"}],"twitter_card":"summary_large_image","twitter_misc":{"Gesch\u00e4tzte Lesezeit":"2\u00a0Minuten"},"schema":{"@context":"https:\/\/schema.org","@graph":[{"@type":"WebPage","@id":"https:\/\/www.michelleschmollgruber.com\/michelleschmollgruber\/komplizenschaft-in-der-tiefe-der-zeit-gelb\/","url":"https:\/\/www.michelleschmollgruber.com\/michelleschmollgruber\/komplizenschaft-in-der-tiefe-der-zeit-gelb\/","name":"Komplizen*schaft - In der Tiefe der Zeit - Gelb - michelle schmollgruber","isPartOf":{"@id":"https:\/\/www.michelleschmollgruber.com\/michelleschmollgruber\/#website"},"primaryImageOfPage":{"@id":"https:\/\/www.michelleschmollgruber.com\/michelleschmollgruber\/komplizenschaft-in-der-tiefe-der-zeit-gelb\/#primaryimage"},"image":{"@id":"https:\/\/www.michelleschmollgruber.com\/michelleschmollgruber\/komplizenschaft-in-der-tiefe-der-zeit-gelb\/#primaryimage"},"thumbnailUrl":"https:\/\/www.michelleschmollgruber.com\/michelleschmollgruber\/wp-content\/uploads\/2025\/06\/IndertiefederzeitGelb-1300x597.jpg","datePublished":"2025-09-26T11:53:15+00:00","dateModified":"2025-09-26T12:28:02+00:00","description":"Ich und die Anderen ... Gemeinsamkeiten, Biografiearbeit","breadcrumb":{"@id":"https:\/\/www.michelleschmollgruber.com\/michelleschmollgruber\/komplizenschaft-in-der-tiefe-der-zeit-gelb\/#breadcrumb"},"inLanguage":"de","potentialAction":[{"@type":"ReadAction","target":["https:\/\/www.michelleschmollgruber.com\/michelleschmollgruber\/komplizenschaft-in-der-tiefe-der-zeit-gelb\/"]}]},{"@type":"ImageObject","inLanguage":"de","@id":"https:\/\/www.michelleschmollgruber.com\/michelleschmollgruber\/komplizenschaft-in-der-tiefe-der-zeit-gelb\/#primaryimage","url":"https:\/\/www.michelleschmollgruber.com\/michelleschmollgruber\/wp-content\/uploads\/2025\/06\/IndertiefederzeitGelb.jpg","contentUrl":"https:\/\/www.michelleschmollgruber.com\/michelleschmollgruber\/wp-content\/uploads\/2025\/06\/IndertiefederzeitGelb.jpg","width":2200,"height":1010,"caption":"In der Tiefe der Zeit - Gelb"},{"@type":"BreadcrumbList","@id":"https:\/\/www.michelleschmollgruber.com\/michelleschmollgruber\/komplizenschaft-in-der-tiefe-der-zeit-gelb\/#breadcrumb","itemListElement":[{"@type":"ListItem","position":1,"name":"Startseite","item":"https:\/\/www.michelleschmollgruber.com\/michelleschmollgruber\/"},{"@type":"ListItem","position":2,"name":"Komplizen*schaft &#8211; In der Tiefe der Zeit &#8211; Gelb"}]},{"@type":"WebSite","@id":"https:\/\/www.michelleschmollgruber.com\/michelleschmollgruber\/#website","url":"https:\/\/www.michelleschmollgruber.com\/michelleschmollgruber\/","name":"michelle schmollgruber","description":"Photographie","publisher":{"@id":"https:\/\/www.michelleschmollgruber.com\/michelleschmollgruber\/#\/schema\/person\/1d0eff88f6c3b279c86e2099592597f5"},"potentialAction":[{"@type":"SearchAction","target":{"@type":"EntryPoint","urlTemplate":"https:\/\/www.michelleschmollgruber.com\/michelleschmollgruber\/?s={search_term_string}"},"query-input":{"@type":"PropertyValueSpecification","valueRequired":true,"valueName":"search_term_string"}}],"inLanguage":"de"},{"@type":["Person","Organization"],"@id":"https:\/\/www.michelleschmollgruber.com\/michelleschmollgruber\/#\/schema\/person\/1d0eff88f6c3b279c86e2099592597f5","name":"michelle schmollgruber","logo":{"@id":"https:\/\/www.michelleschmollgruber.com\/michelleschmollgruber\/#\/schema\/person\/image\/"},"description":"Ich lebe und arbeite in Innsbruck. Setze mich seit fr\u00fchester Jugend mit Fotografie auseinander - gepr\u00e4gt von kritischer Auseinandersetzung mit privater und \u00f6ffentlicher Sph\u00e4re - Die Dekonstruktion von K\u00f6rpern oder anderen Strukturen dient der Erneuerung. Ich ver\u00e4ndere so Identit\u00e4t und Geschichte. ich zerlege - in Einzelteile, seziere - liebevoll, schlie\u00dfe aus dem Umfeld aus, nehme aus dem Zusammenhang - ich suche die Gemeinsamkeit - verbaue Teile zu neuen Durchl\u00e4ssigkeiten. Ich nehme und lasse zur\u00fcck, was mir unbrauchbar ist. Geboren 1967 in \u00d6sterreich.","sameAs":["http:\/\/www.michelleschmollgruber.com","https:\/\/www.facebook.com\/michelle.schmollgruber.92\/","https:\/\/www.instagram.com\/michelleschmollgruber\/"]}]}},"_links":{"self":[{"href":"https:\/\/www.michelleschmollgruber.com\/michelleschmollgruber\/wp-json\/wp\/v2\/pages\/1774","targetHints":{"allow":["GET"]}}],"collection":[{"href":"https:\/\/www.michelleschmollgruber.com\/michelleschmollgruber\/wp-json\/wp\/v2\/pages"}],"about":[{"href":"https:\/\/www.michelleschmollgruber.com\/michelleschmollgruber\/wp-json\/wp\/v2\/types\/page"}],"author":[{"embeddable":true,"href":"https:\/\/www.michelleschmollgruber.com\/michelleschmollgruber\/wp-json\/wp\/v2\/users\/1"}],"replies":[{"embeddable":true,"href":"https:\/\/www.michelleschmollgruber.com\/michelleschmollgruber\/wp-json\/wp\/v2\/comments?post=1774"}],"version-history":[{"count":17,"href":"https:\/\/www.michelleschmollgruber.com\/michelleschmollgruber\/wp-json\/wp\/v2\/pages\/1774\/revisions"}],"predecessor-version":[{"id":1800,"href":"https:\/\/www.michelleschmollgruber.com\/michelleschmollgruber\/wp-json\/wp\/v2\/pages\/1774\/revisions\/1800"}],"wp:attachment":[{"href":"https:\/\/www.michelleschmollgruber.com\/michelleschmollgruber\/wp-json\/wp\/v2\/media?parent=1774"}],"curies":[{"name":"wp","href":"https:\/\/api.w.org\/{rel}","templated":true}]}}