{"id":1758,"date":"2025-09-24T15:19:53","date_gmt":"2025-09-24T13:19:53","guid":{"rendered":"https:\/\/www.michelleschmollgruber.com\/michelleschmollgruber\/?page_id=1758"},"modified":"2025-09-24T15:20:56","modified_gmt":"2025-09-24T13:20:56","slug":"wir-mittendrin","status":"publish","type":"page","link":"https:\/\/www.michelleschmollgruber.com\/michelleschmollgruber\/wir-mittendrin\/","title":{"rendered":"Wir, mittendrin &#8230;"},"content":{"rendered":"\n<figure class=\"wp-block-gallery has-nested-images columns-default is-cropped wp-block-gallery-2 is-layout-flex wp-block-gallery-is-layout-flex\">\n<figure class=\"wp-block-image size-large\"><img loading=\"lazy\" decoding=\"async\" width=\"768\" height=\"1024\" data-id=\"1748\" src=\"https:\/\/www.michelleschmollgruber.com\/michelleschmollgruber\/wp-content\/uploads\/2025\/09\/IMG_0703-768x1024.jpg\" alt=\"\" class=\"wp-image-1748\" srcset=\"https:\/\/www.michelleschmollgruber.com\/michelleschmollgruber\/wp-content\/uploads\/2025\/09\/IMG_0703-768x1024.jpg 768w, https:\/\/www.michelleschmollgruber.com\/michelleschmollgruber\/wp-content\/uploads\/2025\/09\/IMG_0703-225x300.jpg 225w, https:\/\/www.michelleschmollgruber.com\/michelleschmollgruber\/wp-content\/uploads\/2025\/09\/IMG_0703-1152x1536.jpg 1152w, https:\/\/www.michelleschmollgruber.com\/michelleschmollgruber\/wp-content\/uploads\/2025\/09\/IMG_0703-1536x2048.jpg 1536w, https:\/\/www.michelleschmollgruber.com\/michelleschmollgruber\/wp-content\/uploads\/2025\/09\/IMG_0703-scaled.jpg 1920w\" sizes=\"auto, (max-width: 768px) 100vw, 768px\" \/><\/figure>\n\n\n\n<figure class=\"wp-block-image size-large\"><img loading=\"lazy\" decoding=\"async\" width=\"768\" height=\"1024\" data-id=\"1764\" src=\"https:\/\/www.michelleschmollgruber.com\/michelleschmollgruber\/wp-content\/uploads\/2025\/09\/IMG_0275-768x1024.jpg\" alt=\"\" class=\"wp-image-1764\" srcset=\"https:\/\/www.michelleschmollgruber.com\/michelleschmollgruber\/wp-content\/uploads\/2025\/09\/IMG_0275-768x1024.jpg 768w, https:\/\/www.michelleschmollgruber.com\/michelleschmollgruber\/wp-content\/uploads\/2025\/09\/IMG_0275-225x300.jpg 225w, https:\/\/www.michelleschmollgruber.com\/michelleschmollgruber\/wp-content\/uploads\/2025\/09\/IMG_0275-1152x1536.jpg 1152w, https:\/\/www.michelleschmollgruber.com\/michelleschmollgruber\/wp-content\/uploads\/2025\/09\/IMG_0275.jpg 1417w\" sizes=\"auto, (max-width: 768px) 100vw, 768px\" \/><\/figure>\n\n\n\n<figure class=\"wp-block-image size-large\"><img loading=\"lazy\" decoding=\"async\" width=\"768\" height=\"1024\" data-id=\"1751\" src=\"https:\/\/www.michelleschmollgruber.com\/michelleschmollgruber\/wp-content\/uploads\/2025\/09\/IMG_0278-768x1024.jpg\" alt=\"\" class=\"wp-image-1751\" srcset=\"https:\/\/www.michelleschmollgruber.com\/michelleschmollgruber\/wp-content\/uploads\/2025\/09\/IMG_0278-768x1024.jpg 768w, https:\/\/www.michelleschmollgruber.com\/michelleschmollgruber\/wp-content\/uploads\/2025\/09\/IMG_0278-225x300.jpg 225w, https:\/\/www.michelleschmollgruber.com\/michelleschmollgruber\/wp-content\/uploads\/2025\/09\/IMG_0278-1152x1536.jpg 1152w, https:\/\/www.michelleschmollgruber.com\/michelleschmollgruber\/wp-content\/uploads\/2025\/09\/IMG_0278.jpg 1417w\" sizes=\"auto, (max-width: 768px) 100vw, 768px\" \/><\/figure>\n\n\n\n<figure class=\"wp-block-image size-large\"><img loading=\"lazy\" decoding=\"async\" width=\"768\" height=\"1024\" data-id=\"1752\" src=\"https:\/\/www.michelleschmollgruber.com\/michelleschmollgruber\/wp-content\/uploads\/2025\/09\/IMG_0298-768x1024.jpg\" alt=\"\" class=\"wp-image-1752\" srcset=\"https:\/\/www.michelleschmollgruber.com\/michelleschmollgruber\/wp-content\/uploads\/2025\/09\/IMG_0298-768x1024.jpg 768w, https:\/\/www.michelleschmollgruber.com\/michelleschmollgruber\/wp-content\/uploads\/2025\/09\/IMG_0298-225x300.jpg 225w, https:\/\/www.michelleschmollgruber.com\/michelleschmollgruber\/wp-content\/uploads\/2025\/09\/IMG_0298-1152x1536.jpg 1152w, https:\/\/www.michelleschmollgruber.com\/michelleschmollgruber\/wp-content\/uploads\/2025\/09\/IMG_0298.jpg 1417w\" sizes=\"auto, (max-width: 768px) 100vw, 768px\" \/><\/figure>\n\n\n\n<figure class=\"wp-block-image size-large\"><img loading=\"lazy\" decoding=\"async\" width=\"768\" height=\"1024\" data-id=\"1753\" src=\"https:\/\/www.michelleschmollgruber.com\/michelleschmollgruber\/wp-content\/uploads\/2025\/09\/IMG_0357-768x1024.jpg\" alt=\"\" class=\"wp-image-1753\" srcset=\"https:\/\/www.michelleschmollgruber.com\/michelleschmollgruber\/wp-content\/uploads\/2025\/09\/IMG_0357-768x1024.jpg 768w, https:\/\/www.michelleschmollgruber.com\/michelleschmollgruber\/wp-content\/uploads\/2025\/09\/IMG_0357-225x300.jpg 225w, https:\/\/www.michelleschmollgruber.com\/michelleschmollgruber\/wp-content\/uploads\/2025\/09\/IMG_0357-1152x1536.jpg 1152w, https:\/\/www.michelleschmollgruber.com\/michelleschmollgruber\/wp-content\/uploads\/2025\/09\/IMG_0357.jpg 1417w\" sizes=\"auto, (max-width: 768px) 100vw, 768px\" \/><\/figure>\n\n\n\n<figure class=\"wp-block-image size-large\"><img loading=\"lazy\" decoding=\"async\" width=\"768\" height=\"1024\" data-id=\"1754\" src=\"https:\/\/www.michelleschmollgruber.com\/michelleschmollgruber\/wp-content\/uploads\/2025\/09\/IMG_0358-768x1024.jpg\" alt=\"\" class=\"wp-image-1754\" srcset=\"https:\/\/www.michelleschmollgruber.com\/michelleschmollgruber\/wp-content\/uploads\/2025\/09\/IMG_0358-768x1024.jpg 768w, https:\/\/www.michelleschmollgruber.com\/michelleschmollgruber\/wp-content\/uploads\/2025\/09\/IMG_0358-225x300.jpg 225w, https:\/\/www.michelleschmollgruber.com\/michelleschmollgruber\/wp-content\/uploads\/2025\/09\/IMG_0358-1152x1536.jpg 1152w, https:\/\/www.michelleschmollgruber.com\/michelleschmollgruber\/wp-content\/uploads\/2025\/09\/IMG_0358.jpg 1417w\" sizes=\"auto, (max-width: 768px) 100vw, 768px\" \/><\/figure>\n\n\n\n<figure class=\"wp-block-image size-large\"><img loading=\"lazy\" decoding=\"async\" width=\"768\" height=\"1024\" data-id=\"1755\" src=\"https:\/\/www.michelleschmollgruber.com\/michelleschmollgruber\/wp-content\/uploads\/2025\/09\/IMG_0360-768x1024.jpg\" alt=\"\" class=\"wp-image-1755\" srcset=\"https:\/\/www.michelleschmollgruber.com\/michelleschmollgruber\/wp-content\/uploads\/2025\/09\/IMG_0360-768x1024.jpg 768w, https:\/\/www.michelleschmollgruber.com\/michelleschmollgruber\/wp-content\/uploads\/2025\/09\/IMG_0360-225x300.jpg 225w, https:\/\/www.michelleschmollgruber.com\/michelleschmollgruber\/wp-content\/uploads\/2025\/09\/IMG_0360-1152x1536.jpg 1152w, https:\/\/www.michelleschmollgruber.com\/michelleschmollgruber\/wp-content\/uploads\/2025\/09\/IMG_0360.jpg 1417w\" sizes=\"auto, (max-width: 768px) 100vw, 768px\" \/><\/figure>\n\n\n\n<figure class=\"wp-block-image size-large\"><img loading=\"lazy\" decoding=\"async\" width=\"768\" height=\"1024\" data-id=\"1756\" src=\"https:\/\/www.michelleschmollgruber.com\/michelleschmollgruber\/wp-content\/uploads\/2025\/09\/IMG_0362-768x1024.jpg\" alt=\"\" class=\"wp-image-1756\" srcset=\"https:\/\/www.michelleschmollgruber.com\/michelleschmollgruber\/wp-content\/uploads\/2025\/09\/IMG_0362-768x1024.jpg 768w, https:\/\/www.michelleschmollgruber.com\/michelleschmollgruber\/wp-content\/uploads\/2025\/09\/IMG_0362-225x300.jpg 225w, https:\/\/www.michelleschmollgruber.com\/michelleschmollgruber\/wp-content\/uploads\/2025\/09\/IMG_0362-1152x1536.jpg 1152w, https:\/\/www.michelleschmollgruber.com\/michelleschmollgruber\/wp-content\/uploads\/2025\/09\/IMG_0362.jpg 1417w\" sizes=\"auto, (max-width: 768px) 100vw, 768px\" \/><\/figure>\n\n\n\n<figure class=\"wp-block-image size-large wp-duotone-unset-1\"><img loading=\"lazy\" decoding=\"async\" width=\"768\" height=\"1024\" data-id=\"1757\" src=\"https:\/\/www.michelleschmollgruber.com\/michelleschmollgruber\/wp-content\/uploads\/2025\/09\/IMG_0363-768x1024.jpg\" alt=\"\" class=\"wp-image-1757\" srcset=\"https:\/\/www.michelleschmollgruber.com\/michelleschmollgruber\/wp-content\/uploads\/2025\/09\/IMG_0363-768x1024.jpg 768w, https:\/\/www.michelleschmollgruber.com\/michelleschmollgruber\/wp-content\/uploads\/2025\/09\/IMG_0363-225x300.jpg 225w, https:\/\/www.michelleschmollgruber.com\/michelleschmollgruber\/wp-content\/uploads\/2025\/09\/IMG_0363-1152x1536.jpg 1152w, https:\/\/www.michelleschmollgruber.com\/michelleschmollgruber\/wp-content\/uploads\/2025\/09\/IMG_0363.jpg 1417w\" sizes=\"auto, (max-width: 768px) 100vw, 768px\" \/><\/figure>\n<\/figure>\n\n\n\n<p>\u201eWir, mittendrin\u201c \u2013 ein kollektives Erinnerungsst\u00fcck aus F\u00e4den, Knoten und Geschichten.<\/p>\n\n\n\n<p>Im Rahmen der Magic Carpets Residency 2025 <a href=\"https:\/\/www.instagram.com\/magiccarpets.innsbruck\/\">@magiccarpets.innsbruck<\/a>\/ <a href=\"https:\/\/www.instagram.com\/openspace_innsbruck\/\">@openspace_innsbruck<\/a> hat Michelle Schmollgruber <a href=\"https:\/\/www.instagram.com\/michelleschmollgruber\/\">@michelleschmollgruber<\/a> im Austausch mit dem Dokumentationsarchiv Migration Tirol (DAM) und dem Team des ZeMIT ein textiles Werk geschaffen, das Spuren von (Auf-)Trennung und Neuanfang miteinander verwebt.<\/p>\n\n\n\n<p><\/p>\n","protected":false},"excerpt":{"rendered":"<p>\u201eWir, mittendrin\u201c \u2013 ein kollektives Erinnerungsst\u00fcck aus F\u00e4den, Knoten und Geschichten. Im Rahmen der Magic Carpets Residency 2025 @magiccarpets.innsbruck\/ @openspace_innsbruck hat Michelle Schmollgruber @michelleschmollgruber im Austausch mit dem Dokumentationsarchiv Migration Tirol (DAM) und dem Team des ZeMIT ein textiles Werk geschaffen, das Spuren von (Auf-)Trennung und Neuanfang miteinander verwebt.<\/p>\n","protected":false},"author":1,"featured_media":0,"parent":0,"menu_order":0,"comment_status":"closed","ping_status":"closed","template":"","meta":{"footnotes":""},"class_list":["post-1758","page","type-page","status-publish","hentry","wpbf-post"],"yoast_head":"<!-- This site is optimized with the Yoast SEO plugin v26.0 - https:\/\/yoast.com\/wordpress\/plugins\/seo\/ -->\n<title>Wir, mittendrin ... - michelle schmollgruber<\/title>\n<meta name=\"description\" content=\"Ich und die Anderen ... Gemeinsamkeiten, Biografiearbeit\" \/>\n<meta name=\"robots\" content=\"index, follow, max-snippet:-1, max-image-preview:large, max-video-preview:-1\" \/>\n<link rel=\"canonical\" href=\"https:\/\/www.michelleschmollgruber.com\/michelleschmollgruber\/wir-mittendrin\/\" \/>\n<meta property=\"og:locale\" content=\"de_DE\" \/>\n<meta property=\"og:type\" content=\"article\" \/>\n<meta property=\"og:title\" content=\"Wir, mittendrin ... - michelle schmollgruber\" \/>\n<meta property=\"og:description\" content=\"Ich und die Anderen ... Gemeinsamkeiten, Biografiearbeit\" \/>\n<meta property=\"og:url\" content=\"https:\/\/www.michelleschmollgruber.com\/michelleschmollgruber\/wir-mittendrin\/\" \/>\n<meta property=\"og:site_name\" content=\"michelle schmollgruber\" \/>\n<meta property=\"article:publisher\" content=\"https:\/\/www.facebook.com\/michelle.schmollgruber.92\/\" \/>\n<meta property=\"article:modified_time\" content=\"2025-09-24T13:20:56+00:00\" \/>\n<meta property=\"og:image\" content=\"https:\/\/www.michelleschmollgruber.com\/michelleschmollgruber\/wp-content\/uploads\/2025\/09\/IMG_0703-scaled.jpg\" \/>\n\t<meta property=\"og:image:width\" content=\"1920\" \/>\n\t<meta property=\"og:image:height\" content=\"2560\" \/>\n\t<meta property=\"og:image:type\" content=\"image\/jpeg\" \/>\n<meta name=\"twitter:card\" content=\"summary_large_image\" \/>\n<meta name=\"twitter:label1\" content=\"Gesch\u00e4tzte Lesezeit\" \/>\n\t<meta name=\"twitter:data1\" content=\"3\u00a0Minuten\" \/>\n<script type=\"application\/ld+json\" class=\"yoast-schema-graph\">{\"@context\":\"https:\/\/schema.org\",\"@graph\":[{\"@type\":\"WebPage\",\"@id\":\"https:\/\/www.michelleschmollgruber.com\/michelleschmollgruber\/wir-mittendrin\/\",\"url\":\"https:\/\/www.michelleschmollgruber.com\/michelleschmollgruber\/wir-mittendrin\/\",\"name\":\"Wir, mittendrin ... - michelle schmollgruber\",\"isPartOf\":{\"@id\":\"https:\/\/www.michelleschmollgruber.com\/michelleschmollgruber\/#website\"},\"primaryImageOfPage\":{\"@id\":\"https:\/\/www.michelleschmollgruber.com\/michelleschmollgruber\/wir-mittendrin\/#primaryimage\"},\"image\":{\"@id\":\"https:\/\/www.michelleschmollgruber.com\/michelleschmollgruber\/wir-mittendrin\/#primaryimage\"},\"thumbnailUrl\":\"https:\/\/www.michelleschmollgruber.com\/michelleschmollgruber\/wp-content\/uploads\/2025\/09\/IMG_0703-768x1024.jpg\",\"datePublished\":\"2025-09-24T13:19:53+00:00\",\"dateModified\":\"2025-09-24T13:20:56+00:00\",\"description\":\"Ich und die Anderen ... Gemeinsamkeiten, Biografiearbeit\",\"breadcrumb\":{\"@id\":\"https:\/\/www.michelleschmollgruber.com\/michelleschmollgruber\/wir-mittendrin\/#breadcrumb\"},\"inLanguage\":\"de\",\"potentialAction\":[{\"@type\":\"ReadAction\",\"target\":[\"https:\/\/www.michelleschmollgruber.com\/michelleschmollgruber\/wir-mittendrin\/\"]}]},{\"@type\":\"ImageObject\",\"inLanguage\":\"de\",\"@id\":\"https:\/\/www.michelleschmollgruber.com\/michelleschmollgruber\/wir-mittendrin\/#primaryimage\",\"url\":\"https:\/\/www.michelleschmollgruber.com\/michelleschmollgruber\/wp-content\/uploads\/2025\/09\/IMG_0703-scaled.jpg\",\"contentUrl\":\"https:\/\/www.michelleschmollgruber.com\/michelleschmollgruber\/wp-content\/uploads\/2025\/09\/IMG_0703-scaled.jpg\",\"width\":1920,\"height\":2560},{\"@type\":\"BreadcrumbList\",\"@id\":\"https:\/\/www.michelleschmollgruber.com\/michelleschmollgruber\/wir-mittendrin\/#breadcrumb\",\"itemListElement\":[{\"@type\":\"ListItem\",\"position\":1,\"name\":\"Startseite\",\"item\":\"https:\/\/www.michelleschmollgruber.com\/michelleschmollgruber\/\"},{\"@type\":\"ListItem\",\"position\":2,\"name\":\"Wir, mittendrin &#8230;\"}]},{\"@type\":\"WebSite\",\"@id\":\"https:\/\/www.michelleschmollgruber.com\/michelleschmollgruber\/#website\",\"url\":\"https:\/\/www.michelleschmollgruber.com\/michelleschmollgruber\/\",\"name\":\"michelle schmollgruber\",\"description\":\"Photographie\",\"publisher\":{\"@id\":\"https:\/\/www.michelleschmollgruber.com\/michelleschmollgruber\/#\/schema\/person\/1d0eff88f6c3b279c86e2099592597f5\"},\"potentialAction\":[{\"@type\":\"SearchAction\",\"target\":{\"@type\":\"EntryPoint\",\"urlTemplate\":\"https:\/\/www.michelleschmollgruber.com\/michelleschmollgruber\/?s={search_term_string}\"},\"query-input\":{\"@type\":\"PropertyValueSpecification\",\"valueRequired\":true,\"valueName\":\"search_term_string\"}}],\"inLanguage\":\"de\"},{\"@type\":[\"Person\",\"Organization\"],\"@id\":\"https:\/\/www.michelleschmollgruber.com\/michelleschmollgruber\/#\/schema\/person\/1d0eff88f6c3b279c86e2099592597f5\",\"name\":\"michelle schmollgruber\",\"logo\":{\"@id\":\"https:\/\/www.michelleschmollgruber.com\/michelleschmollgruber\/#\/schema\/person\/image\/\"},\"description\":\"Ich lebe und arbeite in Innsbruck. Setze mich seit fr\u00fchester Jugend mit Fotografie auseinander - gepr\u00e4gt von kritischer Auseinandersetzung mit privater und \u00f6ffentlicher Sph\u00e4re - Die Dekonstruktion von K\u00f6rpern oder anderen Strukturen dient der Erneuerung. Ich ver\u00e4ndere so Identit\u00e4t und Geschichte. ich zerlege - in Einzelteile, seziere - liebevoll, schlie\u00dfe aus dem Umfeld aus, nehme aus dem Zusammenhang - ich suche die Gemeinsamkeit - verbaue Teile zu neuen Durchl\u00e4ssigkeiten. Ich nehme und lasse zur\u00fcck, was mir unbrauchbar ist. Geboren 1967 in \u00d6sterreich.\",\"sameAs\":[\"http:\/\/www.michelleschmollgruber.com\",\"https:\/\/www.facebook.com\/michelle.schmollgruber.92\/\",\"https:\/\/www.instagram.com\/michelleschmollgruber\/\"]}]}<\/script>\n<!-- \/ Yoast SEO plugin. -->","yoast_head_json":{"title":"Wir, mittendrin ... - michelle schmollgruber","description":"Ich und die Anderen ... Gemeinsamkeiten, Biografiearbeit","robots":{"index":"index","follow":"follow","max-snippet":"max-snippet:-1","max-image-preview":"max-image-preview:large","max-video-preview":"max-video-preview:-1"},"canonical":"https:\/\/www.michelleschmollgruber.com\/michelleschmollgruber\/wir-mittendrin\/","og_locale":"de_DE","og_type":"article","og_title":"Wir, mittendrin ... - michelle schmollgruber","og_description":"Ich und die Anderen ... Gemeinsamkeiten, Biografiearbeit","og_url":"https:\/\/www.michelleschmollgruber.com\/michelleschmollgruber\/wir-mittendrin\/","og_site_name":"michelle schmollgruber","article_publisher":"https:\/\/www.facebook.com\/michelle.schmollgruber.92\/","article_modified_time":"2025-09-24T13:20:56+00:00","og_image":[{"width":1920,"height":2560,"url":"https:\/\/www.michelleschmollgruber.com\/michelleschmollgruber\/wp-content\/uploads\/2025\/09\/IMG_0703-scaled.jpg","type":"image\/jpeg"}],"twitter_card":"summary_large_image","twitter_misc":{"Gesch\u00e4tzte Lesezeit":"3\u00a0Minuten"},"schema":{"@context":"https:\/\/schema.org","@graph":[{"@type":"WebPage","@id":"https:\/\/www.michelleschmollgruber.com\/michelleschmollgruber\/wir-mittendrin\/","url":"https:\/\/www.michelleschmollgruber.com\/michelleschmollgruber\/wir-mittendrin\/","name":"Wir, mittendrin ... - michelle schmollgruber","isPartOf":{"@id":"https:\/\/www.michelleschmollgruber.com\/michelleschmollgruber\/#website"},"primaryImageOfPage":{"@id":"https:\/\/www.michelleschmollgruber.com\/michelleschmollgruber\/wir-mittendrin\/#primaryimage"},"image":{"@id":"https:\/\/www.michelleschmollgruber.com\/michelleschmollgruber\/wir-mittendrin\/#primaryimage"},"thumbnailUrl":"https:\/\/www.michelleschmollgruber.com\/michelleschmollgruber\/wp-content\/uploads\/2025\/09\/IMG_0703-768x1024.jpg","datePublished":"2025-09-24T13:19:53+00:00","dateModified":"2025-09-24T13:20:56+00:00","description":"Ich und die Anderen ... Gemeinsamkeiten, Biografiearbeit","breadcrumb":{"@id":"https:\/\/www.michelleschmollgruber.com\/michelleschmollgruber\/wir-mittendrin\/#breadcrumb"},"inLanguage":"de","potentialAction":[{"@type":"ReadAction","target":["https:\/\/www.michelleschmollgruber.com\/michelleschmollgruber\/wir-mittendrin\/"]}]},{"@type":"ImageObject","inLanguage":"de","@id":"https:\/\/www.michelleschmollgruber.com\/michelleschmollgruber\/wir-mittendrin\/#primaryimage","url":"https:\/\/www.michelleschmollgruber.com\/michelleschmollgruber\/wp-content\/uploads\/2025\/09\/IMG_0703-scaled.jpg","contentUrl":"https:\/\/www.michelleschmollgruber.com\/michelleschmollgruber\/wp-content\/uploads\/2025\/09\/IMG_0703-scaled.jpg","width":1920,"height":2560},{"@type":"BreadcrumbList","@id":"https:\/\/www.michelleschmollgruber.com\/michelleschmollgruber\/wir-mittendrin\/#breadcrumb","itemListElement":[{"@type":"ListItem","position":1,"name":"Startseite","item":"https:\/\/www.michelleschmollgruber.com\/michelleschmollgruber\/"},{"@type":"ListItem","position":2,"name":"Wir, mittendrin &#8230;"}]},{"@type":"WebSite","@id":"https:\/\/www.michelleschmollgruber.com\/michelleschmollgruber\/#website","url":"https:\/\/www.michelleschmollgruber.com\/michelleschmollgruber\/","name":"michelle schmollgruber","description":"Photographie","publisher":{"@id":"https:\/\/www.michelleschmollgruber.com\/michelleschmollgruber\/#\/schema\/person\/1d0eff88f6c3b279c86e2099592597f5"},"potentialAction":[{"@type":"SearchAction","target":{"@type":"EntryPoint","urlTemplate":"https:\/\/www.michelleschmollgruber.com\/michelleschmollgruber\/?s={search_term_string}"},"query-input":{"@type":"PropertyValueSpecification","valueRequired":true,"valueName":"search_term_string"}}],"inLanguage":"de"},{"@type":["Person","Organization"],"@id":"https:\/\/www.michelleschmollgruber.com\/michelleschmollgruber\/#\/schema\/person\/1d0eff88f6c3b279c86e2099592597f5","name":"michelle schmollgruber","logo":{"@id":"https:\/\/www.michelleschmollgruber.com\/michelleschmollgruber\/#\/schema\/person\/image\/"},"description":"Ich lebe und arbeite in Innsbruck. Setze mich seit fr\u00fchester Jugend mit Fotografie auseinander - gepr\u00e4gt von kritischer Auseinandersetzung mit privater und \u00f6ffentlicher Sph\u00e4re - Die Dekonstruktion von K\u00f6rpern oder anderen Strukturen dient der Erneuerung. Ich ver\u00e4ndere so Identit\u00e4t und Geschichte. ich zerlege - in Einzelteile, seziere - liebevoll, schlie\u00dfe aus dem Umfeld aus, nehme aus dem Zusammenhang - ich suche die Gemeinsamkeit - verbaue Teile zu neuen Durchl\u00e4ssigkeiten. Ich nehme und lasse zur\u00fcck, was mir unbrauchbar ist. Geboren 1967 in \u00d6sterreich.","sameAs":["http:\/\/www.michelleschmollgruber.com","https:\/\/www.facebook.com\/michelle.schmollgruber.92\/","https:\/\/www.instagram.com\/michelleschmollgruber\/"]}]}},"_links":{"self":[{"href":"https:\/\/www.michelleschmollgruber.com\/michelleschmollgruber\/wp-json\/wp\/v2\/pages\/1758","targetHints":{"allow":["GET"]}}],"collection":[{"href":"https:\/\/www.michelleschmollgruber.com\/michelleschmollgruber\/wp-json\/wp\/v2\/pages"}],"about":[{"href":"https:\/\/www.michelleschmollgruber.com\/michelleschmollgruber\/wp-json\/wp\/v2\/types\/page"}],"author":[{"embeddable":true,"href":"https:\/\/www.michelleschmollgruber.com\/michelleschmollgruber\/wp-json\/wp\/v2\/users\/1"}],"replies":[{"embeddable":true,"href":"https:\/\/www.michelleschmollgruber.com\/michelleschmollgruber\/wp-json\/wp\/v2\/comments?post=1758"}],"version-history":[{"count":6,"href":"https:\/\/www.michelleschmollgruber.com\/michelleschmollgruber\/wp-json\/wp\/v2\/pages\/1758\/revisions"}],"predecessor-version":[{"id":1765,"href":"https:\/\/www.michelleschmollgruber.com\/michelleschmollgruber\/wp-json\/wp\/v2\/pages\/1758\/revisions\/1765"}],"wp:attachment":[{"href":"https:\/\/www.michelleschmollgruber.com\/michelleschmollgruber\/wp-json\/wp\/v2\/media?parent=1758"}],"curies":[{"name":"wp","href":"https:\/\/api.w.org\/{rel}","templated":true}]}}