{"id":1674,"date":"2025-09-17T12:36:00","date_gmt":"2025-09-17T10:36:00","guid":{"rendered":"https:\/\/www.michelleschmollgruber.com\/michelleschmollgruber\/?page_id=1674"},"modified":"2025-10-12T09:08:06","modified_gmt":"2025-10-12T07:08:06","slug":"more-or-less-broken","status":"publish","type":"page","link":"https:\/\/www.michelleschmollgruber.com\/michelleschmollgruber\/more-or-less-broken\/","title":{"rendered":"more or less broken"},"content":{"rendered":"\n<p>about mourning &#8230; \u00fcber das Trauern<\/p>\n\n\n\n<figure class=\"wp-block-gallery has-nested-images columns-default is-cropped wp-block-gallery-1 is-layout-flex wp-block-gallery-is-layout-flex\">\n<figure class=\"wp-block-image size-large\"><img loading=\"lazy\" decoding=\"async\" width=\"1300\" height=\"735\" data-id=\"1680\" src=\"https:\/\/www.michelleschmollgruber.com\/michelleschmollgruber\/wp-content\/uploads\/2025\/09\/Bildschirmfoto-2025-09-17-um-12.48.02-1300x735.png\" alt=\"\" class=\"wp-image-1680\" srcset=\"https:\/\/www.michelleschmollgruber.com\/michelleschmollgruber\/wp-content\/uploads\/2025\/09\/Bildschirmfoto-2025-09-17-um-12.48.02-1300x735.png 1300w, https:\/\/www.michelleschmollgruber.com\/michelleschmollgruber\/wp-content\/uploads\/2025\/09\/Bildschirmfoto-2025-09-17-um-12.48.02-300x170.png 300w, https:\/\/www.michelleschmollgruber.com\/michelleschmollgruber\/wp-content\/uploads\/2025\/09\/Bildschirmfoto-2025-09-17-um-12.48.02-768x434.png 768w, https:\/\/www.michelleschmollgruber.com\/michelleschmollgruber\/wp-content\/uploads\/2025\/09\/Bildschirmfoto-2025-09-17-um-12.48.02-1536x868.png 1536w, https:\/\/www.michelleschmollgruber.com\/michelleschmollgruber\/wp-content\/uploads\/2025\/09\/Bildschirmfoto-2025-09-17-um-12.48.02.png 1596w\" sizes=\"auto, (max-width: 1300px) 100vw, 1300px\" \/><\/figure>\n\n\n\n<figure class=\"wp-block-image size-large\"><img loading=\"lazy\" decoding=\"async\" width=\"1300\" height=\"735\" data-id=\"1679\" src=\"https:\/\/www.michelleschmollgruber.com\/michelleschmollgruber\/wp-content\/uploads\/2025\/09\/Bildschirmfoto-2025-09-17-um-12.48.12-1300x735.png\" alt=\"\" class=\"wp-image-1679\" srcset=\"https:\/\/www.michelleschmollgruber.com\/michelleschmollgruber\/wp-content\/uploads\/2025\/09\/Bildschirmfoto-2025-09-17-um-12.48.12-1300x735.png 1300w, https:\/\/www.michelleschmollgruber.com\/michelleschmollgruber\/wp-content\/uploads\/2025\/09\/Bildschirmfoto-2025-09-17-um-12.48.12-300x170.png 300w, https:\/\/www.michelleschmollgruber.com\/michelleschmollgruber\/wp-content\/uploads\/2025\/09\/Bildschirmfoto-2025-09-17-um-12.48.12-768x434.png 768w, https:\/\/www.michelleschmollgruber.com\/michelleschmollgruber\/wp-content\/uploads\/2025\/09\/Bildschirmfoto-2025-09-17-um-12.48.12-1536x869.png 1536w, https:\/\/www.michelleschmollgruber.com\/michelleschmollgruber\/wp-content\/uploads\/2025\/09\/Bildschirmfoto-2025-09-17-um-12.48.12.png 1588w\" sizes=\"auto, (max-width: 1300px) 100vw, 1300px\" \/><\/figure>\n\n\n\n<figure class=\"wp-block-image size-large\"><img loading=\"lazy\" decoding=\"async\" width=\"1300\" height=\"732\" data-id=\"1711\" src=\"https:\/\/www.michelleschmollgruber.com\/michelleschmollgruber\/wp-content\/uploads\/2025\/09\/moreorlessbroken-1300x732.png\" alt=\"\" class=\"wp-image-1711\" srcset=\"https:\/\/www.michelleschmollgruber.com\/michelleschmollgruber\/wp-content\/uploads\/2025\/09\/moreorlessbroken-1300x732.png 1300w, https:\/\/www.michelleschmollgruber.com\/michelleschmollgruber\/wp-content\/uploads\/2025\/09\/moreorlessbroken-300x169.png 300w, https:\/\/www.michelleschmollgruber.com\/michelleschmollgruber\/wp-content\/uploads\/2025\/09\/moreorlessbroken-768x432.png 768w, https:\/\/www.michelleschmollgruber.com\/michelleschmollgruber\/wp-content\/uploads\/2025\/09\/moreorlessbroken-1536x865.png 1536w, https:\/\/www.michelleschmollgruber.com\/michelleschmollgruber\/wp-content\/uploads\/2025\/09\/moreorlessbroken.png 1588w\" sizes=\"auto, (max-width: 1300px) 100vw, 1300px\" \/><\/figure>\n\n\n\n<figure class=\"wp-block-image size-large\"><img loading=\"lazy\" decoding=\"async\" width=\"1300\" height=\"731\" data-id=\"1677\" src=\"https:\/\/www.michelleschmollgruber.com\/michelleschmollgruber\/wp-content\/uploads\/2025\/09\/Bildschirmfoto-2025-09-17-um-12.48.36-1300x731.png\" alt=\"\" class=\"wp-image-1677\" srcset=\"https:\/\/www.michelleschmollgruber.com\/michelleschmollgruber\/wp-content\/uploads\/2025\/09\/Bildschirmfoto-2025-09-17-um-12.48.36-1300x731.png 1300w, https:\/\/www.michelleschmollgruber.com\/michelleschmollgruber\/wp-content\/uploads\/2025\/09\/Bildschirmfoto-2025-09-17-um-12.48.36-300x169.png 300w, https:\/\/www.michelleschmollgruber.com\/michelleschmollgruber\/wp-content\/uploads\/2025\/09\/Bildschirmfoto-2025-09-17-um-12.48.36-768x432.png 768w, https:\/\/www.michelleschmollgruber.com\/michelleschmollgruber\/wp-content\/uploads\/2025\/09\/Bildschirmfoto-2025-09-17-um-12.48.36-1536x864.png 1536w, https:\/\/www.michelleschmollgruber.com\/michelleschmollgruber\/wp-content\/uploads\/2025\/09\/Bildschirmfoto-2025-09-17-um-12.48.36.png 1586w\" sizes=\"auto, (max-width: 1300px) 100vw, 1300px\" \/><\/figure>\n<\/figure>\n\n\n\n<p>Der Moment in dem die Wunde bewusst wird, ist auch der Moment in dem sie zu heilen beginnt.                                               <em>    M. J. Egarter<\/em><\/p>\n\n\n\n<p><\/p>\n","protected":false},"excerpt":{"rendered":"<p>about mourning &#8230; \u00fcber das Trauern Der Moment in dem die Wunde bewusst wird, ist auch der Moment in dem sie zu heilen beginnt. M. J. Egarter<\/p>\n","protected":false},"author":1,"featured_media":0,"parent":0,"menu_order":0,"comment_status":"closed","ping_status":"closed","template":"","meta":{"footnotes":""},"class_list":["post-1674","page","type-page","status-publish","hentry","wpbf-post"],"yoast_head":"<!-- This site is optimized with the Yoast SEO plugin v26.0 - https:\/\/yoast.com\/wordpress\/plugins\/seo\/ -->\n<title>more or less broken - michelle schmollgruber<\/title>\n<meta name=\"description\" content=\"fotografin, cut outerin, paste upperin, streetartistin, mixed medianerin, kunst am bauerin, portraitianerin, k\u00fcnstlerinimbilding\" \/>\n<meta name=\"robots\" content=\"index, follow, max-snippet:-1, max-image-preview:large, max-video-preview:-1\" \/>\n<link rel=\"canonical\" href=\"https:\/\/www.michelleschmollgruber.com\/michelleschmollgruber\/more-or-less-broken\/\" \/>\n<meta property=\"og:locale\" content=\"de_DE\" \/>\n<meta property=\"og:type\" content=\"article\" \/>\n<meta property=\"og:title\" content=\"more or less broken - michelle schmollgruber\" \/>\n<meta property=\"og:description\" content=\"fotografin, cut outerin, paste upperin, streetartistin, mixed medianerin, kunst am bauerin, portraitianerin, k\u00fcnstlerinimbilding\" \/>\n<meta property=\"og:url\" content=\"https:\/\/www.michelleschmollgruber.com\/michelleschmollgruber\/more-or-less-broken\/\" \/>\n<meta property=\"og:site_name\" content=\"michelle schmollgruber\" \/>\n<meta property=\"article:publisher\" content=\"https:\/\/www.facebook.com\/michelle.schmollgruber.92\/\" \/>\n<meta property=\"article:modified_time\" content=\"2025-10-12T07:08:06+00:00\" \/>\n<meta property=\"og:image\" content=\"https:\/\/www.michelleschmollgruber.com\/michelleschmollgruber\/wp-content\/uploads\/2025\/09\/Bildschirmfoto-2025-09-17-um-12.48.02-1300x735.png\" \/>\n\t<meta property=\"og:image:width\" content=\"1300\" \/>\n\t<meta property=\"og:image:height\" content=\"735\" \/>\n\t<meta property=\"og:image:type\" content=\"image\/png\" \/>\n<meta name=\"twitter:card\" content=\"summary_large_image\" \/>\n<meta name=\"twitter:label1\" content=\"Gesch\u00e4tzte Lesezeit\" \/>\n\t<meta name=\"twitter:data1\" content=\"1\u00a0Minute\" \/>\n<script type=\"application\/ld+json\" class=\"yoast-schema-graph\">{\"@context\":\"https:\/\/schema.org\",\"@graph\":[{\"@type\":\"WebPage\",\"@id\":\"https:\/\/www.michelleschmollgruber.com\/michelleschmollgruber\/more-or-less-broken\/\",\"url\":\"https:\/\/www.michelleschmollgruber.com\/michelleschmollgruber\/more-or-less-broken\/\",\"name\":\"more or less broken - michelle schmollgruber\",\"isPartOf\":{\"@id\":\"https:\/\/www.michelleschmollgruber.com\/michelleschmollgruber\/#website\"},\"primaryImageOfPage\":{\"@id\":\"https:\/\/www.michelleschmollgruber.com\/michelleschmollgruber\/more-or-less-broken\/#primaryimage\"},\"image\":{\"@id\":\"https:\/\/www.michelleschmollgruber.com\/michelleschmollgruber\/more-or-less-broken\/#primaryimage\"},\"thumbnailUrl\":\"https:\/\/www.michelleschmollgruber.com\/michelleschmollgruber\/wp-content\/uploads\/2025\/09\/Bildschirmfoto-2025-09-17-um-12.48.02-1300x735.png\",\"datePublished\":\"2025-09-17T10:36:00+00:00\",\"dateModified\":\"2025-10-12T07:08:06+00:00\",\"description\":\"fotografin, cut outerin, paste upperin, streetartistin, mixed medianerin, kunst am bauerin, portraitianerin, k\u00fcnstlerinimbilding\",\"breadcrumb\":{\"@id\":\"https:\/\/www.michelleschmollgruber.com\/michelleschmollgruber\/more-or-less-broken\/#breadcrumb\"},\"inLanguage\":\"de\",\"potentialAction\":[{\"@type\":\"ReadAction\",\"target\":[\"https:\/\/www.michelleschmollgruber.com\/michelleschmollgruber\/more-or-less-broken\/\"]}]},{\"@type\":\"ImageObject\",\"inLanguage\":\"de\",\"@id\":\"https:\/\/www.michelleschmollgruber.com\/michelleschmollgruber\/more-or-less-broken\/#primaryimage\",\"url\":\"https:\/\/www.michelleschmollgruber.com\/michelleschmollgruber\/wp-content\/uploads\/2025\/09\/Bildschirmfoto-2025-09-17-um-12.48.02.png\",\"contentUrl\":\"https:\/\/www.michelleschmollgruber.com\/michelleschmollgruber\/wp-content\/uploads\/2025\/09\/Bildschirmfoto-2025-09-17-um-12.48.02.png\",\"width\":1596,\"height\":902},{\"@type\":\"BreadcrumbList\",\"@id\":\"https:\/\/www.michelleschmollgruber.com\/michelleschmollgruber\/more-or-less-broken\/#breadcrumb\",\"itemListElement\":[{\"@type\":\"ListItem\",\"position\":1,\"name\":\"Startseite\",\"item\":\"https:\/\/www.michelleschmollgruber.com\/michelleschmollgruber\/\"},{\"@type\":\"ListItem\",\"position\":2,\"name\":\"more or less broken\"}]},{\"@type\":\"WebSite\",\"@id\":\"https:\/\/www.michelleschmollgruber.com\/michelleschmollgruber\/#website\",\"url\":\"https:\/\/www.michelleschmollgruber.com\/michelleschmollgruber\/\",\"name\":\"michelle schmollgruber\",\"description\":\"Photographie\",\"publisher\":{\"@id\":\"https:\/\/www.michelleschmollgruber.com\/michelleschmollgruber\/#\/schema\/person\/1d0eff88f6c3b279c86e2099592597f5\"},\"potentialAction\":[{\"@type\":\"SearchAction\",\"target\":{\"@type\":\"EntryPoint\",\"urlTemplate\":\"https:\/\/www.michelleschmollgruber.com\/michelleschmollgruber\/?s={search_term_string}\"},\"query-input\":{\"@type\":\"PropertyValueSpecification\",\"valueRequired\":true,\"valueName\":\"search_term_string\"}}],\"inLanguage\":\"de\"},{\"@type\":[\"Person\",\"Organization\"],\"@id\":\"https:\/\/www.michelleschmollgruber.com\/michelleschmollgruber\/#\/schema\/person\/1d0eff88f6c3b279c86e2099592597f5\",\"name\":\"michelle schmollgruber\",\"logo\":{\"@id\":\"https:\/\/www.michelleschmollgruber.com\/michelleschmollgruber\/#\/schema\/person\/image\/\"},\"description\":\"Ich lebe und arbeite in Innsbruck. Setze mich seit fr\u00fchester Jugend mit Fotografie auseinander - gepr\u00e4gt von kritischer Auseinandersetzung mit privater und \u00f6ffentlicher Sph\u00e4re - Die Dekonstruktion von K\u00f6rpern oder anderen Strukturen dient der Erneuerung. Ich ver\u00e4ndere so Identit\u00e4t und Geschichte. ich zerlege - in Einzelteile, seziere - liebevoll, schlie\u00dfe aus dem Umfeld aus, nehme aus dem Zusammenhang - ich suche die Gemeinsamkeit - verbaue Teile zu neuen Durchl\u00e4ssigkeiten. Ich nehme und lasse zur\u00fcck, was mir unbrauchbar ist. Geboren 1967 in \u00d6sterreich.\",\"sameAs\":[\"http:\/\/www.michelleschmollgruber.com\",\"https:\/\/www.facebook.com\/michelle.schmollgruber.92\/\",\"https:\/\/www.instagram.com\/michelleschmollgruber\/\"]}]}<\/script>\n<!-- \/ Yoast SEO plugin. -->","yoast_head_json":{"title":"more or less broken - michelle schmollgruber","description":"fotografin, cut outerin, paste upperin, streetartistin, mixed medianerin, kunst am bauerin, portraitianerin, k\u00fcnstlerinimbilding","robots":{"index":"index","follow":"follow","max-snippet":"max-snippet:-1","max-image-preview":"max-image-preview:large","max-video-preview":"max-video-preview:-1"},"canonical":"https:\/\/www.michelleschmollgruber.com\/michelleschmollgruber\/more-or-less-broken\/","og_locale":"de_DE","og_type":"article","og_title":"more or less broken - michelle schmollgruber","og_description":"fotografin, cut outerin, paste upperin, streetartistin, mixed medianerin, kunst am bauerin, portraitianerin, k\u00fcnstlerinimbilding","og_url":"https:\/\/www.michelleschmollgruber.com\/michelleschmollgruber\/more-or-less-broken\/","og_site_name":"michelle schmollgruber","article_publisher":"https:\/\/www.facebook.com\/michelle.schmollgruber.92\/","article_modified_time":"2025-10-12T07:08:06+00:00","og_image":[{"width":1300,"height":735,"url":"https:\/\/www.michelleschmollgruber.com\/michelleschmollgruber\/wp-content\/uploads\/2025\/09\/Bildschirmfoto-2025-09-17-um-12.48.02-1300x735.png","type":"image\/png"}],"twitter_card":"summary_large_image","twitter_misc":{"Gesch\u00e4tzte Lesezeit":"1\u00a0Minute"},"schema":{"@context":"https:\/\/schema.org","@graph":[{"@type":"WebPage","@id":"https:\/\/www.michelleschmollgruber.com\/michelleschmollgruber\/more-or-less-broken\/","url":"https:\/\/www.michelleschmollgruber.com\/michelleschmollgruber\/more-or-less-broken\/","name":"more or less broken - michelle schmollgruber","isPartOf":{"@id":"https:\/\/www.michelleschmollgruber.com\/michelleschmollgruber\/#website"},"primaryImageOfPage":{"@id":"https:\/\/www.michelleschmollgruber.com\/michelleschmollgruber\/more-or-less-broken\/#primaryimage"},"image":{"@id":"https:\/\/www.michelleschmollgruber.com\/michelleschmollgruber\/more-or-less-broken\/#primaryimage"},"thumbnailUrl":"https:\/\/www.michelleschmollgruber.com\/michelleschmollgruber\/wp-content\/uploads\/2025\/09\/Bildschirmfoto-2025-09-17-um-12.48.02-1300x735.png","datePublished":"2025-09-17T10:36:00+00:00","dateModified":"2025-10-12T07:08:06+00:00","description":"fotografin, cut outerin, paste upperin, streetartistin, mixed medianerin, kunst am bauerin, portraitianerin, k\u00fcnstlerinimbilding","breadcrumb":{"@id":"https:\/\/www.michelleschmollgruber.com\/michelleschmollgruber\/more-or-less-broken\/#breadcrumb"},"inLanguage":"de","potentialAction":[{"@type":"ReadAction","target":["https:\/\/www.michelleschmollgruber.com\/michelleschmollgruber\/more-or-less-broken\/"]}]},{"@type":"ImageObject","inLanguage":"de","@id":"https:\/\/www.michelleschmollgruber.com\/michelleschmollgruber\/more-or-less-broken\/#primaryimage","url":"https:\/\/www.michelleschmollgruber.com\/michelleschmollgruber\/wp-content\/uploads\/2025\/09\/Bildschirmfoto-2025-09-17-um-12.48.02.png","contentUrl":"https:\/\/www.michelleschmollgruber.com\/michelleschmollgruber\/wp-content\/uploads\/2025\/09\/Bildschirmfoto-2025-09-17-um-12.48.02.png","width":1596,"height":902},{"@type":"BreadcrumbList","@id":"https:\/\/www.michelleschmollgruber.com\/michelleschmollgruber\/more-or-less-broken\/#breadcrumb","itemListElement":[{"@type":"ListItem","position":1,"name":"Startseite","item":"https:\/\/www.michelleschmollgruber.com\/michelleschmollgruber\/"},{"@type":"ListItem","position":2,"name":"more or less broken"}]},{"@type":"WebSite","@id":"https:\/\/www.michelleschmollgruber.com\/michelleschmollgruber\/#website","url":"https:\/\/www.michelleschmollgruber.com\/michelleschmollgruber\/","name":"michelle schmollgruber","description":"Photographie","publisher":{"@id":"https:\/\/www.michelleschmollgruber.com\/michelleschmollgruber\/#\/schema\/person\/1d0eff88f6c3b279c86e2099592597f5"},"potentialAction":[{"@type":"SearchAction","target":{"@type":"EntryPoint","urlTemplate":"https:\/\/www.michelleschmollgruber.com\/michelleschmollgruber\/?s={search_term_string}"},"query-input":{"@type":"PropertyValueSpecification","valueRequired":true,"valueName":"search_term_string"}}],"inLanguage":"de"},{"@type":["Person","Organization"],"@id":"https:\/\/www.michelleschmollgruber.com\/michelleschmollgruber\/#\/schema\/person\/1d0eff88f6c3b279c86e2099592597f5","name":"michelle schmollgruber","logo":{"@id":"https:\/\/www.michelleschmollgruber.com\/michelleschmollgruber\/#\/schema\/person\/image\/"},"description":"Ich lebe und arbeite in Innsbruck. Setze mich seit fr\u00fchester Jugend mit Fotografie auseinander - gepr\u00e4gt von kritischer Auseinandersetzung mit privater und \u00f6ffentlicher Sph\u00e4re - Die Dekonstruktion von K\u00f6rpern oder anderen Strukturen dient der Erneuerung. Ich ver\u00e4ndere so Identit\u00e4t und Geschichte. ich zerlege - in Einzelteile, seziere - liebevoll, schlie\u00dfe aus dem Umfeld aus, nehme aus dem Zusammenhang - ich suche die Gemeinsamkeit - verbaue Teile zu neuen Durchl\u00e4ssigkeiten. Ich nehme und lasse zur\u00fcck, was mir unbrauchbar ist. Geboren 1967 in \u00d6sterreich.","sameAs":["http:\/\/www.michelleschmollgruber.com","https:\/\/www.facebook.com\/michelle.schmollgruber.92\/","https:\/\/www.instagram.com\/michelleschmollgruber\/"]}]}},"_links":{"self":[{"href":"https:\/\/www.michelleschmollgruber.com\/michelleschmollgruber\/wp-json\/wp\/v2\/pages\/1674","targetHints":{"allow":["GET"]}}],"collection":[{"href":"https:\/\/www.michelleschmollgruber.com\/michelleschmollgruber\/wp-json\/wp\/v2\/pages"}],"about":[{"href":"https:\/\/www.michelleschmollgruber.com\/michelleschmollgruber\/wp-json\/wp\/v2\/types\/page"}],"author":[{"embeddable":true,"href":"https:\/\/www.michelleschmollgruber.com\/michelleschmollgruber\/wp-json\/wp\/v2\/users\/1"}],"replies":[{"embeddable":true,"href":"https:\/\/www.michelleschmollgruber.com\/michelleschmollgruber\/wp-json\/wp\/v2\/comments?post=1674"}],"version-history":[{"count":8,"href":"https:\/\/www.michelleschmollgruber.com\/michelleschmollgruber\/wp-json\/wp\/v2\/pages\/1674\/revisions"}],"predecessor-version":[{"id":1717,"href":"https:\/\/www.michelleschmollgruber.com\/michelleschmollgruber\/wp-json\/wp\/v2\/pages\/1674\/revisions\/1717"}],"wp:attachment":[{"href":"https:\/\/www.michelleschmollgruber.com\/michelleschmollgruber\/wp-json\/wp\/v2\/media?parent=1674"}],"curies":[{"name":"wp","href":"https:\/\/api.w.org\/{rel}","templated":true}]}}