{"id":1657,"date":"2025-09-17T12:16:26","date_gmt":"2025-09-17T10:16:26","guid":{"rendered":"https:\/\/www.michelleschmollgruber.com\/michelleschmollgruber\/?page_id=1657"},"modified":"2025-09-17T14:32:47","modified_gmt":"2025-09-17T12:32:47","slug":"when-we-move-its-a-movement","status":"publish","type":"page","link":"https:\/\/www.michelleschmollgruber.com\/michelleschmollgruber\/when-we-move-its-a-movement\/","title":{"rendered":"When we move, it&#8217;s a movement"},"content":{"rendered":"\n<p>FEMINIST ART &amp; ACTION IN KUNSTRAUM INNSBRUCK &#8211; In der Tiefe der Zeit liegen die Antworten auf die Fragen die in der Tiefe liegen.<\/p>\n\n\n\n<figure class=\"wp-block-gallery has-nested-images columns-default is-cropped wp-block-gallery-1 is-layout-flex wp-block-gallery-is-layout-flex\">\n<figure class=\"wp-block-image size-large\"><img loading=\"lazy\" decoding=\"async\" width=\"1024\" height=\"1024\" data-id=\"1660\" src=\"https:\/\/www.michelleschmollgruber.com\/michelleschmollgruber\/wp-content\/uploads\/2025\/09\/schwarzblaugolg-1024x1024.jpg\" alt=\"\" class=\"wp-image-1660\" srcset=\"https:\/\/www.michelleschmollgruber.com\/michelleschmollgruber\/wp-content\/uploads\/2025\/09\/schwarzblaugolg-1024x1024.jpg 1024w, https:\/\/www.michelleschmollgruber.com\/michelleschmollgruber\/wp-content\/uploads\/2025\/09\/schwarzblaugolg-300x300.jpg 300w, https:\/\/www.michelleschmollgruber.com\/michelleschmollgruber\/wp-content\/uploads\/2025\/09\/schwarzblaugolg-150x150.jpg 150w, https:\/\/www.michelleschmollgruber.com\/michelleschmollgruber\/wp-content\/uploads\/2025\/09\/schwarzblaugolg-768x768.jpg 768w, https:\/\/www.michelleschmollgruber.com\/michelleschmollgruber\/wp-content\/uploads\/2025\/09\/schwarzblaugolg.jpg 1080w\" sizes=\"auto, (max-width: 1024px) 100vw, 1024px\" \/><\/figure>\n\n\n\n<figure class=\"wp-block-image size-large\"><img loading=\"lazy\" decoding=\"async\" width=\"768\" height=\"1024\" data-id=\"1695\" src=\"https:\/\/www.michelleschmollgruber.com\/michelleschmollgruber\/wp-content\/uploads\/2025\/09\/plakat_1595-768x1024.jpg\" alt=\"\" class=\"wp-image-1695\" srcset=\"https:\/\/www.michelleschmollgruber.com\/michelleschmollgruber\/wp-content\/uploads\/2025\/09\/plakat_1595-768x1024.jpg 768w, https:\/\/www.michelleschmollgruber.com\/michelleschmollgruber\/wp-content\/uploads\/2025\/09\/plakat_1595-225x300.jpg 225w, https:\/\/www.michelleschmollgruber.com\/michelleschmollgruber\/wp-content\/uploads\/2025\/09\/plakat_1595-1152x1536.jpg 1152w, https:\/\/www.michelleschmollgruber.com\/michelleschmollgruber\/wp-content\/uploads\/2025\/09\/plakat_1595-1536x2048.jpg 1536w, https:\/\/www.michelleschmollgruber.com\/michelleschmollgruber\/wp-content\/uploads\/2025\/09\/plakat_1595-scaled.jpg 1920w\" sizes=\"auto, (max-width: 768px) 100vw, 768px\" \/><\/figure>\n\n\n\n<figure class=\"wp-block-image size-large\"><img loading=\"lazy\" decoding=\"async\" width=\"683\" height=\"1024\" data-id=\"1697\" src=\"https:\/\/www.michelleschmollgruber.com\/michelleschmollgruber\/wp-content\/uploads\/2025\/09\/Whenwemoveit-683x1024.jpg\" alt=\"\" class=\"wp-image-1697\" srcset=\"https:\/\/www.michelleschmollgruber.com\/michelleschmollgruber\/wp-content\/uploads\/2025\/09\/Whenwemoveit-683x1024.jpg 683w, https:\/\/www.michelleschmollgruber.com\/michelleschmollgruber\/wp-content\/uploads\/2025\/09\/Whenwemoveit-200x300.jpg 200w, https:\/\/www.michelleschmollgruber.com\/michelleschmollgruber\/wp-content\/uploads\/2025\/09\/Whenwemoveit-768x1152.jpg 768w, https:\/\/www.michelleschmollgruber.com\/michelleschmollgruber\/wp-content\/uploads\/2025\/09\/Whenwemoveit-1024x1536.jpg 1024w, https:\/\/www.michelleschmollgruber.com\/michelleschmollgruber\/wp-content\/uploads\/2025\/09\/Whenwemoveit-1365x2048.jpg 1365w, https:\/\/www.michelleschmollgruber.com\/michelleschmollgruber\/wp-content\/uploads\/2025\/09\/Whenwemoveit-scaled.jpg 1707w\" sizes=\"auto, (max-width: 683px) 100vw, 683px\" \/><\/figure>\n<\/figure>\n\n\n\n<p><br><br>Burschenschaft Furia zu Innsbruck, Ursula Beiler, Comedian Feminists, Katharina Cibulka, Margarethe Drexel, Karin Ferrari, Initiative Schwarze Frauen* Innsbruck &amp; Zweitgeschichte, Judith Klemenc, Michelle Schmollgruber, Michaela Schwarz-Weismann, Nikolina \u017dunec, Monika K. Zanolin<\/p>\n\n\n\n<p>Kuratiert von Ivana Marjanovi\u0107<br><br>In Kooperation mit Frauen*vernetzung \u2013 f\u00fcr Begegnung und Austausch, Frauenbibliothek \u2013 AEP, Initiative Schwarze Frauen* Innsbruck &amp; Verein Zweitgeschichte.<br><br>Die Ausstellung ist dem 8. M\u00e4rz gewidmet, dem internationalen Tag, der die Errungenschaften feministischer, queerer, intersektionaler, globaler bzw. planetarischer Bewegungen feiert und Forderungen zu aktuellen sozialen und politischen Dringlichkeiten stellt. Die Ausstellung zeigt energiegeladene gro\u00dfformatige Kunstinstallationen, kritische und spielerische performative Aktionen, poetische visuelle Reflexionen, scharfe analytische Spekulationen, gewagte Imaginationen und gibt Einblicke in die k\u00fcnstlerische Praxis einiger inspirierender Akteur*innen der feministischen Bewegung in und um Innsbruck.<br><br>Wenn wir das Motto \u201eWenn wir uns bewegen, ist es eine Bewegung\u201c lesen, entstehen in unseren Gedanken Bilder von k\u00f6rperlicher Bewegung und sozialer Bewegung. Bewegung und Bewegen beziehen sich jedoch auf mehr als das: materiell und immateriell, \u00f6ffentlich und intim, symbolisch und real. Auch wenn nicht alle K\u00fcnstler*innen, die an dieser Ausstellung teilnehmen, gleichzeitig feministische Aktivist*innen sind, oder jedenfalls nicht nur das sind, so ist diese Ausstellung, die in die Programmgestaltung des 8. M\u00e4rz eingebunden ist und mit der feministischen Bewegung kooperiert, unmittelbar in dieser Bewegung situiert.<br><br>Die Ausstellung versammelt verschiedene Positionen von meist lokalen K\u00fcnstler*innen und Aktivistinnen* und zeigt die St\u00e4rke feministischer Vernetzung und Aktion. Nach der 8. M\u00e4rz-Demonstration, die von der Frauen*vernetzung \u2013 f\u00fcr Begegnung und Austausch Tirol organisiert wird, bietet die Ausstellung Raum f\u00fcr k\u00fcnstlerische und politische Reflexionen, die auf die Vergangenheit zur\u00fcckblicken, \u00fcber die Zukunft nachdenken und ermessen, was der 8. M\u00e4rz auf l\u00e4ngere Sicht bedeutet und symbolisiert.<\/p>\n\n\n\n<figure class=\"wp-block-image size-large\"><img loading=\"lazy\" decoding=\"async\" width=\"1300\" height=\"880\" src=\"https:\/\/www.michelleschmollgruber.com\/michelleschmollgruber\/wp-content\/uploads\/2024\/03\/indertiefe_1663-scaled-e1711225255572-1300x880.jpg\" alt=\"\" class=\"wp-image-1384\" srcset=\"https:\/\/www.michelleschmollgruber.com\/michelleschmollgruber\/wp-content\/uploads\/2024\/03\/indertiefe_1663-scaled-e1711225255572-1300x880.jpg 1300w, https:\/\/www.michelleschmollgruber.com\/michelleschmollgruber\/wp-content\/uploads\/2024\/03\/indertiefe_1663-scaled-e1711225255572-300x203.jpg 300w, https:\/\/www.michelleschmollgruber.com\/michelleschmollgruber\/wp-content\/uploads\/2024\/03\/indertiefe_1663-scaled-e1711225255572-768x520.jpg 768w, https:\/\/www.michelleschmollgruber.com\/michelleschmollgruber\/wp-content\/uploads\/2024\/03\/indertiefe_1663-scaled-e1711225255572-1536x1039.jpg 1536w, https:\/\/www.michelleschmollgruber.com\/michelleschmollgruber\/wp-content\/uploads\/2024\/03\/indertiefe_1663-scaled-e1711225255572-2048x1386.jpg 2048w\" sizes=\"auto, (max-width: 1300px) 100vw, 1300px\" \/><\/figure>\n\n\n\n<p><strong>Michelle Schmollgruber<\/strong>&nbsp;stellt ihre Arbeit in den Kontext feministischer Kunst und Textilem und schafft aus Wolle gekn\u00fcpfte textile Bilder\/Objekte, die sich mit Institutionskritik, dem Platz von K\u00fcnstler*innen im Kunstkanon, aber auch mit der Frage der Zeit auseinandersetzen. Die Serie von abstrakten Textilbildern tr\u00e4gt den Titel<em>&nbsp;In der Tiefe der Zeit liegen die Antworten auf die Fragen, die in der Tiefe liegen<\/em>&nbsp;(2021-2024), was f\u00fcr die Rezeption des Werks eine performative Funktion hat.<\/p>\n\n\n\n<p>Auf der visuellen und technischen Ebene bezieht sich Michelle Schmollgrubers Werk auf einige der ikonischen abstrakten Kunstwerke der Moderne, insbesondere auf die Arbeiten von Josef Albers und Annie Albers, einem Bauhaus-K\u00fcnstlerpaar, das in den 1930er Jahren auf der Flucht vor dem NS-Regime in die Vereinigten Staaten emigrierte. Formen von Rechtecken in Rechtecken oder Kreisen in Rechtecken verweisen auf die malerischen Farb- und Formstudien von Josef Albers, die in Schmollgrubers Werk eine gewisse Form der Reflexion \u00fcber die Freude am k\u00fcnstlerischen Ausdruck durch Farbe und geometrische Form darstellen. Die technische Umsetzung in einem ganz anderen Medium (nicht der Malerei), n\u00e4mlich im Medium des Textils, bringt jedoch andere Bedeutungen mit sich. Textil war das Hauptmedium der k\u00fcnstlerischen Praxis von Annie Albers, und obwohl sie heute als eine wegweisende kunsthistorische Figur anerkannt ist, die dazu beigetragen hat, die Grenzen zwischen Kunst und traditionellem (Kunst-)Handwerk zu verwischen, stand ihre Karriere im Schatten. Motiv und Technik dieser Beiden als Ausgangspunkt nehmend, erinnert Schmollgruber an den Platz der K\u00fcnstlerinnen in der Kunstgeschichte, da diese oft aus dem kunsthistorischen Kanon der \u201ehohen K\u00fcnste\u201c ausgeschlossen waren. Durch den Prozess der Rahmung erhalten diese kleinformatigen, handgekn\u00fcpften Textilien mit langen Haaren den Status von Bildern, d.h. die Rahmung (und nat\u00fcrlich die k\u00fcnstlerische Absicht und institutionelle Kontextualisierung) verwandelt das, was in einem anderen Kontext ein Miniaturteppich oder Wandteppich w\u00e4re, in ein Kunstobjekt.<\/p>\n\n\n\n<p>Der performative Titel der Arbeit\u00a0<em>In der Tiefe der Zeit liegen die Antworten auf die Fragen, die in der Tiefe<\/em>\u00a0liegen fungiert als Gedicht, das einen zeitgen\u00f6ssischen Kommentar zu Arbeit und Zeit liefert. In einer neoliberalen \u00c4ra, in der sich alles beschleunigt, um die Produktivit\u00e4t zu optimieren, ist die R\u00fcckkehr zu traditionellen, sehr langsamen Produktionsmethoden f\u00fcr Michelle Schmollgruber eine Form des Kampfes um die Wiederaneignung der Zeit. Die Bilder bestehen aus 24.124 handgefertigten Knoten, und um sie herzustellen, muss man sich Zeit nehmen (\u201edie man normalerweise nicht hat\u201c), und wenn man sich diese Zeit wieder nimmt, entsteht ein intellektuelles und kreatives Potenzial, das das Subjekt in die Tiefe der Reflexion bringt und es von der angespannten Hektik von heute befreit. Daher fungiert die Produktionsmethode, die extrem langsam und Zeit \u201ekonsumierend\u201c ist, hier als eine Art visueller und textueller Vermittler oder Tr\u00e4ger von Weisheit \u00fcber Langsamkeit und Verlangsamung der Zeit, \u00fcber Methoden der Unabh\u00e4ngigkeit des Verf\u00fcgens \u00fcber die eigene Zeit.<\/p>\n","protected":false},"excerpt":{"rendered":"<p>FEMINIST ART &amp; ACTION IN KUNSTRAUM INNSBRUCK &#8211; In der Tiefe der Zeit liegen die Antworten auf die Fragen die in der Tiefe liegen. Burschenschaft Furia zu Innsbruck, Ursula Beiler, Comedian Feminists, Katharina Cibulka, Margarethe Drexel, Karin Ferrari, Initiative Schwarze Frauen* Innsbruck &amp; Zweitgeschichte, Judith Klemenc, Michelle Schmollgruber, Michaela Schwarz-Weismann, Nikolina \u017dunec, Monika K. Zanolin [&hellip;]<\/p>\n","protected":false},"author":1,"featured_media":0,"parent":0,"menu_order":0,"comment_status":"closed","ping_status":"closed","template":"","meta":{"footnotes":""},"class_list":["post-1657","page","type-page","status-publish","hentry","wpbf-post"],"yoast_head":"<!-- This site is optimized with the Yoast SEO plugin v26.0 - https:\/\/yoast.com\/wordpress\/plugins\/seo\/ -->\n<title>When we move, it&#039;s a movement - michelle schmollgruber<\/title>\n<meta name=\"description\" content=\"fotografin, cut outerin, paste upperin, streetartistin, mixed medianerin, kunst am bauerin, portraitianerin, k\u00fcnstlerinimbilding\" \/>\n<meta name=\"robots\" content=\"index, follow, max-snippet:-1, max-image-preview:large, max-video-preview:-1\" \/>\n<link rel=\"canonical\" href=\"https:\/\/www.michelleschmollgruber.com\/michelleschmollgruber\/when-we-move-its-a-movement\/\" \/>\n<meta property=\"og:locale\" content=\"de_DE\" \/>\n<meta property=\"og:type\" content=\"article\" \/>\n<meta property=\"og:title\" content=\"When we move, it&#039;s a movement - michelle schmollgruber\" \/>\n<meta property=\"og:description\" content=\"fotografin, cut outerin, paste upperin, streetartistin, mixed medianerin, kunst am bauerin, portraitianerin, k\u00fcnstlerinimbilding\" \/>\n<meta property=\"og:url\" content=\"https:\/\/www.michelleschmollgruber.com\/michelleschmollgruber\/when-we-move-its-a-movement\/\" \/>\n<meta property=\"og:site_name\" content=\"michelle schmollgruber\" \/>\n<meta property=\"article:publisher\" content=\"https:\/\/www.facebook.com\/michelle.schmollgruber.92\/\" \/>\n<meta property=\"article:modified_time\" content=\"2025-09-17T12:32:47+00:00\" \/>\n<meta property=\"og:image\" content=\"https:\/\/www.michelleschmollgruber.com\/michelleschmollgruber\/wp-content\/uploads\/2025\/09\/schwarzblaugolg.jpg\" \/>\n\t<meta property=\"og:image:width\" content=\"1080\" \/>\n\t<meta property=\"og:image:height\" content=\"1080\" \/>\n\t<meta property=\"og:image:type\" content=\"image\/jpeg\" \/>\n<meta name=\"twitter:card\" content=\"summary_large_image\" \/>\n<meta name=\"twitter:label1\" content=\"Gesch\u00e4tzte Lesezeit\" \/>\n\t<meta name=\"twitter:data1\" content=\"5\u00a0Minuten\" \/>\n<script type=\"application\/ld+json\" class=\"yoast-schema-graph\">{\"@context\":\"https:\/\/schema.org\",\"@graph\":[{\"@type\":\"WebPage\",\"@id\":\"https:\/\/www.michelleschmollgruber.com\/michelleschmollgruber\/when-we-move-its-a-movement\/\",\"url\":\"https:\/\/www.michelleschmollgruber.com\/michelleschmollgruber\/when-we-move-its-a-movement\/\",\"name\":\"When we move, it's a movement - michelle schmollgruber\",\"isPartOf\":{\"@id\":\"https:\/\/www.michelleschmollgruber.com\/michelleschmollgruber\/#website\"},\"primaryImageOfPage\":{\"@id\":\"https:\/\/www.michelleschmollgruber.com\/michelleschmollgruber\/when-we-move-its-a-movement\/#primaryimage\"},\"image\":{\"@id\":\"https:\/\/www.michelleschmollgruber.com\/michelleschmollgruber\/when-we-move-its-a-movement\/#primaryimage\"},\"thumbnailUrl\":\"https:\/\/www.michelleschmollgruber.com\/michelleschmollgruber\/wp-content\/uploads\/2025\/09\/schwarzblaugolg-1024x1024.jpg\",\"datePublished\":\"2025-09-17T10:16:26+00:00\",\"dateModified\":\"2025-09-17T12:32:47+00:00\",\"description\":\"fotografin, cut outerin, paste upperin, streetartistin, mixed medianerin, kunst am bauerin, portraitianerin, k\u00fcnstlerinimbilding\",\"breadcrumb\":{\"@id\":\"https:\/\/www.michelleschmollgruber.com\/michelleschmollgruber\/when-we-move-its-a-movement\/#breadcrumb\"},\"inLanguage\":\"de\",\"potentialAction\":[{\"@type\":\"ReadAction\",\"target\":[\"https:\/\/www.michelleschmollgruber.com\/michelleschmollgruber\/when-we-move-its-a-movement\/\"]}]},{\"@type\":\"ImageObject\",\"inLanguage\":\"de\",\"@id\":\"https:\/\/www.michelleschmollgruber.com\/michelleschmollgruber\/when-we-move-its-a-movement\/#primaryimage\",\"url\":\"https:\/\/www.michelleschmollgruber.com\/michelleschmollgruber\/wp-content\/uploads\/2025\/09\/schwarzblaugolg.jpg\",\"contentUrl\":\"https:\/\/www.michelleschmollgruber.com\/michelleschmollgruber\/wp-content\/uploads\/2025\/09\/schwarzblaugolg.jpg\",\"width\":1080,\"height\":1080},{\"@type\":\"BreadcrumbList\",\"@id\":\"https:\/\/www.michelleschmollgruber.com\/michelleschmollgruber\/when-we-move-its-a-movement\/#breadcrumb\",\"itemListElement\":[{\"@type\":\"ListItem\",\"position\":1,\"name\":\"Startseite\",\"item\":\"https:\/\/www.michelleschmollgruber.com\/michelleschmollgruber\/\"},{\"@type\":\"ListItem\",\"position\":2,\"name\":\"When we move, it&#8217;s a movement\"}]},{\"@type\":\"WebSite\",\"@id\":\"https:\/\/www.michelleschmollgruber.com\/michelleschmollgruber\/#website\",\"url\":\"https:\/\/www.michelleschmollgruber.com\/michelleschmollgruber\/\",\"name\":\"michelle schmollgruber\",\"description\":\"Photographie\",\"publisher\":{\"@id\":\"https:\/\/www.michelleschmollgruber.com\/michelleschmollgruber\/#\/schema\/person\/1d0eff88f6c3b279c86e2099592597f5\"},\"potentialAction\":[{\"@type\":\"SearchAction\",\"target\":{\"@type\":\"EntryPoint\",\"urlTemplate\":\"https:\/\/www.michelleschmollgruber.com\/michelleschmollgruber\/?s={search_term_string}\"},\"query-input\":{\"@type\":\"PropertyValueSpecification\",\"valueRequired\":true,\"valueName\":\"search_term_string\"}}],\"inLanguage\":\"de\"},{\"@type\":[\"Person\",\"Organization\"],\"@id\":\"https:\/\/www.michelleschmollgruber.com\/michelleschmollgruber\/#\/schema\/person\/1d0eff88f6c3b279c86e2099592597f5\",\"name\":\"michelle schmollgruber\",\"logo\":{\"@id\":\"https:\/\/www.michelleschmollgruber.com\/michelleschmollgruber\/#\/schema\/person\/image\/\"},\"description\":\"Ich lebe und arbeite in Innsbruck. Setze mich seit fr\u00fchester Jugend mit Fotografie auseinander - gepr\u00e4gt von kritischer Auseinandersetzung mit privater und \u00f6ffentlicher Sph\u00e4re - Die Dekonstruktion von K\u00f6rpern oder anderen Strukturen dient der Erneuerung. Ich ver\u00e4ndere so Identit\u00e4t und Geschichte. ich zerlege - in Einzelteile, seziere - liebevoll, schlie\u00dfe aus dem Umfeld aus, nehme aus dem Zusammenhang - ich suche die Gemeinsamkeit - verbaue Teile zu neuen Durchl\u00e4ssigkeiten. Ich nehme und lasse zur\u00fcck, was mir unbrauchbar ist. Geboren 1967 in \u00d6sterreich.\",\"sameAs\":[\"http:\/\/www.michelleschmollgruber.com\",\"https:\/\/www.facebook.com\/michelle.schmollgruber.92\/\",\"https:\/\/www.instagram.com\/michelleschmollgruber\/\"]}]}<\/script>\n<!-- \/ Yoast SEO plugin. -->","yoast_head_json":{"title":"When we move, it's a movement - michelle schmollgruber","description":"fotografin, cut outerin, paste upperin, streetartistin, mixed medianerin, kunst am bauerin, portraitianerin, k\u00fcnstlerinimbilding","robots":{"index":"index","follow":"follow","max-snippet":"max-snippet:-1","max-image-preview":"max-image-preview:large","max-video-preview":"max-video-preview:-1"},"canonical":"https:\/\/www.michelleschmollgruber.com\/michelleschmollgruber\/when-we-move-its-a-movement\/","og_locale":"de_DE","og_type":"article","og_title":"When we move, it's a movement - michelle schmollgruber","og_description":"fotografin, cut outerin, paste upperin, streetartistin, mixed medianerin, kunst am bauerin, portraitianerin, k\u00fcnstlerinimbilding","og_url":"https:\/\/www.michelleschmollgruber.com\/michelleschmollgruber\/when-we-move-its-a-movement\/","og_site_name":"michelle schmollgruber","article_publisher":"https:\/\/www.facebook.com\/michelle.schmollgruber.92\/","article_modified_time":"2025-09-17T12:32:47+00:00","og_image":[{"width":1080,"height":1080,"url":"https:\/\/www.michelleschmollgruber.com\/michelleschmollgruber\/wp-content\/uploads\/2025\/09\/schwarzblaugolg.jpg","type":"image\/jpeg"}],"twitter_card":"summary_large_image","twitter_misc":{"Gesch\u00e4tzte Lesezeit":"5\u00a0Minuten"},"schema":{"@context":"https:\/\/schema.org","@graph":[{"@type":"WebPage","@id":"https:\/\/www.michelleschmollgruber.com\/michelleschmollgruber\/when-we-move-its-a-movement\/","url":"https:\/\/www.michelleschmollgruber.com\/michelleschmollgruber\/when-we-move-its-a-movement\/","name":"When we move, it's a movement - michelle schmollgruber","isPartOf":{"@id":"https:\/\/www.michelleschmollgruber.com\/michelleschmollgruber\/#website"},"primaryImageOfPage":{"@id":"https:\/\/www.michelleschmollgruber.com\/michelleschmollgruber\/when-we-move-its-a-movement\/#primaryimage"},"image":{"@id":"https:\/\/www.michelleschmollgruber.com\/michelleschmollgruber\/when-we-move-its-a-movement\/#primaryimage"},"thumbnailUrl":"https:\/\/www.michelleschmollgruber.com\/michelleschmollgruber\/wp-content\/uploads\/2025\/09\/schwarzblaugolg-1024x1024.jpg","datePublished":"2025-09-17T10:16:26+00:00","dateModified":"2025-09-17T12:32:47+00:00","description":"fotografin, cut outerin, paste upperin, streetartistin, mixed medianerin, kunst am bauerin, portraitianerin, k\u00fcnstlerinimbilding","breadcrumb":{"@id":"https:\/\/www.michelleschmollgruber.com\/michelleschmollgruber\/when-we-move-its-a-movement\/#breadcrumb"},"inLanguage":"de","potentialAction":[{"@type":"ReadAction","target":["https:\/\/www.michelleschmollgruber.com\/michelleschmollgruber\/when-we-move-its-a-movement\/"]}]},{"@type":"ImageObject","inLanguage":"de","@id":"https:\/\/www.michelleschmollgruber.com\/michelleschmollgruber\/when-we-move-its-a-movement\/#primaryimage","url":"https:\/\/www.michelleschmollgruber.com\/michelleschmollgruber\/wp-content\/uploads\/2025\/09\/schwarzblaugolg.jpg","contentUrl":"https:\/\/www.michelleschmollgruber.com\/michelleschmollgruber\/wp-content\/uploads\/2025\/09\/schwarzblaugolg.jpg","width":1080,"height":1080},{"@type":"BreadcrumbList","@id":"https:\/\/www.michelleschmollgruber.com\/michelleschmollgruber\/when-we-move-its-a-movement\/#breadcrumb","itemListElement":[{"@type":"ListItem","position":1,"name":"Startseite","item":"https:\/\/www.michelleschmollgruber.com\/michelleschmollgruber\/"},{"@type":"ListItem","position":2,"name":"When we move, it&#8217;s a movement"}]},{"@type":"WebSite","@id":"https:\/\/www.michelleschmollgruber.com\/michelleschmollgruber\/#website","url":"https:\/\/www.michelleschmollgruber.com\/michelleschmollgruber\/","name":"michelle schmollgruber","description":"Photographie","publisher":{"@id":"https:\/\/www.michelleschmollgruber.com\/michelleschmollgruber\/#\/schema\/person\/1d0eff88f6c3b279c86e2099592597f5"},"potentialAction":[{"@type":"SearchAction","target":{"@type":"EntryPoint","urlTemplate":"https:\/\/www.michelleschmollgruber.com\/michelleschmollgruber\/?s={search_term_string}"},"query-input":{"@type":"PropertyValueSpecification","valueRequired":true,"valueName":"search_term_string"}}],"inLanguage":"de"},{"@type":["Person","Organization"],"@id":"https:\/\/www.michelleschmollgruber.com\/michelleschmollgruber\/#\/schema\/person\/1d0eff88f6c3b279c86e2099592597f5","name":"michelle schmollgruber","logo":{"@id":"https:\/\/www.michelleschmollgruber.com\/michelleschmollgruber\/#\/schema\/person\/image\/"},"description":"Ich lebe und arbeite in Innsbruck. Setze mich seit fr\u00fchester Jugend mit Fotografie auseinander - gepr\u00e4gt von kritischer Auseinandersetzung mit privater und \u00f6ffentlicher Sph\u00e4re - Die Dekonstruktion von K\u00f6rpern oder anderen Strukturen dient der Erneuerung. Ich ver\u00e4ndere so Identit\u00e4t und Geschichte. ich zerlege - in Einzelteile, seziere - liebevoll, schlie\u00dfe aus dem Umfeld aus, nehme aus dem Zusammenhang - ich suche die Gemeinsamkeit - verbaue Teile zu neuen Durchl\u00e4ssigkeiten. Ich nehme und lasse zur\u00fcck, was mir unbrauchbar ist. Geboren 1967 in \u00d6sterreich.","sameAs":["http:\/\/www.michelleschmollgruber.com","https:\/\/www.facebook.com\/michelle.schmollgruber.92\/","https:\/\/www.instagram.com\/michelleschmollgruber\/"]}]}},"_links":{"self":[{"href":"https:\/\/www.michelleschmollgruber.com\/michelleschmollgruber\/wp-json\/wp\/v2\/pages\/1657","targetHints":{"allow":["GET"]}}],"collection":[{"href":"https:\/\/www.michelleschmollgruber.com\/michelleschmollgruber\/wp-json\/wp\/v2\/pages"}],"about":[{"href":"https:\/\/www.michelleschmollgruber.com\/michelleschmollgruber\/wp-json\/wp\/v2\/types\/page"}],"author":[{"embeddable":true,"href":"https:\/\/www.michelleschmollgruber.com\/michelleschmollgruber\/wp-json\/wp\/v2\/users\/1"}],"replies":[{"embeddable":true,"href":"https:\/\/www.michelleschmollgruber.com\/michelleschmollgruber\/wp-json\/wp\/v2\/comments?post=1657"}],"version-history":[{"count":8,"href":"https:\/\/www.michelleschmollgruber.com\/michelleschmollgruber\/wp-json\/wp\/v2\/pages\/1657\/revisions"}],"predecessor-version":[{"id":1710,"href":"https:\/\/www.michelleschmollgruber.com\/michelleschmollgruber\/wp-json\/wp\/v2\/pages\/1657\/revisions\/1710"}],"wp:attachment":[{"href":"https:\/\/www.michelleschmollgruber.com\/michelleschmollgruber\/wp-json\/wp\/v2\/media?parent=1657"}],"curies":[{"name":"wp","href":"https:\/\/api.w.org\/{rel}","templated":true}]}}