{"id":1582,"date":"2025-09-12T16:33:38","date_gmt":"2025-09-12T14:33:38","guid":{"rendered":"https:\/\/www.michelleschmollgruber.com\/michelleschmollgruber\/?page_id=1582"},"modified":"2025-09-29T11:03:03","modified_gmt":"2025-09-29T09:03:03","slug":"i-stop-fitting","status":"publish","type":"page","link":"https:\/\/www.michelleschmollgruber.com\/michelleschmollgruber\/i-stop-fitting\/","title":{"rendered":"I STOP FITTING"},"content":{"rendered":"\n<div class=\"wp-block-columns is-layout-flex wp-container-core-columns-is-layout-28f84493 wp-block-columns-is-layout-flex\">\n<div class=\"wp-block-column is-layout-flow wp-block-column-is-layout-flow\" style=\"flex-basis:100%\">\n<pre class=\"wp-block-preformatted\">Das Statement I STOP FITTING zeigt die Konklusion des reflektierens, inwiefern ich das herrschende System durch mein pers\u00f6nliches Verhalten, meine Gewohnheiten, Muster und Zw\u00e4nge unterst\u00fctzte und dadurch festige, sowie das Fazit es bleiben zu lassen! <br><br>In einer kurzen Performance liste ich eine Reihe von Dingen auf, die ich auf meinem Weg zur Autonomie aufgegeben habe. Dieser performative Akt reflektiert die Erfahrungen und den Druck der gesellschaftlichen Konditionierung einer Person in verschiedenen Rollen, als (weibliche) K\u00fcnstlerin, als Familienmitglied, als Freundin und als Geliebte ***<br><br>In a short performance Michelle Schmollgruber list a number of things she gave up doing on her path of autonomy. This performative act, reflects on the experiences and pressures of contemporary social conditioning of a person being in different roles, as a (woman) artist, as a family member, as a friend and a lover ***<\/pre>\n<\/div>\n<\/div>\n\n\n\n<figure class=\"wp-block-gallery has-nested-images columns-4 is-cropped wp-block-gallery-1 is-layout-flex wp-block-gallery-is-layout-flex\">\n<figure class=\"wp-block-image size-large\"><a href=\"https:\/\/www.youtube.com\/watch?v=wC9JWJBfHnM\"><img loading=\"lazy\" decoding=\"async\" width=\"683\" height=\"1024\" data-id=\"1804\" src=\"https:\/\/www.michelleschmollgruber.com\/michelleschmollgruber\/wp-content\/uploads\/2025\/09\/04_istopfitting_FLZ-683x1024.jpg\" alt=\"\" class=\"wp-image-1804\" srcset=\"https:\/\/www.michelleschmollgruber.com\/michelleschmollgruber\/wp-content\/uploads\/2025\/09\/04_istopfitting_FLZ-683x1024.jpg 683w, https:\/\/www.michelleschmollgruber.com\/michelleschmollgruber\/wp-content\/uploads\/2025\/09\/04_istopfitting_FLZ-200x300.jpg 200w, https:\/\/www.michelleschmollgruber.com\/michelleschmollgruber\/wp-content\/uploads\/2025\/09\/04_istopfitting_FLZ.jpg 720w\" sizes=\"auto, (max-width: 683px) 100vw, 683px\" \/><\/a><\/figure>\n\n\n\n<figure class=\"wp-block-image size-large\"><a href=\"https:\/\/www.youtube.com\/watch?v=wC9JWJBfHnM\"><img loading=\"lazy\" decoding=\"async\" width=\"683\" height=\"1024\" data-id=\"1801\" src=\"https:\/\/www.michelleschmollgruber.com\/michelleschmollgruber\/wp-content\/uploads\/2025\/09\/3_istopfitting_openstudio-683x1024.gif\" alt=\"\" class=\"wp-image-1801\" srcset=\"https:\/\/www.michelleschmollgruber.com\/michelleschmollgruber\/wp-content\/uploads\/2025\/09\/3_istopfitting_openstudio-683x1024.gif 683w, https:\/\/www.michelleschmollgruber.com\/michelleschmollgruber\/wp-content\/uploads\/2025\/09\/3_istopfitting_openstudio-200x300.gif 200w\" sizes=\"auto, (max-width: 683px) 100vw, 683px\" \/><\/a><\/figure>\n\n\n\n<figure class=\"wp-block-image size-large\"><a href=\"https:\/\/www.youtube.com\/watch?v=wC9JWJBfHnM\"><img loading=\"lazy\" decoding=\"async\" width=\"608\" height=\"912\" data-id=\"1802\" src=\"https:\/\/www.michelleschmollgruber.com\/michelleschmollgruber\/wp-content\/uploads\/2025\/09\/01-istopfitting_kunstrauminnsbruck.png\" alt=\"\" class=\"wp-image-1802\" srcset=\"https:\/\/www.michelleschmollgruber.com\/michelleschmollgruber\/wp-content\/uploads\/2025\/09\/01-istopfitting_kunstrauminnsbruck.png 608w, https:\/\/www.michelleschmollgruber.com\/michelleschmollgruber\/wp-content\/uploads\/2025\/09\/01-istopfitting_kunstrauminnsbruck-200x300.png 200w\" sizes=\"auto, (max-width: 608px) 100vw, 608px\" \/><\/a><\/figure>\n\n\n\n<figure class=\"wp-block-image size-large\"><a href=\"https:\/\/www.youtube.com\/watch?v=wC9JWJBfHnM\"><img loading=\"lazy\" decoding=\"async\" width=\"683\" height=\"1024\" data-id=\"1803\" src=\"https:\/\/www.michelleschmollgruber.com\/michelleschmollgruber\/wp-content\/uploads\/2025\/09\/04_istopfitting_frauenlesbenzentrum-683x1024.png\" alt=\"\" class=\"wp-image-1803\" srcset=\"https:\/\/www.michelleschmollgruber.com\/michelleschmollgruber\/wp-content\/uploads\/2025\/09\/04_istopfitting_frauenlesbenzentrum-683x1024.png 683w, https:\/\/www.michelleschmollgruber.com\/michelleschmollgruber\/wp-content\/uploads\/2025\/09\/04_istopfitting_frauenlesbenzentrum-200x300.png 200w, https:\/\/www.michelleschmollgruber.com\/michelleschmollgruber\/wp-content\/uploads\/2025\/09\/04_istopfitting_frauenlesbenzentrum.png 720w\" sizes=\"auto, (max-width: 683px) 100vw, 683px\" \/><\/a><\/figure>\n<\/figure>\n\n\n\n<figure class=\"wp-block-image size-large\"><a href=\"https:\/\/www.youtube.com\/watch?v=wC9JWJBfHnM\" target=\"_blank\" rel=\" noreferrer noopener\"><img loading=\"lazy\" decoding=\"async\" width=\"1300\" height=\"747\" src=\"https:\/\/www.michelleschmollgruber.com\/michelleschmollgruber\/wp-content\/uploads\/2024\/12\/04_istopfitting_FLZ_web-1300x747.png\" alt=\"I STOP FITTING\" class=\"wp-image-1486\" srcset=\"https:\/\/www.michelleschmollgruber.com\/michelleschmollgruber\/wp-content\/uploads\/2024\/12\/04_istopfitting_FLZ_web-1300x747.png 1300w, https:\/\/www.michelleschmollgruber.com\/michelleschmollgruber\/wp-content\/uploads\/2024\/12\/04_istopfitting_FLZ_web-300x172.png 300w, https:\/\/www.michelleschmollgruber.com\/michelleschmollgruber\/wp-content\/uploads\/2024\/12\/04_istopfitting_FLZ_web-768x441.png 768w, https:\/\/www.michelleschmollgruber.com\/michelleschmollgruber\/wp-content\/uploads\/2024\/12\/04_istopfitting_FLZ_web-1536x882.png 1536w, https:\/\/www.michelleschmollgruber.com\/michelleschmollgruber\/wp-content\/uploads\/2024\/12\/04_istopfitting_FLZ_web.png 1880w\" sizes=\"auto, (max-width: 1300px) 100vw, 1300px\" \/><\/a><figcaption class=\"wp-element-caption\">FrauenLesbenZentrum Innsbruck, 07.12.2024<\/figcaption><\/figure>\n\n\n\n<figure class=\"wp-block-image size-large\"><a href=\"https:\/\/www.youtube.com\/watch?v=wC9JWJBfHnM\"><img loading=\"lazy\" decoding=\"async\" width=\"1300\" height=\"599\" src=\"https:\/\/www.michelleschmollgruber.com\/michelleschmollgruber\/wp-content\/uploads\/2024\/10\/istopfitting_openstudio_2024_web-1300x599.jpg\" alt=\"\" class=\"wp-image-1432\" srcset=\"https:\/\/www.michelleschmollgruber.com\/michelleschmollgruber\/wp-content\/uploads\/2024\/10\/istopfitting_openstudio_2024_web-1300x599.jpg 1300w, https:\/\/www.michelleschmollgruber.com\/michelleschmollgruber\/wp-content\/uploads\/2024\/10\/istopfitting_openstudio_2024_web-300x138.jpg 300w, https:\/\/www.michelleschmollgruber.com\/michelleschmollgruber\/wp-content\/uploads\/2024\/10\/istopfitting_openstudio_2024_web-768x354.jpg 768w, https:\/\/www.michelleschmollgruber.com\/michelleschmollgruber\/wp-content\/uploads\/2024\/10\/istopfitting_openstudio_2024_web-1536x708.jpg 1536w, https:\/\/www.michelleschmollgruber.com\/michelleschmollgruber\/wp-content\/uploads\/2024\/10\/istopfitting_openstudio_2024_web.jpg 1880w\" sizes=\"auto, (max-width: 1300px) 100vw, 1300px\" \/><\/a><figcaption class=\"wp-element-caption\">open studios @  K\u00fcnstlerhaus B\u00fcchsenhausen, 19.10.2024<\/figcaption><\/figure>\n\n\n\n<figure class=\"wp-block-image size-large\"><a href=\"https:\/\/www.youtube.com\/watch?v=wC9JWJBfHnM\"><img loading=\"lazy\" decoding=\"async\" width=\"1300\" height=\"747\" src=\"https:\/\/www.michelleschmollgruber.com\/michelleschmollgruber\/wp-content\/uploads\/2024\/06\/istopfitting_villamargaretha_gelb_web-1300x747.png\" alt=\"\" class=\"wp-image-1417\" srcset=\"https:\/\/www.michelleschmollgruber.com\/michelleschmollgruber\/wp-content\/uploads\/2024\/06\/istopfitting_villamargaretha_gelb_web-1300x747.png 1300w, https:\/\/www.michelleschmollgruber.com\/michelleschmollgruber\/wp-content\/uploads\/2024\/06\/istopfitting_villamargaretha_gelb_web-300x172.png 300w, https:\/\/www.michelleschmollgruber.com\/michelleschmollgruber\/wp-content\/uploads\/2024\/06\/istopfitting_villamargaretha_gelb_web-768x441.png 768w, https:\/\/www.michelleschmollgruber.com\/michelleschmollgruber\/wp-content\/uploads\/2024\/06\/istopfitting_villamargaretha_gelb_web-1536x882.png 1536w, https:\/\/www.michelleschmollgruber.com\/michelleschmollgruber\/wp-content\/uploads\/2024\/06\/istopfitting_villamargaretha_gelb_web.png 1880w\" sizes=\"auto, (max-width: 1300px) 100vw, 1300px\" \/><\/a><figcaption class=\"wp-element-caption\">Villa Margaretha, 21.06.2024<\/figcaption><\/figure>\n\n\n\n<figure class=\"wp-block-image aligncenter size-full\"><a href=\"https:\/\/www.youtube.com\/watch?v=wC9JWJBfHnM\"><img loading=\"lazy\" decoding=\"async\" width=\"1111\" height=\"608\" src=\"https:\/\/www.michelleschmollgruber.com\/michelleschmollgruber\/wp-content\/uploads\/2024\/04\/istopfitting.png\" alt=\"\" class=\"wp-image-1391\" srcset=\"https:\/\/www.michelleschmollgruber.com\/michelleschmollgruber\/wp-content\/uploads\/2024\/04\/istopfitting.png 1111w, https:\/\/www.michelleschmollgruber.com\/michelleschmollgruber\/wp-content\/uploads\/2024\/04\/istopfitting-300x164.png 300w, https:\/\/www.michelleschmollgruber.com\/michelleschmollgruber\/wp-content\/uploads\/2024\/04\/istopfitting-768x420.png 768w\" sizes=\"auto, (max-width: 1111px) 100vw, 1111px\" \/><\/a><figcaption class=\"wp-element-caption\">KUNSTRAUM Innsbruck, 25.04.2024<\/figcaption><\/figure>\n\n\n\n<p><\/p>\n","protected":false},"excerpt":{"rendered":"<p>Das Statement I STOP FITTING zeigt die Konklusion des reflektierens, inwiefern ich das herrschende System durch mein pers\u00f6nliches Verhalten, meine Gewohnheiten, Muster und Zw\u00e4nge unterst\u00fctzte und dadurch festige, sowie das Fazit es bleiben zu lassen! In einer kurzen Performance liste ich eine Reihe von Dingen auf, die ich auf meinem Weg zur Autonomie aufgegeben habe. [&hellip;]<\/p>\n","protected":false},"author":1,"featured_media":0,"parent":0,"menu_order":0,"comment_status":"closed","ping_status":"closed","template":"","meta":{"footnotes":"[]"},"class_list":["post-1582","page","type-page","status-publish","hentry","wpbf-post"],"yoast_head":"<!-- This site is optimized with the Yoast SEO plugin v26.0 - https:\/\/yoast.com\/wordpress\/plugins\/seo\/ -->\n<title>I STOP FITTING - michelle schmollgruber<\/title>\n<meta name=\"robots\" content=\"index, follow, max-snippet:-1, max-image-preview:large, max-video-preview:-1\" \/>\n<link rel=\"canonical\" href=\"https:\/\/www.michelleschmollgruber.com\/michelleschmollgruber\/i-stop-fitting\/\" \/>\n<meta property=\"og:locale\" content=\"de_DE\" \/>\n<meta property=\"og:type\" content=\"article\" \/>\n<meta property=\"og:title\" content=\"I STOP FITTING - michelle schmollgruber\" \/>\n<meta property=\"og:description\" content=\"Das Statement I STOP FITTING zeigt die Konklusion des reflektierens, inwiefern ich das herrschende System durch mein pers\u00f6nliches Verhalten, meine Gewohnheiten, Muster und Zw\u00e4nge unterst\u00fctzte und dadurch festige, sowie das Fazit es bleiben zu lassen! In einer kurzen Performance liste ich eine Reihe von Dingen auf, die ich auf meinem Weg zur Autonomie aufgegeben habe. [&hellip;]\" \/>\n<meta property=\"og:url\" content=\"https:\/\/www.michelleschmollgruber.com\/michelleschmollgruber\/i-stop-fitting\/\" \/>\n<meta property=\"og:site_name\" content=\"michelle schmollgruber\" \/>\n<meta property=\"article:publisher\" content=\"https:\/\/www.facebook.com\/michelle.schmollgruber.92\/\" \/>\n<meta property=\"article:modified_time\" content=\"2025-09-29T09:03:03+00:00\" \/>\n<meta property=\"og:image\" content=\"https:\/\/www.michelleschmollgruber.com\/michelleschmollgruber\/wp-content\/uploads\/2025\/09\/04_istopfitting_FLZ.jpg\" \/>\n\t<meta property=\"og:image:width\" content=\"720\" \/>\n\t<meta property=\"og:image:height\" content=\"1080\" \/>\n\t<meta property=\"og:image:type\" content=\"image\/jpeg\" \/>\n<meta name=\"twitter:card\" content=\"summary_large_image\" \/>\n<meta name=\"twitter:label1\" content=\"Gesch\u00e4tzte Lesezeit\" \/>\n\t<meta name=\"twitter:data1\" content=\"2\u00a0Minuten\" \/>\n<script type=\"application\/ld+json\" class=\"yoast-schema-graph\">{\"@context\":\"https:\/\/schema.org\",\"@graph\":[{\"@type\":\"WebPage\",\"@id\":\"https:\/\/www.michelleschmollgruber.com\/michelleschmollgruber\/i-stop-fitting\/\",\"url\":\"https:\/\/www.michelleschmollgruber.com\/michelleschmollgruber\/i-stop-fitting\/\",\"name\":\"I STOP FITTING - michelle schmollgruber\",\"isPartOf\":{\"@id\":\"https:\/\/www.michelleschmollgruber.com\/michelleschmollgruber\/#website\"},\"primaryImageOfPage\":{\"@id\":\"https:\/\/www.michelleschmollgruber.com\/michelleschmollgruber\/i-stop-fitting\/#primaryimage\"},\"image\":{\"@id\":\"https:\/\/www.michelleschmollgruber.com\/michelleschmollgruber\/i-stop-fitting\/#primaryimage\"},\"thumbnailUrl\":\"https:\/\/www.michelleschmollgruber.com\/michelleschmollgruber\/wp-content\/uploads\/2025\/09\/04_istopfitting_FLZ-683x1024.jpg\",\"datePublished\":\"2025-09-12T14:33:38+00:00\",\"dateModified\":\"2025-09-29T09:03:03+00:00\",\"breadcrumb\":{\"@id\":\"https:\/\/www.michelleschmollgruber.com\/michelleschmollgruber\/i-stop-fitting\/#breadcrumb\"},\"inLanguage\":\"de\",\"potentialAction\":[{\"@type\":\"ReadAction\",\"target\":[\"https:\/\/www.michelleschmollgruber.com\/michelleschmollgruber\/i-stop-fitting\/\"]}]},{\"@type\":\"ImageObject\",\"inLanguage\":\"de\",\"@id\":\"https:\/\/www.michelleschmollgruber.com\/michelleschmollgruber\/i-stop-fitting\/#primaryimage\",\"url\":\"https:\/\/www.michelleschmollgruber.com\/michelleschmollgruber\/wp-content\/uploads\/2025\/09\/04_istopfitting_FLZ.jpg\",\"contentUrl\":\"https:\/\/www.michelleschmollgruber.com\/michelleschmollgruber\/wp-content\/uploads\/2025\/09\/04_istopfitting_FLZ.jpg\",\"width\":720,\"height\":1080,\"caption\":\"Screenshot\"},{\"@type\":\"BreadcrumbList\",\"@id\":\"https:\/\/www.michelleschmollgruber.com\/michelleschmollgruber\/i-stop-fitting\/#breadcrumb\",\"itemListElement\":[{\"@type\":\"ListItem\",\"position\":1,\"name\":\"Startseite\",\"item\":\"https:\/\/www.michelleschmollgruber.com\/michelleschmollgruber\/\"},{\"@type\":\"ListItem\",\"position\":2,\"name\":\"I STOP FITTING\"}]},{\"@type\":\"WebSite\",\"@id\":\"https:\/\/www.michelleschmollgruber.com\/michelleschmollgruber\/#website\",\"url\":\"https:\/\/www.michelleschmollgruber.com\/michelleschmollgruber\/\",\"name\":\"michelle schmollgruber\",\"description\":\"Photographie\",\"publisher\":{\"@id\":\"https:\/\/www.michelleschmollgruber.com\/michelleschmollgruber\/#\/schema\/person\/1d0eff88f6c3b279c86e2099592597f5\"},\"potentialAction\":[{\"@type\":\"SearchAction\",\"target\":{\"@type\":\"EntryPoint\",\"urlTemplate\":\"https:\/\/www.michelleschmollgruber.com\/michelleschmollgruber\/?s={search_term_string}\"},\"query-input\":{\"@type\":\"PropertyValueSpecification\",\"valueRequired\":true,\"valueName\":\"search_term_string\"}}],\"inLanguage\":\"de\"},{\"@type\":[\"Person\",\"Organization\"],\"@id\":\"https:\/\/www.michelleschmollgruber.com\/michelleschmollgruber\/#\/schema\/person\/1d0eff88f6c3b279c86e2099592597f5\",\"name\":\"michelle schmollgruber\",\"logo\":{\"@id\":\"https:\/\/www.michelleschmollgruber.com\/michelleschmollgruber\/#\/schema\/person\/image\/\"},\"description\":\"Ich lebe und arbeite in Innsbruck. Setze mich seit fr\u00fchester Jugend mit Fotografie auseinander - gepr\u00e4gt von kritischer Auseinandersetzung mit privater und \u00f6ffentlicher Sph\u00e4re - Die Dekonstruktion von K\u00f6rpern oder anderen Strukturen dient der Erneuerung. Ich ver\u00e4ndere so Identit\u00e4t und Geschichte. ich zerlege - in Einzelteile, seziere - liebevoll, schlie\u00dfe aus dem Umfeld aus, nehme aus dem Zusammenhang - ich suche die Gemeinsamkeit - verbaue Teile zu neuen Durchl\u00e4ssigkeiten. Ich nehme und lasse zur\u00fcck, was mir unbrauchbar ist. Geboren 1967 in \u00d6sterreich.\",\"sameAs\":[\"http:\/\/www.michelleschmollgruber.com\",\"https:\/\/www.facebook.com\/michelle.schmollgruber.92\/\",\"https:\/\/www.instagram.com\/michelleschmollgruber\/\"]}]}<\/script>\n<!-- \/ Yoast SEO plugin. -->","yoast_head_json":{"title":"I STOP FITTING - michelle schmollgruber","robots":{"index":"index","follow":"follow","max-snippet":"max-snippet:-1","max-image-preview":"max-image-preview:large","max-video-preview":"max-video-preview:-1"},"canonical":"https:\/\/www.michelleschmollgruber.com\/michelleschmollgruber\/i-stop-fitting\/","og_locale":"de_DE","og_type":"article","og_title":"I STOP FITTING - michelle schmollgruber","og_description":"Das Statement I STOP FITTING zeigt die Konklusion des reflektierens, inwiefern ich das herrschende System durch mein pers\u00f6nliches Verhalten, meine Gewohnheiten, Muster und Zw\u00e4nge unterst\u00fctzte und dadurch festige, sowie das Fazit es bleiben zu lassen! In einer kurzen Performance liste ich eine Reihe von Dingen auf, die ich auf meinem Weg zur Autonomie aufgegeben habe. [&hellip;]","og_url":"https:\/\/www.michelleschmollgruber.com\/michelleschmollgruber\/i-stop-fitting\/","og_site_name":"michelle schmollgruber","article_publisher":"https:\/\/www.facebook.com\/michelle.schmollgruber.92\/","article_modified_time":"2025-09-29T09:03:03+00:00","og_image":[{"width":720,"height":1080,"url":"https:\/\/www.michelleschmollgruber.com\/michelleschmollgruber\/wp-content\/uploads\/2025\/09\/04_istopfitting_FLZ.jpg","type":"image\/jpeg"}],"twitter_card":"summary_large_image","twitter_misc":{"Gesch\u00e4tzte Lesezeit":"2\u00a0Minuten"},"schema":{"@context":"https:\/\/schema.org","@graph":[{"@type":"WebPage","@id":"https:\/\/www.michelleschmollgruber.com\/michelleschmollgruber\/i-stop-fitting\/","url":"https:\/\/www.michelleschmollgruber.com\/michelleschmollgruber\/i-stop-fitting\/","name":"I STOP FITTING - michelle schmollgruber","isPartOf":{"@id":"https:\/\/www.michelleschmollgruber.com\/michelleschmollgruber\/#website"},"primaryImageOfPage":{"@id":"https:\/\/www.michelleschmollgruber.com\/michelleschmollgruber\/i-stop-fitting\/#primaryimage"},"image":{"@id":"https:\/\/www.michelleschmollgruber.com\/michelleschmollgruber\/i-stop-fitting\/#primaryimage"},"thumbnailUrl":"https:\/\/www.michelleschmollgruber.com\/michelleschmollgruber\/wp-content\/uploads\/2025\/09\/04_istopfitting_FLZ-683x1024.jpg","datePublished":"2025-09-12T14:33:38+00:00","dateModified":"2025-09-29T09:03:03+00:00","breadcrumb":{"@id":"https:\/\/www.michelleschmollgruber.com\/michelleschmollgruber\/i-stop-fitting\/#breadcrumb"},"inLanguage":"de","potentialAction":[{"@type":"ReadAction","target":["https:\/\/www.michelleschmollgruber.com\/michelleschmollgruber\/i-stop-fitting\/"]}]},{"@type":"ImageObject","inLanguage":"de","@id":"https:\/\/www.michelleschmollgruber.com\/michelleschmollgruber\/i-stop-fitting\/#primaryimage","url":"https:\/\/www.michelleschmollgruber.com\/michelleschmollgruber\/wp-content\/uploads\/2025\/09\/04_istopfitting_FLZ.jpg","contentUrl":"https:\/\/www.michelleschmollgruber.com\/michelleschmollgruber\/wp-content\/uploads\/2025\/09\/04_istopfitting_FLZ.jpg","width":720,"height":1080,"caption":"Screenshot"},{"@type":"BreadcrumbList","@id":"https:\/\/www.michelleschmollgruber.com\/michelleschmollgruber\/i-stop-fitting\/#breadcrumb","itemListElement":[{"@type":"ListItem","position":1,"name":"Startseite","item":"https:\/\/www.michelleschmollgruber.com\/michelleschmollgruber\/"},{"@type":"ListItem","position":2,"name":"I STOP FITTING"}]},{"@type":"WebSite","@id":"https:\/\/www.michelleschmollgruber.com\/michelleschmollgruber\/#website","url":"https:\/\/www.michelleschmollgruber.com\/michelleschmollgruber\/","name":"michelle schmollgruber","description":"Photographie","publisher":{"@id":"https:\/\/www.michelleschmollgruber.com\/michelleschmollgruber\/#\/schema\/person\/1d0eff88f6c3b279c86e2099592597f5"},"potentialAction":[{"@type":"SearchAction","target":{"@type":"EntryPoint","urlTemplate":"https:\/\/www.michelleschmollgruber.com\/michelleschmollgruber\/?s={search_term_string}"},"query-input":{"@type":"PropertyValueSpecification","valueRequired":true,"valueName":"search_term_string"}}],"inLanguage":"de"},{"@type":["Person","Organization"],"@id":"https:\/\/www.michelleschmollgruber.com\/michelleschmollgruber\/#\/schema\/person\/1d0eff88f6c3b279c86e2099592597f5","name":"michelle schmollgruber","logo":{"@id":"https:\/\/www.michelleschmollgruber.com\/michelleschmollgruber\/#\/schema\/person\/image\/"},"description":"Ich lebe und arbeite in Innsbruck. Setze mich seit fr\u00fchester Jugend mit Fotografie auseinander - gepr\u00e4gt von kritischer Auseinandersetzung mit privater und \u00f6ffentlicher Sph\u00e4re - Die Dekonstruktion von K\u00f6rpern oder anderen Strukturen dient der Erneuerung. Ich ver\u00e4ndere so Identit\u00e4t und Geschichte. ich zerlege - in Einzelteile, seziere - liebevoll, schlie\u00dfe aus dem Umfeld aus, nehme aus dem Zusammenhang - ich suche die Gemeinsamkeit - verbaue Teile zu neuen Durchl\u00e4ssigkeiten. Ich nehme und lasse zur\u00fcck, was mir unbrauchbar ist. Geboren 1967 in \u00d6sterreich.","sameAs":["http:\/\/www.michelleschmollgruber.com","https:\/\/www.facebook.com\/michelle.schmollgruber.92\/","https:\/\/www.instagram.com\/michelleschmollgruber\/"]}]}},"_links":{"self":[{"href":"https:\/\/www.michelleschmollgruber.com\/michelleschmollgruber\/wp-json\/wp\/v2\/pages\/1582","targetHints":{"allow":["GET"]}}],"collection":[{"href":"https:\/\/www.michelleschmollgruber.com\/michelleschmollgruber\/wp-json\/wp\/v2\/pages"}],"about":[{"href":"https:\/\/www.michelleschmollgruber.com\/michelleschmollgruber\/wp-json\/wp\/v2\/types\/page"}],"author":[{"embeddable":true,"href":"https:\/\/www.michelleschmollgruber.com\/michelleschmollgruber\/wp-json\/wp\/v2\/users\/1"}],"replies":[{"embeddable":true,"href":"https:\/\/www.michelleschmollgruber.com\/michelleschmollgruber\/wp-json\/wp\/v2\/comments?post=1582"}],"version-history":[{"count":8,"href":"https:\/\/www.michelleschmollgruber.com\/michelleschmollgruber\/wp-json\/wp\/v2\/pages\/1582\/revisions"}],"predecessor-version":[{"id":1820,"href":"https:\/\/www.michelleschmollgruber.com\/michelleschmollgruber\/wp-json\/wp\/v2\/pages\/1582\/revisions\/1820"}],"wp:attachment":[{"href":"https:\/\/www.michelleschmollgruber.com\/michelleschmollgruber\/wp-json\/wp\/v2\/media?parent=1582"}],"curies":[{"name":"wp","href":"https:\/\/api.w.org\/{rel}","templated":true}]}}