{"id":1499,"date":"2025-10-12T20:14:53","date_gmt":"2025-10-12T18:14:53","guid":{"rendered":"https:\/\/www.michelleschmollgruber.com\/michelleschmollgruber\/?page_id=1499"},"modified":"2025-10-12T20:19:21","modified_gmt":"2025-10-12T18:19:21","slug":"heilige-maria-und-ich","status":"publish","type":"page","link":"https:\/\/www.michelleschmollgruber.com\/michelleschmollgruber\/heilige-maria-und-ich\/","title":{"rendered":"Heilige Maria und ich &#8230;"},"content":{"rendered":"\n<figure class=\"wp-block-image size-full wp-duotone-unset-1\"><img loading=\"lazy\" decoding=\"async\" width=\"1880\" height=\"1080\" src=\"https:\/\/www.michelleschmollgruber.com\/michelleschmollgruber\/wp-content\/uploads\/2024\/12\/web_hl.maria_banner.jpg\" alt=\"\" class=\"wp-image-1493\" srcset=\"https:\/\/www.michelleschmollgruber.com\/michelleschmollgruber\/wp-content\/uploads\/2024\/12\/web_hl.maria_banner.jpg 1880w, https:\/\/www.michelleschmollgruber.com\/michelleschmollgruber\/wp-content\/uploads\/2024\/12\/web_hl.maria_banner-300x172.jpg 300w, https:\/\/www.michelleschmollgruber.com\/michelleschmollgruber\/wp-content\/uploads\/2024\/12\/web_hl.maria_banner-1300x747.jpg 1300w, https:\/\/www.michelleschmollgruber.com\/michelleschmollgruber\/wp-content\/uploads\/2024\/12\/web_hl.maria_banner-768x441.jpg 768w, https:\/\/www.michelleschmollgruber.com\/michelleschmollgruber\/wp-content\/uploads\/2024\/12\/web_hl.maria_banner-1536x882.jpg 1536w\" sizes=\"auto, (max-width: 1880px) 100vw, 1880px\" \/><\/figure>\n\n\n\n<p>Michelle Schmollgruber hat einiges gemeinsam mit vielen. Manche davon sind mehr oder weniger bekannt, ber\u00fchmt, ber\u00fcchtigt. Immerhin wurden ihre Biografien, ob nun abgeschlossen oder nicht, als ausreichend bedeutsam f\u00fcr einen eigenen Wikipedia-Eintrag angesehen. Diese Biografien, von unerw\u00e4hnt bleibenden Personen in einem kollaborativen Schreibprozess verfasst, macht sich Michelle zu eigen, um die ihre St\u00fcck f\u00fcr St\u00fcck zu erz\u00e4hlen.\u00a0<br><br>Michelle schreibt nicht \u00fcber ihr Leben, sie w\u00e4hlt aus. W\u00e4hlt aus einem endlos scheinenden Korpus von Texten und setzt aus diesen Versatzst\u00fccken ihr eigenes Leben schriftlich zusammen. Damit gibt die Verfasserin die v\u00f6llige Kontrolle \u00fcber ihre eigene (Auto-)Biografie auf, sie wurde von anderen f\u00fcr andere vorgeschrieben. Kein Text ohne andere Texte; keine Biografie ohne andere Biografien. \u201eJeder Text baut sich als Mosaik von Zitaten auf, jeder Text ist Absorption und Transformation eines anderen Textes\u201c, schreibt die Literaturtheoretikerin, Psychoanalytikerin, Schriftstellerin und Philosophin Julia Kristeva im Geburtsjahr von Michelle Schmollgruber. Zufall? <br>\u00a0<br>Aus den Texten greift Michelle Schmollgruber nur die Gemeinsamkeiten heraus: geboren 1967; K\u00fcnstlerin; zwei Kinder; introvertierte, scheue und undurchsichtige Pers\u00f6nlichkeit. Die als Basis verwendeten Texte entsprechen der Zusammensetzung einer \u201etypischen\u201c Lebensgeschichte: Auf die Beschreibung von Kindheit und Elternhaus folgen Ausf\u00fchrungen \u00fcber Ausbildung, erste Erfolge, Familiengr\u00fcndung und so weiter. Der Punkt \u201eWerk\/Wirken\u201c soll anschlie\u00dfend \u201edie Leistungen der Person\u201c (siehe Wikipedia: \u201eFormatvorlage Biografie\u201c). Manche Lebens- und Leistungs-\u00dcberschneidungen liegen auf der Hand. Doch was hat Michelle Schmollgruber mit einem gewissen Donald Trump gemeinsam? Die Schnittmenge ihrer Leben ist gr\u00f6\u00dfer als man annehmen mag: gleichnamige Gro\u00dfeltern, Vater als Unternehmer t\u00e4tig, akademisch und politisch unauff\u00e4llig. Michelles Vorgehensweise zeugt dabei von einer Offenheit und Neugier f\u00fcr die Menschen hinter jenen \u201eLeistungen\u201c, die Aufsehen erregt und sie zu bedeutsamen Personen gemacht haben.<br>\u00a0<br>Ein Fall von Ghostwriting? Biografieschreibung als systematisches Plagiat? Das Projekt beruht einerseits auf der Aneignung sowohl von Texten als auch von der Ber\u00fchmtheit anderer. Andererseits werden individuelle Elemente der Lebensgeschichte als in gewisser Hinsicht geteilte Erfahrungen wahrgenommen. Durch den Akt des Ausw\u00e4hlens gibt Michelle auch \u00fcber sich preis, ihre Existenz, ihr Privatleben, ihre Arbeit werden offen gelegt. Je nach Auswahl der Pers\u00f6nlichkeiten kommen eher die einen oder die anderen Aspekte von Michelles Leben zum Vorschein. Diese Form der pers\u00f6nlichen Selbstbetrachtung aus der Retrospektive verwehrt sich der Einordnung, ist weder Biografie noch Autobiografie, sondern etwas dazwischen &#8211; schlie\u00dflich gestaltet sich das Verh\u00e4ltnis von Autor<em>in und Protagonist<\/em>in nicht auf die f\u00fcr diese literarischen Formen \u00fcbliche Weise.\u00a0<br><br>Das Textmosaik wird begleitet von Fotografien. Michelle legt die Fotografien der Ber\u00fchmtheiten und ihre eigenen Selbstportr\u00e4ts \u00fcbereinander und l\u00e4sst sie verschmelzen: Hinter Barbra Streisands in Locken gelegten Haaren blickt Michelle hervor, Donna Summer ganz nah.\u00a0No More Tears. Enough is Enough. So der Titel des 1979 von den beiden S\u00e4ngerinnen im Duett gesungenen Liedes. Auf dem n\u00e4chsten Bild tr\u00e4gt Michelle die Gesichtsz\u00fcge von Donald Trump &#8211; oder ist es umgekehrt? Unverkennbar ist Michelle auch Andy Warhol, in schwarz-wei\u00df, mit silber-wei\u00dfem Haar. Die sorgf\u00e4ltig ausgew\u00e4hlten Portr\u00e4tfotos entstanden nicht explizit f\u00fcr das transmediale Projekt, sondern wurden \u00fcber viele Jahre erstellt. In einer Blechdose ruhend warten tausend Gesichter Michelles, in verschiedenen Posen, mit wechselnden Haarschnitten, Frisuren, Gesichtsausdr\u00fccken. In der Regel existiert eine solche Anzahl von Portr\u00e4ts nur von ber\u00fchmten Personen mit Wikipedia-Eintrag. Eine weitere Gemeinsamkeit?<br><br>Der Umweg \u00fcber andere Biografien, den Michelle gew\u00e4hlt hat, wirft neue Fragen \u00fcber das eigene Leben auf, verleitet dazu, \u00fcber Unterschiede und Gemeinsamkeiten zu reflektieren und f\u00fchrt uns unerwartete Verbindungen vor Augen. Im Raum, den Michelle Schmollgrubers transmediale (Auto-)Biografie aufspannt, treffen Menschen aufeinander, die sich nie pers\u00f6nlich begegnet sind und deren Leben doch miteinander resonieren. Wo sie diese Arbeit hinf\u00fchren wird, ist noch ungewiss, doch eines ist sicher &#8211; der Weg f\u00fchrt gleichzeitig zu ihr und zu den anderen.<\/p>\n\n\n\n<p><\/p>\n","protected":false},"excerpt":{"rendered":"<p>Michelle Schmollgruber hat einiges gemeinsam mit vielen. Manche davon sind mehr oder weniger bekannt, ber\u00fchmt, ber\u00fcchtigt. Immerhin wurden ihre Biografien, ob nun abgeschlossen oder nicht, als ausreichend bedeutsam f\u00fcr einen eigenen Wikipedia-Eintrag angesehen. Diese Biografien, von unerw\u00e4hnt bleibenden Personen in einem kollaborativen Schreibprozess verfasst, macht sich Michelle zu eigen, um die ihre St\u00fcck f\u00fcr St\u00fcck [&hellip;]<\/p>\n","protected":false},"author":1,"featured_media":0,"parent":0,"menu_order":0,"comment_status":"closed","ping_status":"closed","template":"","meta":{"footnotes":""},"class_list":["post-1499","page","type-page","status-publish","hentry","wpbf-post"],"yoast_head":"<!-- This site is optimized with the Yoast SEO plugin v26.0 - https:\/\/yoast.com\/wordpress\/plugins\/seo\/ -->\n<title>Heilige Maria und ich ... - michelle schmollgruber<\/title>\n<meta name=\"description\" content=\"Ich und die Anderen ... Gemeinsamkeiten, Biografiearbeit\" \/>\n<meta name=\"robots\" content=\"index, follow, max-snippet:-1, max-image-preview:large, max-video-preview:-1\" \/>\n<link rel=\"canonical\" href=\"https:\/\/www.michelleschmollgruber.com\/michelleschmollgruber\/heilige-maria-und-ich\/\" \/>\n<meta property=\"og:locale\" content=\"de_DE\" \/>\n<meta property=\"og:type\" content=\"article\" \/>\n<meta property=\"og:title\" content=\"Heilige Maria und ich ... - michelle schmollgruber\" \/>\n<meta property=\"og:description\" content=\"Ich und die Anderen ... Gemeinsamkeiten, Biografiearbeit\" \/>\n<meta property=\"og:url\" content=\"https:\/\/www.michelleschmollgruber.com\/michelleschmollgruber\/heilige-maria-und-ich\/\" \/>\n<meta property=\"og:site_name\" content=\"michelle schmollgruber\" \/>\n<meta property=\"article:publisher\" content=\"https:\/\/www.facebook.com\/michelle.schmollgruber.92\/\" \/>\n<meta property=\"article:modified_time\" content=\"2025-10-12T18:19:21+00:00\" \/>\n<meta property=\"og:image\" content=\"https:\/\/www.michelleschmollgruber.com\/michelleschmollgruber\/wp-content\/uploads\/2024\/12\/web_hl.maria_banner.jpg\" \/>\n\t<meta property=\"og:image:width\" content=\"1880\" \/>\n\t<meta property=\"og:image:height\" content=\"1080\" \/>\n\t<meta property=\"og:image:type\" content=\"image\/jpeg\" \/>\n<meta name=\"twitter:card\" content=\"summary_large_image\" \/>\n<meta name=\"twitter:label1\" content=\"Gesch\u00e4tzte Lesezeit\" \/>\n\t<meta name=\"twitter:data1\" content=\"4\u00a0Minuten\" \/>\n<script type=\"application\/ld+json\" class=\"yoast-schema-graph\">{\"@context\":\"https:\/\/schema.org\",\"@graph\":[{\"@type\":\"WebPage\",\"@id\":\"https:\/\/www.michelleschmollgruber.com\/michelleschmollgruber\/heilige-maria-und-ich\/\",\"url\":\"https:\/\/www.michelleschmollgruber.com\/michelleschmollgruber\/heilige-maria-und-ich\/\",\"name\":\"Heilige Maria und ich ... - michelle schmollgruber\",\"isPartOf\":{\"@id\":\"https:\/\/www.michelleschmollgruber.com\/michelleschmollgruber\/#website\"},\"primaryImageOfPage\":{\"@id\":\"https:\/\/www.michelleschmollgruber.com\/michelleschmollgruber\/heilige-maria-und-ich\/#primaryimage\"},\"image\":{\"@id\":\"https:\/\/www.michelleschmollgruber.com\/michelleschmollgruber\/heilige-maria-und-ich\/#primaryimage\"},\"thumbnailUrl\":\"https:\/\/www.michelleschmollgruber.com\/michelleschmollgruber\/wp-content\/uploads\/2024\/12\/web_hl.maria_banner.jpg\",\"datePublished\":\"2025-10-12T18:14:53+00:00\",\"dateModified\":\"2025-10-12T18:19:21+00:00\",\"description\":\"Ich und die Anderen ... Gemeinsamkeiten, Biografiearbeit\",\"breadcrumb\":{\"@id\":\"https:\/\/www.michelleschmollgruber.com\/michelleschmollgruber\/heilige-maria-und-ich\/#breadcrumb\"},\"inLanguage\":\"de\",\"potentialAction\":[{\"@type\":\"ReadAction\",\"target\":[\"https:\/\/www.michelleschmollgruber.com\/michelleschmollgruber\/heilige-maria-und-ich\/\"]}]},{\"@type\":\"ImageObject\",\"inLanguage\":\"de\",\"@id\":\"https:\/\/www.michelleschmollgruber.com\/michelleschmollgruber\/heilige-maria-und-ich\/#primaryimage\",\"url\":\"https:\/\/www.michelleschmollgruber.com\/michelleschmollgruber\/wp-content\/uploads\/2024\/12\/web_hl.maria_banner.jpg\",\"contentUrl\":\"https:\/\/www.michelleschmollgruber.com\/michelleschmollgruber\/wp-content\/uploads\/2024\/12\/web_hl.maria_banner.jpg\",\"width\":1880,\"height\":1080,\"caption\":\"Screenshot\"},{\"@type\":\"BreadcrumbList\",\"@id\":\"https:\/\/www.michelleschmollgruber.com\/michelleschmollgruber\/heilige-maria-und-ich\/#breadcrumb\",\"itemListElement\":[{\"@type\":\"ListItem\",\"position\":1,\"name\":\"Startseite\",\"item\":\"https:\/\/www.michelleschmollgruber.com\/michelleschmollgruber\/\"},{\"@type\":\"ListItem\",\"position\":2,\"name\":\"Heilige Maria und ich &#8230;\"}]},{\"@type\":\"WebSite\",\"@id\":\"https:\/\/www.michelleschmollgruber.com\/michelleschmollgruber\/#website\",\"url\":\"https:\/\/www.michelleschmollgruber.com\/michelleschmollgruber\/\",\"name\":\"michelle schmollgruber\",\"description\":\"Photographie\",\"publisher\":{\"@id\":\"https:\/\/www.michelleschmollgruber.com\/michelleschmollgruber\/#\/schema\/person\/1d0eff88f6c3b279c86e2099592597f5\"},\"potentialAction\":[{\"@type\":\"SearchAction\",\"target\":{\"@type\":\"EntryPoint\",\"urlTemplate\":\"https:\/\/www.michelleschmollgruber.com\/michelleschmollgruber\/?s={search_term_string}\"},\"query-input\":{\"@type\":\"PropertyValueSpecification\",\"valueRequired\":true,\"valueName\":\"search_term_string\"}}],\"inLanguage\":\"de\"},{\"@type\":[\"Person\",\"Organization\"],\"@id\":\"https:\/\/www.michelleschmollgruber.com\/michelleschmollgruber\/#\/schema\/person\/1d0eff88f6c3b279c86e2099592597f5\",\"name\":\"michelle schmollgruber\",\"logo\":{\"@id\":\"https:\/\/www.michelleschmollgruber.com\/michelleschmollgruber\/#\/schema\/person\/image\/\"},\"description\":\"Ich lebe und arbeite in Innsbruck. Setze mich seit fr\u00fchester Jugend mit Fotografie auseinander - gepr\u00e4gt von kritischer Auseinandersetzung mit privater und \u00f6ffentlicher Sph\u00e4re - Die Dekonstruktion von K\u00f6rpern oder anderen Strukturen dient der Erneuerung. Ich ver\u00e4ndere so Identit\u00e4t und Geschichte. ich zerlege - in Einzelteile, seziere - liebevoll, schlie\u00dfe aus dem Umfeld aus, nehme aus dem Zusammenhang - ich suche die Gemeinsamkeit - verbaue Teile zu neuen Durchl\u00e4ssigkeiten. Ich nehme und lasse zur\u00fcck, was mir unbrauchbar ist. Geboren 1967 in \u00d6sterreich.\",\"sameAs\":[\"http:\/\/www.michelleschmollgruber.com\",\"https:\/\/www.facebook.com\/michelle.schmollgruber.92\/\",\"https:\/\/www.instagram.com\/michelleschmollgruber\/\"]}]}<\/script>\n<!-- \/ Yoast SEO plugin. -->","yoast_head_json":{"title":"Heilige Maria und ich ... - michelle schmollgruber","description":"Ich und die Anderen ... Gemeinsamkeiten, Biografiearbeit","robots":{"index":"index","follow":"follow","max-snippet":"max-snippet:-1","max-image-preview":"max-image-preview:large","max-video-preview":"max-video-preview:-1"},"canonical":"https:\/\/www.michelleschmollgruber.com\/michelleschmollgruber\/heilige-maria-und-ich\/","og_locale":"de_DE","og_type":"article","og_title":"Heilige Maria und ich ... - michelle schmollgruber","og_description":"Ich und die Anderen ... Gemeinsamkeiten, Biografiearbeit","og_url":"https:\/\/www.michelleschmollgruber.com\/michelleschmollgruber\/heilige-maria-und-ich\/","og_site_name":"michelle schmollgruber","article_publisher":"https:\/\/www.facebook.com\/michelle.schmollgruber.92\/","article_modified_time":"2025-10-12T18:19:21+00:00","og_image":[{"width":1880,"height":1080,"url":"https:\/\/www.michelleschmollgruber.com\/michelleschmollgruber\/wp-content\/uploads\/2024\/12\/web_hl.maria_banner.jpg","type":"image\/jpeg"}],"twitter_card":"summary_large_image","twitter_misc":{"Gesch\u00e4tzte Lesezeit":"4\u00a0Minuten"},"schema":{"@context":"https:\/\/schema.org","@graph":[{"@type":"WebPage","@id":"https:\/\/www.michelleschmollgruber.com\/michelleschmollgruber\/heilige-maria-und-ich\/","url":"https:\/\/www.michelleschmollgruber.com\/michelleschmollgruber\/heilige-maria-und-ich\/","name":"Heilige Maria und ich ... - michelle schmollgruber","isPartOf":{"@id":"https:\/\/www.michelleschmollgruber.com\/michelleschmollgruber\/#website"},"primaryImageOfPage":{"@id":"https:\/\/www.michelleschmollgruber.com\/michelleschmollgruber\/heilige-maria-und-ich\/#primaryimage"},"image":{"@id":"https:\/\/www.michelleschmollgruber.com\/michelleschmollgruber\/heilige-maria-und-ich\/#primaryimage"},"thumbnailUrl":"https:\/\/www.michelleschmollgruber.com\/michelleschmollgruber\/wp-content\/uploads\/2024\/12\/web_hl.maria_banner.jpg","datePublished":"2025-10-12T18:14:53+00:00","dateModified":"2025-10-12T18:19:21+00:00","description":"Ich und die Anderen ... Gemeinsamkeiten, Biografiearbeit","breadcrumb":{"@id":"https:\/\/www.michelleschmollgruber.com\/michelleschmollgruber\/heilige-maria-und-ich\/#breadcrumb"},"inLanguage":"de","potentialAction":[{"@type":"ReadAction","target":["https:\/\/www.michelleschmollgruber.com\/michelleschmollgruber\/heilige-maria-und-ich\/"]}]},{"@type":"ImageObject","inLanguage":"de","@id":"https:\/\/www.michelleschmollgruber.com\/michelleschmollgruber\/heilige-maria-und-ich\/#primaryimage","url":"https:\/\/www.michelleschmollgruber.com\/michelleschmollgruber\/wp-content\/uploads\/2024\/12\/web_hl.maria_banner.jpg","contentUrl":"https:\/\/www.michelleschmollgruber.com\/michelleschmollgruber\/wp-content\/uploads\/2024\/12\/web_hl.maria_banner.jpg","width":1880,"height":1080,"caption":"Screenshot"},{"@type":"BreadcrumbList","@id":"https:\/\/www.michelleschmollgruber.com\/michelleschmollgruber\/heilige-maria-und-ich\/#breadcrumb","itemListElement":[{"@type":"ListItem","position":1,"name":"Startseite","item":"https:\/\/www.michelleschmollgruber.com\/michelleschmollgruber\/"},{"@type":"ListItem","position":2,"name":"Heilige Maria und ich &#8230;"}]},{"@type":"WebSite","@id":"https:\/\/www.michelleschmollgruber.com\/michelleschmollgruber\/#website","url":"https:\/\/www.michelleschmollgruber.com\/michelleschmollgruber\/","name":"michelle schmollgruber","description":"Photographie","publisher":{"@id":"https:\/\/www.michelleschmollgruber.com\/michelleschmollgruber\/#\/schema\/person\/1d0eff88f6c3b279c86e2099592597f5"},"potentialAction":[{"@type":"SearchAction","target":{"@type":"EntryPoint","urlTemplate":"https:\/\/www.michelleschmollgruber.com\/michelleschmollgruber\/?s={search_term_string}"},"query-input":{"@type":"PropertyValueSpecification","valueRequired":true,"valueName":"search_term_string"}}],"inLanguage":"de"},{"@type":["Person","Organization"],"@id":"https:\/\/www.michelleschmollgruber.com\/michelleschmollgruber\/#\/schema\/person\/1d0eff88f6c3b279c86e2099592597f5","name":"michelle schmollgruber","logo":{"@id":"https:\/\/www.michelleschmollgruber.com\/michelleschmollgruber\/#\/schema\/person\/image\/"},"description":"Ich lebe und arbeite in Innsbruck. Setze mich seit fr\u00fchester Jugend mit Fotografie auseinander - gepr\u00e4gt von kritischer Auseinandersetzung mit privater und \u00f6ffentlicher Sph\u00e4re - Die Dekonstruktion von K\u00f6rpern oder anderen Strukturen dient der Erneuerung. Ich ver\u00e4ndere so Identit\u00e4t und Geschichte. ich zerlege - in Einzelteile, seziere - liebevoll, schlie\u00dfe aus dem Umfeld aus, nehme aus dem Zusammenhang - ich suche die Gemeinsamkeit - verbaue Teile zu neuen Durchl\u00e4ssigkeiten. Ich nehme und lasse zur\u00fcck, was mir unbrauchbar ist. Geboren 1967 in \u00d6sterreich.","sameAs":["http:\/\/www.michelleschmollgruber.com","https:\/\/www.facebook.com\/michelle.schmollgruber.92\/","https:\/\/www.instagram.com\/michelleschmollgruber\/"]}]}},"_links":{"self":[{"href":"https:\/\/www.michelleschmollgruber.com\/michelleschmollgruber\/wp-json\/wp\/v2\/pages\/1499","targetHints":{"allow":["GET"]}}],"collection":[{"href":"https:\/\/www.michelleschmollgruber.com\/michelleschmollgruber\/wp-json\/wp\/v2\/pages"}],"about":[{"href":"https:\/\/www.michelleschmollgruber.com\/michelleschmollgruber\/wp-json\/wp\/v2\/types\/page"}],"author":[{"embeddable":true,"href":"https:\/\/www.michelleschmollgruber.com\/michelleschmollgruber\/wp-json\/wp\/v2\/users\/1"}],"replies":[{"embeddable":true,"href":"https:\/\/www.michelleschmollgruber.com\/michelleschmollgruber\/wp-json\/wp\/v2\/comments?post=1499"}],"version-history":[{"count":3,"href":"https:\/\/www.michelleschmollgruber.com\/michelleschmollgruber\/wp-json\/wp\/v2\/pages\/1499\/revisions"}],"predecessor-version":[{"id":1831,"href":"https:\/\/www.michelleschmollgruber.com\/michelleschmollgruber\/wp-json\/wp\/v2\/pages\/1499\/revisions\/1831"}],"wp:attachment":[{"href":"https:\/\/www.michelleschmollgruber.com\/michelleschmollgruber\/wp-json\/wp\/v2\/media?parent=1499"}],"curies":[{"name":"wp","href":"https:\/\/api.w.org\/{rel}","templated":true}]}}