{"id":1392,"date":"2024-04-24T16:07:58","date_gmt":"2024-04-24T14:07:58","guid":{"rendered":"https:\/\/www.michelleschmollgruber.com\/michelleschmollgruber\/?page_id=1392"},"modified":"2025-10-12T15:32:57","modified_gmt":"2025-10-12T13:32:57","slug":"in-der-tiefe-der-zeit-2","status":"publish","type":"page","link":"https:\/\/www.michelleschmollgruber.com\/michelleschmollgruber\/in-der-tiefe-der-zeit-2\/","title":{"rendered":"In der Tiefe der Zeit &#8230;"},"content":{"rendered":"\n<figure class=\"wp-block-gallery has-nested-images columns-default is-cropped wp-block-gallery-2 is-layout-flex wp-block-gallery-is-layout-flex\">\n<figure class=\"wp-block-image size-large wp-duotone-unset-1\"><img loading=\"lazy\" decoding=\"async\" width=\"683\" height=\"1024\" data-id=\"1651\" src=\"https:\/\/www.michelleschmollgruber.com\/michelleschmollgruber\/wp-content\/uploads\/2025\/09\/DSCF9550-683x1024.jpg\" alt=\"\" class=\"wp-image-1651\" srcset=\"https:\/\/www.michelleschmollgruber.com\/michelleschmollgruber\/wp-content\/uploads\/2025\/09\/DSCF9550-683x1024.jpg 683w, https:\/\/www.michelleschmollgruber.com\/michelleschmollgruber\/wp-content\/uploads\/2025\/09\/DSCF9550-200x300.jpg 200w, https:\/\/www.michelleschmollgruber.com\/michelleschmollgruber\/wp-content\/uploads\/2025\/09\/DSCF9550-768x1152.jpg 768w, https:\/\/www.michelleschmollgruber.com\/michelleschmollgruber\/wp-content\/uploads\/2025\/09\/DSCF9550-1024x1536.jpg 1024w, https:\/\/www.michelleschmollgruber.com\/michelleschmollgruber\/wp-content\/uploads\/2025\/09\/DSCF9550-1365x2048.jpg 1365w, https:\/\/www.michelleschmollgruber.com\/michelleschmollgruber\/wp-content\/uploads\/2025\/09\/DSCF9550-scaled.jpg 1707w\" sizes=\"auto, (max-width: 683px) 100vw, 683px\" \/><\/figure>\n\n\n\n<figure class=\"wp-block-image size-large\"><img loading=\"lazy\" decoding=\"async\" width=\"683\" height=\"1024\" data-id=\"1650\" src=\"https:\/\/www.michelleschmollgruber.com\/michelleschmollgruber\/wp-content\/uploads\/2025\/09\/DSCF9544-683x1024.jpg\" alt=\"\" class=\"wp-image-1650\" srcset=\"https:\/\/www.michelleschmollgruber.com\/michelleschmollgruber\/wp-content\/uploads\/2025\/09\/DSCF9544-683x1024.jpg 683w, https:\/\/www.michelleschmollgruber.com\/michelleschmollgruber\/wp-content\/uploads\/2025\/09\/DSCF9544-200x300.jpg 200w, https:\/\/www.michelleschmollgruber.com\/michelleschmollgruber\/wp-content\/uploads\/2025\/09\/DSCF9544-768x1152.jpg 768w, https:\/\/www.michelleschmollgruber.com\/michelleschmollgruber\/wp-content\/uploads\/2025\/09\/DSCF9544-1024x1536.jpg 1024w, https:\/\/www.michelleschmollgruber.com\/michelleschmollgruber\/wp-content\/uploads\/2025\/09\/DSCF9544-1365x2048.jpg 1365w, https:\/\/www.michelleschmollgruber.com\/michelleschmollgruber\/wp-content\/uploads\/2025\/09\/DSCF9544-scaled.jpg 1707w\" sizes=\"auto, (max-width: 683px) 100vw, 683px\" \/><\/figure>\n\n\n\n<figure class=\"wp-block-image size-large\"><img loading=\"lazy\" decoding=\"async\" width=\"683\" height=\"1024\" data-id=\"1731\" src=\"https:\/\/www.michelleschmollgruber.com\/michelleschmollgruber\/wp-content\/uploads\/2025\/09\/in-der-tiefe-der-zeit-schwarz-683x1024.png\" alt=\"\" class=\"wp-image-1731\" srcset=\"https:\/\/www.michelleschmollgruber.com\/michelleschmollgruber\/wp-content\/uploads\/2025\/09\/in-der-tiefe-der-zeit-schwarz-683x1024.png 683w, https:\/\/www.michelleschmollgruber.com\/michelleschmollgruber\/wp-content\/uploads\/2025\/09\/in-der-tiefe-der-zeit-schwarz-200x300.png 200w, https:\/\/www.michelleschmollgruber.com\/michelleschmollgruber\/wp-content\/uploads\/2025\/09\/in-der-tiefe-der-zeit-schwarz-768x1152.png 768w, https:\/\/www.michelleschmollgruber.com\/michelleschmollgruber\/wp-content\/uploads\/2025\/09\/in-der-tiefe-der-zeit-schwarz.png 800w\" sizes=\"auto, (max-width: 683px) 100vw, 683px\" \/><\/figure>\n\n\n\n<figure class=\"wp-block-image size-large\"><img loading=\"lazy\" decoding=\"async\" width=\"1300\" height=\"866\" data-id=\"1513\" src=\"https:\/\/www.michelleschmollgruber.com\/michelleschmollgruber\/wp-content\/uploads\/2025\/06\/In-der-Tiefe-der-Zeit_gelb-1300x866.jpg\" alt=\"\" class=\"wp-image-1513\" srcset=\"https:\/\/www.michelleschmollgruber.com\/michelleschmollgruber\/wp-content\/uploads\/2025\/06\/In-der-Tiefe-der-Zeit_gelb-1300x866.jpg 1300w, https:\/\/www.michelleschmollgruber.com\/michelleschmollgruber\/wp-content\/uploads\/2025\/06\/In-der-Tiefe-der-Zeit_gelb-300x200.jpg 300w, https:\/\/www.michelleschmollgruber.com\/michelleschmollgruber\/wp-content\/uploads\/2025\/06\/In-der-Tiefe-der-Zeit_gelb-768x512.jpg 768w, https:\/\/www.michelleschmollgruber.com\/michelleschmollgruber\/wp-content\/uploads\/2025\/06\/In-der-Tiefe-der-Zeit_gelb-1536x1024.jpg 1536w, https:\/\/www.michelleschmollgruber.com\/michelleschmollgruber\/wp-content\/uploads\/2025\/06\/In-der-Tiefe-der-Zeit_gelb.jpg 2000w\" sizes=\"auto, (max-width: 1300px) 100vw, 1300px\" \/><\/figure>\n\n\n\n<figure class=\"wp-block-image size-large\"><img loading=\"lazy\" decoding=\"async\" width=\"1300\" height=\"597\" data-id=\"1535\" src=\"https:\/\/www.michelleschmollgruber.com\/michelleschmollgruber\/wp-content\/uploads\/2025\/06\/IndertiefederzeitGelb-1300x597.jpg\" alt=\"\" class=\"wp-image-1535\" srcset=\"https:\/\/www.michelleschmollgruber.com\/michelleschmollgruber\/wp-content\/uploads\/2025\/06\/IndertiefederzeitGelb-1300x597.jpg 1300w, https:\/\/www.michelleschmollgruber.com\/michelleschmollgruber\/wp-content\/uploads\/2025\/06\/IndertiefederzeitGelb-300x138.jpg 300w, https:\/\/www.michelleschmollgruber.com\/michelleschmollgruber\/wp-content\/uploads\/2025\/06\/IndertiefederzeitGelb-768x353.jpg 768w, https:\/\/www.michelleschmollgruber.com\/michelleschmollgruber\/wp-content\/uploads\/2025\/06\/IndertiefederzeitGelb-1536x705.jpg 1536w, https:\/\/www.michelleschmollgruber.com\/michelleschmollgruber\/wp-content\/uploads\/2025\/06\/IndertiefederzeitGelb-2048x940.jpg 2048w\" sizes=\"auto, (max-width: 1300px) 100vw, 1300px\" \/><\/figure>\n<\/figure>\n\n\n\n<p>Michelle Schmollgruber schafft aus Wolle, Zwirn oder auch Haar gekn\u00fcpfte textile Bilder\/Objekte, die sich mit Institutionskritik, dem Platz von K\u00fcnstler*innen im Kunstkanon, aber auch mit der Frage der Zeit auseinandersetzen. Die Serie von abstrakten Textilbildern tr\u00e4gt den Titel &#8222;In der Tiefe der Zeit liegen die Antworten auf die Fragen, die in der Tiefe liegen&#8220; (2021-2024), was f\u00fcr die Lekt\u00fcre des Werks eine performative Funktion hat. \u2026<\/p>\n\n\n\n<p>Der Titel der Arbeit fungiert als Gedicht, das einen zeitgen\u00f6ssischen Kommentar zu Arbeit und Zeit liefert. In einer neoliberalen \u00c4ra, in der sich alles beschleunigt, um die Produktivit\u00e4t zu optimieren, ist die R\u00fcckkehr zu traditionellen, sehr langsamen Produktionsmethoden f\u00fcr Schmollgruber eine Form des Kampfes um die Wiederaneignung der Zeit.<\/p>\n\n\n\n<p><\/p>\n","protected":false},"excerpt":{"rendered":"<p>Michelle Schmollgruber schafft aus Wolle, Zwirn oder auch Haar gekn\u00fcpfte textile Bilder\/Objekte, die sich mit Institutionskritik, dem Platz von K\u00fcnstler*innen im Kunstkanon, aber auch mit der Frage der Zeit auseinandersetzen. Die Serie von abstrakten Textilbildern tr\u00e4gt den Titel &#8222;In der Tiefe der Zeit liegen die Antworten auf die Fragen, die in der Tiefe liegen&#8220; (2021-2024), [&hellip;]<\/p>\n","protected":false},"author":1,"featured_media":0,"parent":0,"menu_order":0,"comment_status":"closed","ping_status":"closed","template":"","meta":{"footnotes":""},"class_list":["post-1392","page","type-page","status-publish","hentry","wpbf-post"],"yoast_head":"<!-- This site is optimized with the Yoast SEO plugin v26.0 - https:\/\/yoast.com\/wordpress\/plugins\/seo\/ -->\n<title>In der Tiefe der Zeit ... - michelle schmollgruber<\/title>\n<meta name=\"description\" content=\"Ich und die Anderen ... Gemeinsamkeiten, Biografiearbeit\" \/>\n<meta name=\"robots\" content=\"index, follow, max-snippet:-1, max-image-preview:large, max-video-preview:-1\" \/>\n<link rel=\"canonical\" href=\"https:\/\/www.michelleschmollgruber.com\/michelleschmollgruber\/in-der-tiefe-der-zeit-2\/\" \/>\n<meta property=\"og:locale\" content=\"de_DE\" \/>\n<meta property=\"og:type\" content=\"article\" \/>\n<meta property=\"og:title\" content=\"In der Tiefe der Zeit ... - michelle schmollgruber\" \/>\n<meta property=\"og:description\" content=\"Ich und die Anderen ... Gemeinsamkeiten, Biografiearbeit\" \/>\n<meta property=\"og:url\" content=\"https:\/\/www.michelleschmollgruber.com\/michelleschmollgruber\/in-der-tiefe-der-zeit-2\/\" \/>\n<meta property=\"og:site_name\" content=\"michelle schmollgruber\" \/>\n<meta property=\"article:publisher\" content=\"https:\/\/www.facebook.com\/michelle.schmollgruber.92\/\" \/>\n<meta property=\"article:modified_time\" content=\"2025-10-12T13:32:57+00:00\" \/>\n<meta property=\"og:image\" content=\"https:\/\/www.michelleschmollgruber.com\/michelleschmollgruber\/wp-content\/uploads\/2025\/09\/DSCF9550-scaled.jpg\" \/>\n\t<meta property=\"og:image:width\" content=\"1707\" \/>\n\t<meta property=\"og:image:height\" content=\"2560\" \/>\n\t<meta property=\"og:image:type\" content=\"image\/jpeg\" \/>\n<meta name=\"twitter:card\" content=\"summary_large_image\" \/>\n<meta name=\"twitter:label1\" content=\"Gesch\u00e4tzte Lesezeit\" \/>\n\t<meta name=\"twitter:data1\" content=\"2\u00a0Minuten\" \/>\n<script type=\"application\/ld+json\" class=\"yoast-schema-graph\">{\"@context\":\"https:\/\/schema.org\",\"@graph\":[{\"@type\":\"WebPage\",\"@id\":\"https:\/\/www.michelleschmollgruber.com\/michelleschmollgruber\/in-der-tiefe-der-zeit-2\/\",\"url\":\"https:\/\/www.michelleschmollgruber.com\/michelleschmollgruber\/in-der-tiefe-der-zeit-2\/\",\"name\":\"In der Tiefe der Zeit ... - michelle schmollgruber\",\"isPartOf\":{\"@id\":\"https:\/\/www.michelleschmollgruber.com\/michelleschmollgruber\/#website\"},\"primaryImageOfPage\":{\"@id\":\"https:\/\/www.michelleschmollgruber.com\/michelleschmollgruber\/in-der-tiefe-der-zeit-2\/#primaryimage\"},\"image\":{\"@id\":\"https:\/\/www.michelleschmollgruber.com\/michelleschmollgruber\/in-der-tiefe-der-zeit-2\/#primaryimage\"},\"thumbnailUrl\":\"https:\/\/www.michelleschmollgruber.com\/michelleschmollgruber\/wp-content\/uploads\/2025\/09\/DSCF9550-683x1024.jpg\",\"datePublished\":\"2024-04-24T14:07:58+00:00\",\"dateModified\":\"2025-10-12T13:32:57+00:00\",\"description\":\"Ich und die Anderen ... Gemeinsamkeiten, Biografiearbeit\",\"breadcrumb\":{\"@id\":\"https:\/\/www.michelleschmollgruber.com\/michelleschmollgruber\/in-der-tiefe-der-zeit-2\/#breadcrumb\"},\"inLanguage\":\"de\",\"potentialAction\":[{\"@type\":\"ReadAction\",\"target\":[\"https:\/\/www.michelleschmollgruber.com\/michelleschmollgruber\/in-der-tiefe-der-zeit-2\/\"]}]},{\"@type\":\"ImageObject\",\"inLanguage\":\"de\",\"@id\":\"https:\/\/www.michelleschmollgruber.com\/michelleschmollgruber\/in-der-tiefe-der-zeit-2\/#primaryimage\",\"url\":\"https:\/\/www.michelleschmollgruber.com\/michelleschmollgruber\/wp-content\/uploads\/2025\/09\/DSCF9550-scaled.jpg\",\"contentUrl\":\"https:\/\/www.michelleschmollgruber.com\/michelleschmollgruber\/wp-content\/uploads\/2025\/09\/DSCF9550-scaled.jpg\",\"width\":1707,\"height\":2560},{\"@type\":\"BreadcrumbList\",\"@id\":\"https:\/\/www.michelleschmollgruber.com\/michelleschmollgruber\/in-der-tiefe-der-zeit-2\/#breadcrumb\",\"itemListElement\":[{\"@type\":\"ListItem\",\"position\":1,\"name\":\"Startseite\",\"item\":\"https:\/\/www.michelleschmollgruber.com\/michelleschmollgruber\/\"},{\"@type\":\"ListItem\",\"position\":2,\"name\":\"In der Tiefe der Zeit &#8230;\"}]},{\"@type\":\"WebSite\",\"@id\":\"https:\/\/www.michelleschmollgruber.com\/michelleschmollgruber\/#website\",\"url\":\"https:\/\/www.michelleschmollgruber.com\/michelleschmollgruber\/\",\"name\":\"michelle schmollgruber\",\"description\":\"Photographie\",\"publisher\":{\"@id\":\"https:\/\/www.michelleschmollgruber.com\/michelleschmollgruber\/#\/schema\/person\/1d0eff88f6c3b279c86e2099592597f5\"},\"potentialAction\":[{\"@type\":\"SearchAction\",\"target\":{\"@type\":\"EntryPoint\",\"urlTemplate\":\"https:\/\/www.michelleschmollgruber.com\/michelleschmollgruber\/?s={search_term_string}\"},\"query-input\":{\"@type\":\"PropertyValueSpecification\",\"valueRequired\":true,\"valueName\":\"search_term_string\"}}],\"inLanguage\":\"de\"},{\"@type\":[\"Person\",\"Organization\"],\"@id\":\"https:\/\/www.michelleschmollgruber.com\/michelleschmollgruber\/#\/schema\/person\/1d0eff88f6c3b279c86e2099592597f5\",\"name\":\"michelle schmollgruber\",\"logo\":{\"@id\":\"https:\/\/www.michelleschmollgruber.com\/michelleschmollgruber\/#\/schema\/person\/image\/\"},\"description\":\"Ich lebe und arbeite in Innsbruck. Setze mich seit fr\u00fchester Jugend mit Fotografie auseinander - gepr\u00e4gt von kritischer Auseinandersetzung mit privater und \u00f6ffentlicher Sph\u00e4re - Die Dekonstruktion von K\u00f6rpern oder anderen Strukturen dient der Erneuerung. Ich ver\u00e4ndere so Identit\u00e4t und Geschichte. ich zerlege - in Einzelteile, seziere - liebevoll, schlie\u00dfe aus dem Umfeld aus, nehme aus dem Zusammenhang - ich suche die Gemeinsamkeit - verbaue Teile zu neuen Durchl\u00e4ssigkeiten. Ich nehme und lasse zur\u00fcck, was mir unbrauchbar ist. Geboren 1967 in \u00d6sterreich.\",\"sameAs\":[\"http:\/\/www.michelleschmollgruber.com\",\"https:\/\/www.facebook.com\/michelle.schmollgruber.92\/\",\"https:\/\/www.instagram.com\/michelleschmollgruber\/\"]}]}<\/script>\n<!-- \/ Yoast SEO plugin. -->","yoast_head_json":{"title":"In der Tiefe der Zeit ... - michelle schmollgruber","description":"Ich und die Anderen ... Gemeinsamkeiten, Biografiearbeit","robots":{"index":"index","follow":"follow","max-snippet":"max-snippet:-1","max-image-preview":"max-image-preview:large","max-video-preview":"max-video-preview:-1"},"canonical":"https:\/\/www.michelleschmollgruber.com\/michelleschmollgruber\/in-der-tiefe-der-zeit-2\/","og_locale":"de_DE","og_type":"article","og_title":"In der Tiefe der Zeit ... - michelle schmollgruber","og_description":"Ich und die Anderen ... Gemeinsamkeiten, Biografiearbeit","og_url":"https:\/\/www.michelleschmollgruber.com\/michelleschmollgruber\/in-der-tiefe-der-zeit-2\/","og_site_name":"michelle schmollgruber","article_publisher":"https:\/\/www.facebook.com\/michelle.schmollgruber.92\/","article_modified_time":"2025-10-12T13:32:57+00:00","og_image":[{"width":1707,"height":2560,"url":"https:\/\/www.michelleschmollgruber.com\/michelleschmollgruber\/wp-content\/uploads\/2025\/09\/DSCF9550-scaled.jpg","type":"image\/jpeg"}],"twitter_card":"summary_large_image","twitter_misc":{"Gesch\u00e4tzte Lesezeit":"2\u00a0Minuten"},"schema":{"@context":"https:\/\/schema.org","@graph":[{"@type":"WebPage","@id":"https:\/\/www.michelleschmollgruber.com\/michelleschmollgruber\/in-der-tiefe-der-zeit-2\/","url":"https:\/\/www.michelleschmollgruber.com\/michelleschmollgruber\/in-der-tiefe-der-zeit-2\/","name":"In der Tiefe der Zeit ... - michelle schmollgruber","isPartOf":{"@id":"https:\/\/www.michelleschmollgruber.com\/michelleschmollgruber\/#website"},"primaryImageOfPage":{"@id":"https:\/\/www.michelleschmollgruber.com\/michelleschmollgruber\/in-der-tiefe-der-zeit-2\/#primaryimage"},"image":{"@id":"https:\/\/www.michelleschmollgruber.com\/michelleschmollgruber\/in-der-tiefe-der-zeit-2\/#primaryimage"},"thumbnailUrl":"https:\/\/www.michelleschmollgruber.com\/michelleschmollgruber\/wp-content\/uploads\/2025\/09\/DSCF9550-683x1024.jpg","datePublished":"2024-04-24T14:07:58+00:00","dateModified":"2025-10-12T13:32:57+00:00","description":"Ich und die Anderen ... Gemeinsamkeiten, Biografiearbeit","breadcrumb":{"@id":"https:\/\/www.michelleschmollgruber.com\/michelleschmollgruber\/in-der-tiefe-der-zeit-2\/#breadcrumb"},"inLanguage":"de","potentialAction":[{"@type":"ReadAction","target":["https:\/\/www.michelleschmollgruber.com\/michelleschmollgruber\/in-der-tiefe-der-zeit-2\/"]}]},{"@type":"ImageObject","inLanguage":"de","@id":"https:\/\/www.michelleschmollgruber.com\/michelleschmollgruber\/in-der-tiefe-der-zeit-2\/#primaryimage","url":"https:\/\/www.michelleschmollgruber.com\/michelleschmollgruber\/wp-content\/uploads\/2025\/09\/DSCF9550-scaled.jpg","contentUrl":"https:\/\/www.michelleschmollgruber.com\/michelleschmollgruber\/wp-content\/uploads\/2025\/09\/DSCF9550-scaled.jpg","width":1707,"height":2560},{"@type":"BreadcrumbList","@id":"https:\/\/www.michelleschmollgruber.com\/michelleschmollgruber\/in-der-tiefe-der-zeit-2\/#breadcrumb","itemListElement":[{"@type":"ListItem","position":1,"name":"Startseite","item":"https:\/\/www.michelleschmollgruber.com\/michelleschmollgruber\/"},{"@type":"ListItem","position":2,"name":"In der Tiefe der Zeit &#8230;"}]},{"@type":"WebSite","@id":"https:\/\/www.michelleschmollgruber.com\/michelleschmollgruber\/#website","url":"https:\/\/www.michelleschmollgruber.com\/michelleschmollgruber\/","name":"michelle schmollgruber","description":"Photographie","publisher":{"@id":"https:\/\/www.michelleschmollgruber.com\/michelleschmollgruber\/#\/schema\/person\/1d0eff88f6c3b279c86e2099592597f5"},"potentialAction":[{"@type":"SearchAction","target":{"@type":"EntryPoint","urlTemplate":"https:\/\/www.michelleschmollgruber.com\/michelleschmollgruber\/?s={search_term_string}"},"query-input":{"@type":"PropertyValueSpecification","valueRequired":true,"valueName":"search_term_string"}}],"inLanguage":"de"},{"@type":["Person","Organization"],"@id":"https:\/\/www.michelleschmollgruber.com\/michelleschmollgruber\/#\/schema\/person\/1d0eff88f6c3b279c86e2099592597f5","name":"michelle schmollgruber","logo":{"@id":"https:\/\/www.michelleschmollgruber.com\/michelleschmollgruber\/#\/schema\/person\/image\/"},"description":"Ich lebe und arbeite in Innsbruck. Setze mich seit fr\u00fchester Jugend mit Fotografie auseinander - gepr\u00e4gt von kritischer Auseinandersetzung mit privater und \u00f6ffentlicher Sph\u00e4re - Die Dekonstruktion von K\u00f6rpern oder anderen Strukturen dient der Erneuerung. Ich ver\u00e4ndere so Identit\u00e4t und Geschichte. ich zerlege - in Einzelteile, seziere - liebevoll, schlie\u00dfe aus dem Umfeld aus, nehme aus dem Zusammenhang - ich suche die Gemeinsamkeit - verbaue Teile zu neuen Durchl\u00e4ssigkeiten. Ich nehme und lasse zur\u00fcck, was mir unbrauchbar ist. Geboren 1967 in \u00d6sterreich.","sameAs":["http:\/\/www.michelleschmollgruber.com","https:\/\/www.facebook.com\/michelle.schmollgruber.92\/","https:\/\/www.instagram.com\/michelleschmollgruber\/"]}]}},"_links":{"self":[{"href":"https:\/\/www.michelleschmollgruber.com\/michelleschmollgruber\/wp-json\/wp\/v2\/pages\/1392","targetHints":{"allow":["GET"]}}],"collection":[{"href":"https:\/\/www.michelleschmollgruber.com\/michelleschmollgruber\/wp-json\/wp\/v2\/pages"}],"about":[{"href":"https:\/\/www.michelleschmollgruber.com\/michelleschmollgruber\/wp-json\/wp\/v2\/types\/page"}],"author":[{"embeddable":true,"href":"https:\/\/www.michelleschmollgruber.com\/michelleschmollgruber\/wp-json\/wp\/v2\/users\/1"}],"replies":[{"embeddable":true,"href":"https:\/\/www.michelleschmollgruber.com\/michelleschmollgruber\/wp-json\/wp\/v2\/comments?post=1392"}],"version-history":[{"count":8,"href":"https:\/\/www.michelleschmollgruber.com\/michelleschmollgruber\/wp-json\/wp\/v2\/pages\/1392\/revisions"}],"predecessor-version":[{"id":1734,"href":"https:\/\/www.michelleschmollgruber.com\/michelleschmollgruber\/wp-json\/wp\/v2\/pages\/1392\/revisions\/1734"}],"wp:attachment":[{"href":"https:\/\/www.michelleschmollgruber.com\/michelleschmollgruber\/wp-json\/wp\/v2\/media?parent=1392"}],"curies":[{"name":"wp","href":"https:\/\/api.w.org\/{rel}","templated":true}]}}