{"id":1383,"date":"2024-03-23T21:09:51","date_gmt":"2024-03-23T20:09:51","guid":{"rendered":"https:\/\/www.michelleschmollgruber.com\/michelleschmollgruber\/?page_id=1383"},"modified":"2025-10-12T15:28:05","modified_gmt":"2025-10-12T13:28:05","slug":"in-der-tiefe-der-zeit","status":"publish","type":"page","link":"https:\/\/www.michelleschmollgruber.com\/michelleschmollgruber\/in-der-tiefe-der-zeit\/","title":{"rendered":"Kurze Filme &#8230;"},"content":{"rendered":"\n<figure class=\"wp-block-image size-full wp-duotone-unset-1\"><img decoding=\"async\" src=\"https:\/\/www.michelleschmollgruber.com\/michelleschmollgruber\/wp-content\/uploads\/2025\/09\/moreorlessbroken_web-1.mp4\" alt=\"\" class=\"wp-image-1648\"\/><\/figure>\n\n\n\n<p class=\"has-text-align-left\">moreorlessbroken &#8230; about mourning \u2026 \u00fcber das Trauern &#8230; <br>sound boris jordan (danke) &#8211; will the circle be unbroken \u00a9 michelleschmollgruber 2023<\/p>\n\n\n\n<p><\/p>\n\n\n\n<p><\/p>\n","protected":false},"excerpt":{"rendered":"<p>moreorlessbroken &#8230; about mourning \u2026 \u00fcber das Trauern &#8230; sound boris jordan (danke) &#8211; will the circle be unbroken \u00a9 michelleschmollgruber 2023<\/p>\n","protected":false},"author":1,"featured_media":0,"parent":0,"menu_order":0,"comment_status":"closed","ping_status":"closed","template":"","meta":{"footnotes":""},"class_list":["post-1383","page","type-page","status-publish","hentry","wpbf-post"],"yoast_head":"<!-- This site is optimized with the Yoast SEO plugin v26.0 - https:\/\/yoast.com\/wordpress\/plugins\/seo\/ -->\n<title>Kurze Filme ... - michelle schmollgruber<\/title>\n<meta name=\"description\" content=\"Ich und die Anderen ... Gemeinsamkeiten, Biografiearbeit\" \/>\n<meta name=\"robots\" content=\"index, follow, max-snippet:-1, max-image-preview:large, max-video-preview:-1\" \/>\n<link rel=\"canonical\" href=\"https:\/\/www.michelleschmollgruber.com\/michelleschmollgruber\/in-der-tiefe-der-zeit\/\" \/>\n<meta property=\"og:locale\" content=\"de_DE\" \/>\n<meta property=\"og:type\" content=\"article\" \/>\n<meta property=\"og:title\" content=\"Kurze Filme ... - michelle schmollgruber\" \/>\n<meta property=\"og:description\" content=\"Ich und die Anderen ... Gemeinsamkeiten, Biografiearbeit\" \/>\n<meta property=\"og:url\" content=\"https:\/\/www.michelleschmollgruber.com\/michelleschmollgruber\/in-der-tiefe-der-zeit\/\" \/>\n<meta property=\"og:site_name\" content=\"michelle schmollgruber\" \/>\n<meta property=\"article:publisher\" content=\"https:\/\/www.facebook.com\/michelle.schmollgruber.92\/\" \/>\n<meta property=\"article:modified_time\" content=\"2025-10-12T13:28:05+00:00\" \/>\n<meta name=\"twitter:card\" content=\"summary_large_image\" \/>\n<meta name=\"twitter:label1\" content=\"Gesch\u00e4tzte Lesezeit\" \/>\n\t<meta name=\"twitter:data1\" content=\"1\u00a0Minute\" \/>\n<script type=\"application\/ld+json\" class=\"yoast-schema-graph\">{\"@context\":\"https:\/\/schema.org\",\"@graph\":[{\"@type\":\"WebPage\",\"@id\":\"https:\/\/www.michelleschmollgruber.com\/michelleschmollgruber\/in-der-tiefe-der-zeit\/\",\"url\":\"https:\/\/www.michelleschmollgruber.com\/michelleschmollgruber\/in-der-tiefe-der-zeit\/\",\"name\":\"Kurze Filme ... - michelle schmollgruber\",\"isPartOf\":{\"@id\":\"https:\/\/www.michelleschmollgruber.com\/michelleschmollgruber\/#website\"},\"primaryImageOfPage\":{\"@id\":\"https:\/\/www.michelleschmollgruber.com\/michelleschmollgruber\/in-der-tiefe-der-zeit\/#primaryimage\"},\"image\":{\"@id\":\"https:\/\/www.michelleschmollgruber.com\/michelleschmollgruber\/in-der-tiefe-der-zeit\/#primaryimage\"},\"thumbnailUrl\":\"https:\/\/www.michelleschmollgruber.com\/michelleschmollgruber\/wp-content\/uploads\/2025\/09\/moreorlessbroken_web-1.mp4\",\"datePublished\":\"2024-03-23T20:09:51+00:00\",\"dateModified\":\"2025-10-12T13:28:05+00:00\",\"description\":\"Ich und die Anderen ... Gemeinsamkeiten, Biografiearbeit\",\"breadcrumb\":{\"@id\":\"https:\/\/www.michelleschmollgruber.com\/michelleschmollgruber\/in-der-tiefe-der-zeit\/#breadcrumb\"},\"inLanguage\":\"de\",\"potentialAction\":[{\"@type\":\"ReadAction\",\"target\":[\"https:\/\/www.michelleschmollgruber.com\/michelleschmollgruber\/in-der-tiefe-der-zeit\/\"]}]},{\"@type\":\"ImageObject\",\"inLanguage\":\"de\",\"@id\":\"https:\/\/www.michelleschmollgruber.com\/michelleschmollgruber\/in-der-tiefe-der-zeit\/#primaryimage\",\"url\":\"\",\"contentUrl\":\"\",\"width\":960,\"height\":540},{\"@type\":\"BreadcrumbList\",\"@id\":\"https:\/\/www.michelleschmollgruber.com\/michelleschmollgruber\/in-der-tiefe-der-zeit\/#breadcrumb\",\"itemListElement\":[{\"@type\":\"ListItem\",\"position\":1,\"name\":\"Startseite\",\"item\":\"https:\/\/www.michelleschmollgruber.com\/michelleschmollgruber\/\"},{\"@type\":\"ListItem\",\"position\":2,\"name\":\"Kurze Filme &#8230;\"}]},{\"@type\":\"WebSite\",\"@id\":\"https:\/\/www.michelleschmollgruber.com\/michelleschmollgruber\/#website\",\"url\":\"https:\/\/www.michelleschmollgruber.com\/michelleschmollgruber\/\",\"name\":\"michelle schmollgruber\",\"description\":\"Photographie\",\"publisher\":{\"@id\":\"https:\/\/www.michelleschmollgruber.com\/michelleschmollgruber\/#\/schema\/person\/1d0eff88f6c3b279c86e2099592597f5\"},\"potentialAction\":[{\"@type\":\"SearchAction\",\"target\":{\"@type\":\"EntryPoint\",\"urlTemplate\":\"https:\/\/www.michelleschmollgruber.com\/michelleschmollgruber\/?s={search_term_string}\"},\"query-input\":{\"@type\":\"PropertyValueSpecification\",\"valueRequired\":true,\"valueName\":\"search_term_string\"}}],\"inLanguage\":\"de\"},{\"@type\":[\"Person\",\"Organization\"],\"@id\":\"https:\/\/www.michelleschmollgruber.com\/michelleschmollgruber\/#\/schema\/person\/1d0eff88f6c3b279c86e2099592597f5\",\"name\":\"michelle schmollgruber\",\"logo\":{\"@id\":\"https:\/\/www.michelleschmollgruber.com\/michelleschmollgruber\/#\/schema\/person\/image\/\"},\"description\":\"Ich lebe und arbeite in Innsbruck. Setze mich seit fr\u00fchester Jugend mit Fotografie auseinander - gepr\u00e4gt von kritischer Auseinandersetzung mit privater und \u00f6ffentlicher Sph\u00e4re - Die Dekonstruktion von K\u00f6rpern oder anderen Strukturen dient der Erneuerung. Ich ver\u00e4ndere so Identit\u00e4t und Geschichte. ich zerlege - in Einzelteile, seziere - liebevoll, schlie\u00dfe aus dem Umfeld aus, nehme aus dem Zusammenhang - ich suche die Gemeinsamkeit - verbaue Teile zu neuen Durchl\u00e4ssigkeiten. Ich nehme und lasse zur\u00fcck, was mir unbrauchbar ist. Geboren 1967 in \u00d6sterreich.\",\"sameAs\":[\"http:\/\/www.michelleschmollgruber.com\",\"https:\/\/www.facebook.com\/michelle.schmollgruber.92\/\",\"https:\/\/www.instagram.com\/michelleschmollgruber\/\"]}]}<\/script>\n<!-- \/ Yoast SEO plugin. -->","yoast_head_json":{"title":"Kurze Filme ... - michelle schmollgruber","description":"Ich und die Anderen ... Gemeinsamkeiten, Biografiearbeit","robots":{"index":"index","follow":"follow","max-snippet":"max-snippet:-1","max-image-preview":"max-image-preview:large","max-video-preview":"max-video-preview:-1"},"canonical":"https:\/\/www.michelleschmollgruber.com\/michelleschmollgruber\/in-der-tiefe-der-zeit\/","og_locale":"de_DE","og_type":"article","og_title":"Kurze Filme ... - michelle schmollgruber","og_description":"Ich und die Anderen ... Gemeinsamkeiten, Biografiearbeit","og_url":"https:\/\/www.michelleschmollgruber.com\/michelleschmollgruber\/in-der-tiefe-der-zeit\/","og_site_name":"michelle schmollgruber","article_publisher":"https:\/\/www.facebook.com\/michelle.schmollgruber.92\/","article_modified_time":"2025-10-12T13:28:05+00:00","twitter_card":"summary_large_image","twitter_misc":{"Gesch\u00e4tzte Lesezeit":"1\u00a0Minute"},"schema":{"@context":"https:\/\/schema.org","@graph":[{"@type":"WebPage","@id":"https:\/\/www.michelleschmollgruber.com\/michelleschmollgruber\/in-der-tiefe-der-zeit\/","url":"https:\/\/www.michelleschmollgruber.com\/michelleschmollgruber\/in-der-tiefe-der-zeit\/","name":"Kurze Filme ... - michelle schmollgruber","isPartOf":{"@id":"https:\/\/www.michelleschmollgruber.com\/michelleschmollgruber\/#website"},"primaryImageOfPage":{"@id":"https:\/\/www.michelleschmollgruber.com\/michelleschmollgruber\/in-der-tiefe-der-zeit\/#primaryimage"},"image":{"@id":"https:\/\/www.michelleschmollgruber.com\/michelleschmollgruber\/in-der-tiefe-der-zeit\/#primaryimage"},"thumbnailUrl":"https:\/\/www.michelleschmollgruber.com\/michelleschmollgruber\/wp-content\/uploads\/2025\/09\/moreorlessbroken_web-1.mp4","datePublished":"2024-03-23T20:09:51+00:00","dateModified":"2025-10-12T13:28:05+00:00","description":"Ich und die Anderen ... Gemeinsamkeiten, Biografiearbeit","breadcrumb":{"@id":"https:\/\/www.michelleschmollgruber.com\/michelleschmollgruber\/in-der-tiefe-der-zeit\/#breadcrumb"},"inLanguage":"de","potentialAction":[{"@type":"ReadAction","target":["https:\/\/www.michelleschmollgruber.com\/michelleschmollgruber\/in-der-tiefe-der-zeit\/"]}]},{"@type":"ImageObject","inLanguage":"de","@id":"https:\/\/www.michelleschmollgruber.com\/michelleschmollgruber\/in-der-tiefe-der-zeit\/#primaryimage","url":"","contentUrl":"","width":960,"height":540},{"@type":"BreadcrumbList","@id":"https:\/\/www.michelleschmollgruber.com\/michelleschmollgruber\/in-der-tiefe-der-zeit\/#breadcrumb","itemListElement":[{"@type":"ListItem","position":1,"name":"Startseite","item":"https:\/\/www.michelleschmollgruber.com\/michelleschmollgruber\/"},{"@type":"ListItem","position":2,"name":"Kurze Filme &#8230;"}]},{"@type":"WebSite","@id":"https:\/\/www.michelleschmollgruber.com\/michelleschmollgruber\/#website","url":"https:\/\/www.michelleschmollgruber.com\/michelleschmollgruber\/","name":"michelle schmollgruber","description":"Photographie","publisher":{"@id":"https:\/\/www.michelleschmollgruber.com\/michelleschmollgruber\/#\/schema\/person\/1d0eff88f6c3b279c86e2099592597f5"},"potentialAction":[{"@type":"SearchAction","target":{"@type":"EntryPoint","urlTemplate":"https:\/\/www.michelleschmollgruber.com\/michelleschmollgruber\/?s={search_term_string}"},"query-input":{"@type":"PropertyValueSpecification","valueRequired":true,"valueName":"search_term_string"}}],"inLanguage":"de"},{"@type":["Person","Organization"],"@id":"https:\/\/www.michelleschmollgruber.com\/michelleschmollgruber\/#\/schema\/person\/1d0eff88f6c3b279c86e2099592597f5","name":"michelle schmollgruber","logo":{"@id":"https:\/\/www.michelleschmollgruber.com\/michelleschmollgruber\/#\/schema\/person\/image\/"},"description":"Ich lebe und arbeite in Innsbruck. Setze mich seit fr\u00fchester Jugend mit Fotografie auseinander - gepr\u00e4gt von kritischer Auseinandersetzung mit privater und \u00f6ffentlicher Sph\u00e4re - Die Dekonstruktion von K\u00f6rpern oder anderen Strukturen dient der Erneuerung. Ich ver\u00e4ndere so Identit\u00e4t und Geschichte. ich zerlege - in Einzelteile, seziere - liebevoll, schlie\u00dfe aus dem Umfeld aus, nehme aus dem Zusammenhang - ich suche die Gemeinsamkeit - verbaue Teile zu neuen Durchl\u00e4ssigkeiten. Ich nehme und lasse zur\u00fcck, was mir unbrauchbar ist. Geboren 1967 in \u00d6sterreich.","sameAs":["http:\/\/www.michelleschmollgruber.com","https:\/\/www.facebook.com\/michelle.schmollgruber.92\/","https:\/\/www.instagram.com\/michelleschmollgruber\/"]}]}},"_links":{"self":[{"href":"https:\/\/www.michelleschmollgruber.com\/michelleschmollgruber\/wp-json\/wp\/v2\/pages\/1383","targetHints":{"allow":["GET"]}}],"collection":[{"href":"https:\/\/www.michelleschmollgruber.com\/michelleschmollgruber\/wp-json\/wp\/v2\/pages"}],"about":[{"href":"https:\/\/www.michelleschmollgruber.com\/michelleschmollgruber\/wp-json\/wp\/v2\/types\/page"}],"author":[{"embeddable":true,"href":"https:\/\/www.michelleschmollgruber.com\/michelleschmollgruber\/wp-json\/wp\/v2\/users\/1"}],"replies":[{"embeddable":true,"href":"https:\/\/www.michelleschmollgruber.com\/michelleschmollgruber\/wp-json\/wp\/v2\/comments?post=1383"}],"version-history":[{"count":52,"href":"https:\/\/www.michelleschmollgruber.com\/michelleschmollgruber\/wp-json\/wp\/v2\/pages\/1383\/revisions"}],"predecessor-version":[{"id":1741,"href":"https:\/\/www.michelleschmollgruber.com\/michelleschmollgruber\/wp-json\/wp\/v2\/pages\/1383\/revisions\/1741"}],"wp:attachment":[{"href":"https:\/\/www.michelleschmollgruber.com\/michelleschmollgruber\/wp-json\/wp\/v2\/media?parent=1383"}],"curies":[{"name":"wp","href":"https:\/\/api.w.org\/{rel}","templated":true}]}}